{"id":13,"date":"2016-03-16T09:11:28","date_gmt":"2016-03-16T08:11:28","guid":{"rendered":"http:\/\/www.rtours.rs\/sr\/?page_id=13"},"modified":"2022-08-08T15:14:15","modified_gmt":"2022-08-08T13:14:15","slug":"avio-karte","status":"publish","type":"page","link":"https:\/\/www.rtours.rs\/sr\/avio-karte\/","title":{"rendered":"Avio karte"},"content":{"rendered":"<h1><span style=\"color: #333399;\">Avio karte<\/span><\/h1>\n<p>Va\u017ean deo na\u0161eg poslovanja predstavlja i prodaja avio karata. U mogu\u0107nosti smo da Vam izvr\u0161imo rezervaciju i ponudimo najjeftinije avio karte do brojnih gradova u zemlji i \u0161irom sveta, na svim doma\u0107im i svetskim avio kompanijama. Vrhunska i profesionalna usluga u ovom segmentu poslovanja iskazuje se kroz brzu i efikasnu nabavku avionskih karata za sve svetske destinacije uz najni\u017ee cene i mogu\u0107nost pla\u0107anja po najpovoljnijim uslovima.<br \/>\nNa\u0161a agencija ima i specijalnu mogu\u0107nost prodaje avio karata za sve unutra\u0161nje letove u okviru Ruske Federacije.<\/p>\n<p><img loading=\"lazy\" decoding=\"async\" class=\"alignnone wp-image-3556 size-full\" src=\"https:\/\/www.rtours.rs\/sr\/wp-content\/uploads\/2020\/10\/avionske-karte.jpg\" alt=\"\" width=\"1425\" height=\"606\" srcset=\"https:\/\/www.rtours.rs\/sr\/wp-content\/uploads\/2020\/10\/avionske-karte.jpg 1425w, https:\/\/www.rtours.rs\/sr\/wp-content\/uploads\/2020\/10\/avionske-karte-300x128.jpg 300w, https:\/\/www.rtours.rs\/sr\/wp-content\/uploads\/2020\/10\/avionske-karte-768x327.jpg 768w, https:\/\/www.rtours.rs\/sr\/wp-content\/uploads\/2020\/10\/avionske-karte-1024x435.jpg 1024w\" sizes=\"(max-width: 1425px) 100vw, 1425px\" \/><\/p>\n<p>Agencija je \u010dlan najve\u0107eg svetskog udru\u017eenja avioprevozioca: IATA.<br \/>\nZa prodaju pojedinih odredi\u0161ta u odre\u0111enom periodu, postoje promotivne tarife, za koje je broj mesta ograni\u010den. Pozivamo vas da nas kontaktirate i ostvarite svoje putovanje po ni\u017eim cenama i pogledate koji jeftini letovi su aktuelni.<br \/>\nMogu\u0107nost grupnih rezervacija za minimum 10 putnika!<\/p>\n<p>Avio karte mo\u017eete rezervisati\/kupiti TELEFONSKIM POZIVOM ILI LI\u010cNO U NA\u0160OJ POSLOVNICI:<\/p>\n<h4>R-TOURS, BEOGRAD, KNEGINJE ZORKE 10.<br \/>\nTEL: 011 344-40-45, 011 344-49-85.<br \/>\ne-mail: <a href=\"mailto:avio@rtours.rs\" data-cke-saved-href=\"mailto:avio@rtours.rs\">avio@rtours.rs<\/a><\/h4>\n<p>Isporuku elektronskih avio karata vr\u0161imo putem e-maila ili SMS-a. U slu\u010daju kada se izdaje papirna avio karta, koju putnik mora imati uz sebe, karta se preuzima u na\u0161im poslovnicama.<\/p>\n","protected":false},"excerpt":{"rendered":"<p>Avio karte Va\u017ean deo na\u0161eg poslovanja predstavlja i prodaja avio karata. U mogu\u0107nosti smo da Vam izvr\u0161imo rezervaciju i ponudimo najjeftinije avio karte do brojnih gradova u zemlji i \u0161irom sveta, na svim doma\u0107im i svetskim avio kompanijama. Vrhunska i profesionalna usluga u ovom segmentu poslovanja iskazuje se kroz brzu i efikasnu nabavku avionskih karata&#8230;<\/p>\n","protected":false},"author":1,"featured_media":0,"parent":0,"menu_order":0,"comment_status":"closed","ping_status":"closed","template":"","meta":{"footnotes":""},"yoast_head":"<!-- This site is optimized with the Yoast SEO plugin v21.5 - https:\/\/yoast.com\/wordpress\/plugins\/seo\/ -->\n<title>Avio karte - R-TOURS<\/title>\n<meta name=\"robots\" content=\"index, follow, max-snippet:-1, max-image-preview:large, max-video-preview:-1\" \/>\n<link rel=\"canonical\" href=\"https:\/\/www.rtours.rs\/sr\/avio-karte\/\" \/>\n<meta property=\"og:locale\" content=\"sr_RS\" \/>\n<meta property=\"og:type\" content=\"article\" \/>\n<meta property=\"og:title\" content=\"Avio karte - R-TOURS\" \/>\n<meta property=\"og:description\" content=\"Avio karte Va\u017ean deo na\u0161eg poslovanja predstavlja i prodaja avio karata. U mogu\u0107nosti smo da Vam izvr\u0161imo rezervaciju i ponudimo najjeftinije avio karte do brojnih gradova u zemlji i \u0161irom sveta, na svim doma\u0107im i svetskim avio kompanijama. Vrhunska i profesionalna usluga u ovom segmentu poslovanja iskazuje se kroz brzu i efikasnu nabavku avionskih karata...\" \/>\n<meta property=\"og:url\" content=\"https:\/\/www.rtours.rs\/sr\/avio-karte\/\" \/>\n<meta property=\"og:site_name\" content=\"R-TOURS\" \/>\n<meta property=\"article:modified_time\" content=\"2022-08-08T13:14:15+00:00\" \/>\n<meta property=\"og:image\" content=\"https:\/\/www.rtours.rs\/sr\/wp-content\/uploads\/2020\/10\/avionske-karte.jpg\" \/>\n<meta name=\"twitter:card\" content=\"summary_large_image\" \/>\n<meta name=\"twitter:label1\" content=\"\u041f\u0440\u043e\u0446\u0435\u045a\u0435\u043d\u043e \u0432\u0440\u0435\u043c\u0435 \u0447\u0438\u0442\u0430\u045a\u0430\" \/>\n\t<meta name=\"twitter:data1\" content=\"1 \u043c\u0438\u043d\u0443\u0442\" \/>\n<script type=\"application\/ld+json\" class=\"yoast-schema-graph\">{\"@context\":\"https:\/\/schema.org\",\"@graph\":[{\"@type\":\"WebPage\",\"@id\":\"https:\/\/www.rtours.rs\/sr\/avio-karte\/\",\"url\":\"https:\/\/www.rtours.rs\/sr\/avio-karte\/\",\"name\":\"Avio karte - R-TOURS\",\"isPartOf\":{\"@id\":\"https:\/\/www.rtours.rs\/sr\/#website\"},\"datePublished\":\"2016-03-16T08:11:28+00:00\",\"dateModified\":\"2022-08-08T13:14:15+00:00\",\"breadcrumb\":{\"@id\":\"https:\/\/www.rtours.rs\/sr\/avio-karte\/#breadcrumb\"},\"inLanguage\":\"sr-RS\",\"potentialAction\":[{\"@type\":\"ReadAction\",\"target\":[\"https:\/\/www.rtours.rs\/sr\/avio-karte\/\"]}]},{\"@type\":\"BreadcrumbList\",\"@id\":\"https:\/\/www.rtours.rs\/sr\/avio-karte\/#breadcrumb\",\"itemListElement\":[{\"@type\":\"ListItem\",\"position\":1,\"name\":\"Home\",\"item\":\"https:\/\/www.rtours.rs\/sr\/\"},{\"@type\":\"ListItem\",\"position\":2,\"name\":\"Avio karte\"}]},{\"@type\":\"WebSite\",\"@id\":\"https:\/\/www.rtours.rs\/sr\/#website\",\"url\":\"https:\/\/www.rtours.rs\/sr\/\",\"name\":\"R-TOURS\",\"description\":\"Putovanja u Rusiju\",\"potentialAction\":[{\"@type\":\"SearchAction\",\"target\":{\"@type\":\"EntryPoint\",\"urlTemplate\":\"https:\/\/www.rtours.rs\/sr\/?s={search_term_string}\"},\"query-input\":\"required name=search_term_string\"}],\"inLanguage\":\"sr-RS\"}]}<\/script>\n<!-- \/ Yoast SEO plugin. -->","yoast_head_json":{"title":"Avio karte - R-TOURS","robots":{"index":"index","follow":"follow","max-snippet":"max-snippet:-1","max-image-preview":"max-image-preview:large","max-video-preview":"max-video-preview:-1"},"canonical":"https:\/\/www.rtours.rs\/sr\/avio-karte\/","og_locale":"sr_RS","og_type":"article","og_title":"Avio karte - R-TOURS","og_description":"Avio karte Va\u017ean deo na\u0161eg poslovanja predstavlja i prodaja avio karata. U mogu\u0107nosti smo da Vam izvr\u0161imo rezervaciju i ponudimo najjeftinije avio karte do brojnih gradova u zemlji i \u0161irom sveta, na svim doma\u0107im i svetskim avio kompanijama. Vrhunska i profesionalna usluga u ovom segmentu poslovanja iskazuje se kroz brzu i efikasnu nabavku avionskih karata...","og_url":"https:\/\/www.rtours.rs\/sr\/avio-karte\/","og_site_name":"R-TOURS","article_modified_time":"2022-08-08T13:14:15+00:00","og_image":[{"url":"https:\/\/www.rtours.rs\/sr\/wp-content\/uploads\/2020\/10\/avionske-karte.jpg"}],"twitter_card":"summary_large_image","twitter_misc":{"\u041f\u0440\u043e\u0446\u0435\u045a\u0435\u043d\u043e \u0432\u0440\u0435\u043c\u0435 \u0447\u0438\u0442\u0430\u045a\u0430":"1 \u043c\u0438\u043d\u0443\u0442"},"schema":{"@context":"https:\/\/schema.org","@graph":[{"@type":"WebPage","@id":"https:\/\/www.rtours.rs\/sr\/avio-karte\/","url":"https:\/\/www.rtours.rs\/sr\/avio-karte\/","name":"Avio karte - R-TOURS","isPartOf":{"@id":"https:\/\/www.rtours.rs\/sr\/#website"},"datePublished":"2016-03-16T08:11:28+00:00","dateModified":"2022-08-08T13:14:15+00:00","breadcrumb":{"@id":"https:\/\/www.rtours.rs\/sr\/avio-karte\/#breadcrumb"},"inLanguage":"sr-RS","potentialAction":[{"@type":"ReadAction","target":["https:\/\/www.rtours.rs\/sr\/avio-karte\/"]}]},{"@type":"BreadcrumbList","@id":"https:\/\/www.rtours.rs\/sr\/avio-karte\/#breadcrumb","itemListElement":[{"@type":"ListItem","position":1,"name":"Home","item":"https:\/\/www.rtours.rs\/sr\/"},{"@type":"ListItem","position":2,"name":"Avio karte"}]},{"@type":"WebSite","@id":"https:\/\/www.rtours.rs\/sr\/#website","url":"https:\/\/www.rtours.rs\/sr\/","name":"R-TOURS","description":"Putovanja u Rusiju","potentialAction":[{"@type":"SearchAction","target":{"@type":"EntryPoint","urlTemplate":"https:\/\/www.rtours.rs\/sr\/?s={search_term_string}"},"query-input":"required name=search_term_string"}],"inLanguage":"sr-RS"}]}},"_links":{"self":[{"href":"https:\/\/www.rtours.rs\/sr\/wp-json\/wp\/v2\/pages\/13"}],"collection":[{"href":"https:\/\/www.rtours.rs\/sr\/wp-json\/wp\/v2\/pages"}],"about":[{"href":"https:\/\/www.rtours.rs\/sr\/wp-json\/wp\/v2\/types\/page"}],"author":[{"embeddable":true,"href":"https:\/\/www.rtours.rs\/sr\/wp-json\/wp\/v2\/users\/1"}],"replies":[{"embeddable":true,"href":"https:\/\/www.rtours.rs\/sr\/wp-json\/wp\/v2\/comments?post=13"}],"version-history":[{"count":24,"href":"https:\/\/www.rtours.rs\/sr\/wp-json\/wp\/v2\/pages\/13\/revisions"}],"predecessor-version":[{"id":5683,"href":"https:\/\/www.rtours.rs\/sr\/wp-json\/wp\/v2\/pages\/13\/revisions\/5683"}],"wp:attachment":[{"href":"https:\/\/www.rtours.rs\/sr\/wp-json\/wp\/v2\/media?parent=13"}],"curies":[{"name":"wp","href":"https:\/\/api.w.org\/{rel}","templated":true}]}}