{"id":16,"date":"2016-03-16T09:13:09","date_gmt":"2016-03-16T08:13:09","guid":{"rendered":"http:\/\/www.rtours.rs\/sr\/?page_id=16"},"modified":"2023-11-17T10:32:02","modified_gmt":"2023-11-17T09:32:02","slug":"r-tours","status":"publish","type":"page","link":"https:\/\/www.rtours.rs\/sr\/r-tours\/","title":{"rendered":"R-TOURS"},"content":{"rendered":"<div class=\"two_third \" ><\/p>\n<p style=\"text-align: left;\"><span style=\"color: #333399;\"><em><strong>Mi smo specijalisti za putovanja u Rusiju i biv\u0161e zemlje Sovjetskog saveza. <\/strong><\/em><\/span><\/p>\n<p style=\"text-align: left;\"><span style=\"color: #333399;\"><em><strong>Kreiramo zanimljive programe u Srbiji i Crnoj Gori,\u00a0na kojima putnici mogu da se upoznaju sa kulturom i prirodnim lepotama ovih zemalja ili\u00a0 jednostavno da se odmore i zabave u prijatnom okru\u017eenju.<\/strong><\/em><\/span><\/p>\n<p>\u00a0<\/div>\n<div class=\"one_third last\" > <img loading=\"lazy\" decoding=\"async\" class=\"alignnone wp-image-3577\" src=\"https:\/\/www.rtours.rs\/sr\/wp-content\/uploads\/2020\/10\/rtours-logo-white-ret-blue.png\" alt=\"\" width=\"251\" height=\"75\" srcset=\"https:\/\/www.rtours.rs\/sr\/wp-content\/uploads\/2020\/10\/rtours-logo-white-ret-blue.png 322w, https:\/\/www.rtours.rs\/sr\/wp-content\/uploads\/2020\/10\/rtours-logo-white-ret-blue-300x89.png 300w\" sizes=\"(max-width: 251px) 100vw, 251px\" \/><\/div>\n<hr \/>\n<p><img loading=\"lazy\" decoding=\"async\" class=\"alignnone wp-image-3583 size-full\" src=\"https:\/\/www.rtours.rs\/sr\/wp-content\/uploads\/2020\/10\/ofis-unutrasnjost.png\" alt=\"\" width=\"1638\" height=\"576\" srcset=\"https:\/\/www.rtours.rs\/sr\/wp-content\/uploads\/2020\/10\/ofis-unutrasnjost.png 1638w, https:\/\/www.rtours.rs\/sr\/wp-content\/uploads\/2020\/10\/ofis-unutrasnjost-300x105.png 300w, https:\/\/www.rtours.rs\/sr\/wp-content\/uploads\/2020\/10\/ofis-unutrasnjost-768x270.png 768w, https:\/\/www.rtours.rs\/sr\/wp-content\/uploads\/2020\/10\/ofis-unutrasnjost-1024x360.png 1024w\" sizes=\"(max-width: 1638px) 100vw, 1638px\" \/><\/p>\n<div class=\"one_third \" ><\/div>\n<div class=\"two_third last\" >Potvrda na\u0161eg kvaliteta su licence IATA, YUTA, RATA.<\/p>\n<p><img loading=\"lazy\" decoding=\"async\" class=\"alignnone wp-image-3582 size-full\" src=\"https:\/\/www.rtours.rs\/sr\/wp-content\/uploads\/2020\/10\/logotipi-udruzenja.png\" alt=\"\" width=\"1146\" height=\"169\" srcset=\"https:\/\/www.rtours.rs\/sr\/wp-content\/uploads\/2020\/10\/logotipi-udruzenja.png 1146w, https:\/\/www.rtours.rs\/sr\/wp-content\/uploads\/2020\/10\/logotipi-udruzenja-300x44.png 300w, https:\/\/www.rtours.rs\/sr\/wp-content\/uploads\/2020\/10\/logotipi-udruzenja-768x113.png 768w, https:\/\/www.rtours.rs\/sr\/wp-content\/uploads\/2020\/10\/logotipi-udruzenja-1024x151.png 1024w\" sizes=\"(max-width: 1146px) 100vw, 1146px\" \/><br \/>\nSigurnost i pouzdanost, najpovoljniji odnos cene i kvaliteta usluge, iskustvo i poslovna mudrost u osmi\u0161ljavanju i realizaciji brojnih putovanja, razgranata mre\u017ea subagenata i brojni partneri \u0161irom sveta, su\u0161tinske su vrednosti turisti\u010dke agencije.<\/div>\n<p><em><strong><div class=\"two_third \" >Inovativnim pristupom u kreiranju turisti\u010dke ponude i visokim standardima poslovanja, R-Tours se izborio za lidersku poziciju u organizaciji putovanja u Rusiju.<\/strong><\/em><\/p>\n<p style=\"text-align: left;\"><em><strong> R-Tours je na doma\u0107em tr\u017ei\u0161tu kao i u okru\u017eenju prepoznatljiv po vrhunskoj usluzi. Potrebe svoje sve brojnije klijentele zadovoljava stalnim \u0161irenjem ponude.<\/div><\/strong><\/em><\/p>\n<p>&nbsp;<\/p>\n<hr \/>\n<h2 style=\"text-align: center;\"><strong>Poslovni podaci<\/strong><\/h2>\n<p style=\"text-align: center;\">Poslovno ime: <b>R-TOURS COMPANY DOO <\/b><\/p>\n<p style=\"text-align: center;\">Mati\u010dni broj: <b>17078917<\/b><\/p>\n<p style=\"text-align: center;\">PIB: <strong>100299165<\/strong><\/p>\n<p style=\"text-align: center;\">Broj i kategorija licence: <b>LICENCA KATEGORIJE OTP 201\/2020<\/b><\/p>\n<p style=\"text-align: center;\">Garancija putovanja: <b>300067685 od 15<i>.01.2020<\/i><br \/>\n<\/b><\/p>\n<p style=\"text-align: center;\">Osigurava\u010d: <b>AKCIONARSKO DRUSTVO ZA OSIGURANJE DDOR NOVI SAD<\/b><\/p>\n<p style=\"text-align: center;\">Visina depozita:<b> 300.000 eur<\/b><\/p>\n<p style=\"text-align: center;\">Op\u0161ti uslovi putovanja &#8211; <a href=\"http:\/\/www.rtours.rs\/sr\/opsti-uslovi-putovanja\/\"><strong>LINK<\/strong><\/a><\/p>\n<p style=\"text-align: center;\">Ime i prezime lica zadu\u017eenog za reklamacije: <b>MARIJA MILJU\u0160,\u00a0 Kontakt: 065\/2010233<\/b><\/p>\n<p style=\"text-align: center;\">Broj teku\u0107eg racuna: <b>170-300821524-65<\/b><\/p>\n<p><img loading=\"lazy\" decoding=\"async\" class=\"alignnone wp-image-3587 size-full\" src=\"https:\/\/www.rtours.rs\/sr\/wp-content\/uploads\/2020\/10\/41.png\" alt=\"\" width=\"1638\" height=\"576\" srcset=\"https:\/\/www.rtours.rs\/sr\/wp-content\/uploads\/2020\/10\/41.png 1638w, https:\/\/www.rtours.rs\/sr\/wp-content\/uploads\/2020\/10\/41-300x105.png 300w, https:\/\/www.rtours.rs\/sr\/wp-content\/uploads\/2020\/10\/41-768x270.png 768w, https:\/\/www.rtours.rs\/sr\/wp-content\/uploads\/2020\/10\/41-1024x360.png 1024w\" sizes=\"(max-width: 1638px) 100vw, 1638px\" \/><\/p>\n<p style=\"text-align: left;\"><div class=\"two_third \" >Kreativnost, visoka profesionalnost i predanost poslu, nisu ostali nezapa\u017eeni. Dokaz tome su nagrade: \u0160ampion turizma 2007 za najuspe\u0161niju organizaciju turisti\u010dkih aran\u017emana za Rusiju i Velika nagrada turizma Republike Srbije \u201eBeli an\u0111eo\u201c za otvaranje novih tr\u017ei\u0161ta u 2005. godini., kao i nagrada Beogradskog sajma turizma iz 2011. godine za najbolju turisticku agenciju.<\/div><\/p>\n<p><img loading=\"lazy\" decoding=\"async\" class=\"alignnone wp-image-3586 size-full\" src=\"https:\/\/www.rtours.rs\/sr\/wp-content\/uploads\/2020\/10\/turisticka-agencija.png\" alt=\"\" width=\"1638\" height=\"576\" srcset=\"https:\/\/www.rtours.rs\/sr\/wp-content\/uploads\/2020\/10\/turisticka-agencija.png 1638w, https:\/\/www.rtours.rs\/sr\/wp-content\/uploads\/2020\/10\/turisticka-agencija-300x105.png 300w, https:\/\/www.rtours.rs\/sr\/wp-content\/uploads\/2020\/10\/turisticka-agencija-768x270.png 768w, https:\/\/www.rtours.rs\/sr\/wp-content\/uploads\/2020\/10\/turisticka-agencija-1024x360.png 1024w\" sizes=\"(max-width: 1638px) 100vw, 1638px\" \/><\/p>\n<h2 style=\"text-align: left;\"><div class=\"two_third \" >R-Tours danas i sutra:<\/h2>\n<p style=\"text-align: left;\">Dvadeset godina smo rezultatima poslovanja stvarali sliku o sebi.<\/p>\n<p style=\"text-align: left;\">Karakteri\u0161e nas efikasnost usluge u svakom od segmenata na\u0161e sve bogatije ponude. Osposobljeni smo da odgovorimo na svaki zahtev bilo da je u pitanju pojedina\u010dno ili grupno putovanje. Najpovoljnijije cene omogu\u0107ile su nam i stvaranje lojalne klijentele koja se iz godine u godinu uve\u0107ava. U planu nam je da pro\u0161irimo paletu na\u0161ih usluga, i da ostanemo specijalisti za rusko tr\u017ei\u0161te.<\/div><\/p>\n<hr \/>\n<h2 style=\"text-align: center;\">Predstavni\u0161tva:<\/h2>\n<h3 style=\"text-align: center;\"><span style=\"color: #333399;\">BEOGRAD<\/span><\/h3>\n<p style=\"text-align: center;\">Adresa: Kneginje Zorke 12<br \/>\nTel: +381 11 344 40 45,<br \/>\n+381 11 344 49 85<br \/>\nE-mail: office@rtours.rs<\/p>\n<hr \/>\n<h3 style=\"text-align: center;\"><span style=\"color: #333399;\">BUDVA<\/span><\/h3>\n<p style=\"text-align: center;\">Adresa: Jadranski put bb<br \/>\nTel: +382 33 451 502,<br \/>\n+382 33 402 120<br \/>\nE-mail: rtours@t-com.me<br \/>\nWeb site: <a href=\"http:\/\/rtours.me\/cg\/\">www.rtours.me<\/a><\/p>\n<hr \/>\n<p>&nbsp;<\/p>\n","protected":false},"excerpt":{"rendered":"<p>&nbsp; Poslovni podaci Poslovno ime: R-TOURS COMPANY DOO Mati\u010dni broj: 17078917 PIB: 100299165 Broj i kategorija licence: LICENCA KATEGORIJE OTP 201\/2020 Garancija putovanja: 300067685 od 15.01.2020 Osigurava\u010d: AKCIONARSKO DRUSTVO ZA OSIGURANJE DDOR NOVI SAD Visina depozita: 300.000 eur Op\u0161ti uslovi putovanja &#8211; LINK Ime i prezime lica zadu\u017eenog za reklamacije: MARIJA MILJU\u0160,\u00a0 Kontakt: 065\/2010233 Broj&#8230;<\/p>\n","protected":false},"author":1,"featured_media":0,"parent":0,"menu_order":0,"comment_status":"closed","ping_status":"closed","template":"","meta":{"footnotes":""},"yoast_head":"<!-- This site is optimized with the Yoast SEO plugin v21.5 - https:\/\/yoast.com\/wordpress\/plugins\/seo\/ -->\n<title>R-TOURS - R-TOURS<\/title>\n<meta name=\"robots\" content=\"index, follow, max-snippet:-1, max-image-preview:large, max-video-preview:-1\" \/>\n<link rel=\"canonical\" href=\"https:\/\/www.rtours.rs\/sr\/r-tours\/\" \/>\n<meta property=\"og:locale\" content=\"sr_RS\" \/>\n<meta property=\"og:type\" content=\"article\" \/>\n<meta property=\"og:title\" content=\"R-TOURS - R-TOURS\" \/>\n<meta property=\"og:description\" content=\"&nbsp; Poslovni podaci Poslovno ime: R-TOURS COMPANY DOO Mati\u010dni broj: 17078917 PIB: 100299165 Broj i kategorija licence: LICENCA KATEGORIJE OTP 201\/2020 Garancija putovanja: 300067685 od 15.01.2020 Osigurava\u010d: AKCIONARSKO DRUSTVO ZA OSIGURANJE DDOR NOVI SAD Visina depozita: 300.000 eur Op\u0161ti uslovi putovanja &#8211; LINK Ime i prezime lica zadu\u017eenog za reklamacije: MARIJA MILJU\u0160,\u00a0 Kontakt: 065\/2010233 Broj...\" \/>\n<meta property=\"og:url\" content=\"https:\/\/www.rtours.rs\/sr\/r-tours\/\" \/>\n<meta property=\"og:site_name\" content=\"R-TOURS\" \/>\n<meta property=\"article:modified_time\" content=\"2023-11-17T09:32:02+00:00\" \/>\n<meta property=\"og:image\" content=\"https:\/\/www.rtours.rs\/sr\/wp-content\/uploads\/2020\/10\/rtours-logo-white-ret-blue.png\" \/>\n<meta name=\"twitter:card\" content=\"summary_large_image\" \/>\n<meta name=\"twitter:label1\" content=\"\u041f\u0440\u043e\u0446\u0435\u045a\u0435\u043d\u043e \u0432\u0440\u0435\u043c\u0435 \u0447\u0438\u0442\u0430\u045a\u0430\" \/>\n\t<meta name=\"twitter:data1\" content=\"3 \u043c\u0438\u043d\u0443\u0442\u0430\" \/>\n<script type=\"application\/ld+json\" class=\"yoast-schema-graph\">{\"@context\":\"https:\/\/schema.org\",\"@graph\":[{\"@type\":\"WebPage\",\"@id\":\"https:\/\/www.rtours.rs\/sr\/r-tours\/\",\"url\":\"https:\/\/www.rtours.rs\/sr\/r-tours\/\",\"name\":\"R-TOURS - R-TOURS\",\"isPartOf\":{\"@id\":\"https:\/\/www.rtours.rs\/sr\/#website\"},\"datePublished\":\"2016-03-16T08:13:09+00:00\",\"dateModified\":\"2023-11-17T09:32:02+00:00\",\"breadcrumb\":{\"@id\":\"https:\/\/www.rtours.rs\/sr\/r-tours\/#breadcrumb\"},\"inLanguage\":\"sr-RS\",\"potentialAction\":[{\"@type\":\"ReadAction\",\"target\":[\"https:\/\/www.rtours.rs\/sr\/r-tours\/\"]}]},{\"@type\":\"BreadcrumbList\",\"@id\":\"https:\/\/www.rtours.rs\/sr\/r-tours\/#breadcrumb\",\"itemListElement\":[{\"@type\":\"ListItem\",\"position\":1,\"name\":\"Home\",\"item\":\"https:\/\/www.rtours.rs\/sr\/\"},{\"@type\":\"ListItem\",\"position\":2,\"name\":\"R-TOURS\"}]},{\"@type\":\"WebSite\",\"@id\":\"https:\/\/www.rtours.rs\/sr\/#website\",\"url\":\"https:\/\/www.rtours.rs\/sr\/\",\"name\":\"R-TOURS\",\"description\":\"Putovanja u Rusiju\",\"potentialAction\":[{\"@type\":\"SearchAction\",\"target\":{\"@type\":\"EntryPoint\",\"urlTemplate\":\"https:\/\/www.rtours.rs\/sr\/?s={search_term_string}\"},\"query-input\":\"required name=search_term_string\"}],\"inLanguage\":\"sr-RS\"}]}<\/script>\n<!-- \/ Yoast SEO plugin. -->","yoast_head_json":{"title":"R-TOURS - R-TOURS","robots":{"index":"index","follow":"follow","max-snippet":"max-snippet:-1","max-image-preview":"max-image-preview:large","max-video-preview":"max-video-preview:-1"},"canonical":"https:\/\/www.rtours.rs\/sr\/r-tours\/","og_locale":"sr_RS","og_type":"article","og_title":"R-TOURS - R-TOURS","og_description":"&nbsp; Poslovni podaci Poslovno ime: R-TOURS COMPANY DOO Mati\u010dni broj: 17078917 PIB: 100299165 Broj i kategorija licence: LICENCA KATEGORIJE OTP 201\/2020 Garancija putovanja: 300067685 od 15.01.2020 Osigurava\u010d: AKCIONARSKO DRUSTVO ZA OSIGURANJE DDOR NOVI SAD Visina depozita: 300.000 eur Op\u0161ti uslovi putovanja &#8211; LINK Ime i prezime lica zadu\u017eenog za reklamacije: MARIJA MILJU\u0160,\u00a0 Kontakt: 065\/2010233 Broj...","og_url":"https:\/\/www.rtours.rs\/sr\/r-tours\/","og_site_name":"R-TOURS","article_modified_time":"2023-11-17T09:32:02+00:00","og_image":[{"url":"https:\/\/www.rtours.rs\/sr\/wp-content\/uploads\/2020\/10\/rtours-logo-white-ret-blue.png"}],"twitter_card":"summary_large_image","twitter_misc":{"\u041f\u0440\u043e\u0446\u0435\u045a\u0435\u043d\u043e \u0432\u0440\u0435\u043c\u0435 \u0447\u0438\u0442\u0430\u045a\u0430":"3 \u043c\u0438\u043d\u0443\u0442\u0430"},"schema":{"@context":"https:\/\/schema.org","@graph":[{"@type":"WebPage","@id":"https:\/\/www.rtours.rs\/sr\/r-tours\/","url":"https:\/\/www.rtours.rs\/sr\/r-tours\/","name":"R-TOURS - R-TOURS","isPartOf":{"@id":"https:\/\/www.rtours.rs\/sr\/#website"},"datePublished":"2016-03-16T08:13:09+00:00","dateModified":"2023-11-17T09:32:02+00:00","breadcrumb":{"@id":"https:\/\/www.rtours.rs\/sr\/r-tours\/#breadcrumb"},"inLanguage":"sr-RS","potentialAction":[{"@type":"ReadAction","target":["https:\/\/www.rtours.rs\/sr\/r-tours\/"]}]},{"@type":"BreadcrumbList","@id":"https:\/\/www.rtours.rs\/sr\/r-tours\/#breadcrumb","itemListElement":[{"@type":"ListItem","position":1,"name":"Home","item":"https:\/\/www.rtours.rs\/sr\/"},{"@type":"ListItem","position":2,"name":"R-TOURS"}]},{"@type":"WebSite","@id":"https:\/\/www.rtours.rs\/sr\/#website","url":"https:\/\/www.rtours.rs\/sr\/","name":"R-TOURS","description":"Putovanja u Rusiju","potentialAction":[{"@type":"SearchAction","target":{"@type":"EntryPoint","urlTemplate":"https:\/\/www.rtours.rs\/sr\/?s={search_term_string}"},"query-input":"required name=search_term_string"}],"inLanguage":"sr-RS"}]}},"_links":{"self":[{"href":"https:\/\/www.rtours.rs\/sr\/wp-json\/wp\/v2\/pages\/16"}],"collection":[{"href":"https:\/\/www.rtours.rs\/sr\/wp-json\/wp\/v2\/pages"}],"about":[{"href":"https:\/\/www.rtours.rs\/sr\/wp-json\/wp\/v2\/types\/page"}],"author":[{"embeddable":true,"href":"https:\/\/www.rtours.rs\/sr\/wp-json\/wp\/v2\/users\/1"}],"replies":[{"embeddable":true,"href":"https:\/\/www.rtours.rs\/sr\/wp-json\/wp\/v2\/comments?post=16"}],"version-history":[{"count":27,"href":"https:\/\/www.rtours.rs\/sr\/wp-json\/wp\/v2\/pages\/16\/revisions"}],"predecessor-version":[{"id":5694,"href":"https:\/\/www.rtours.rs\/sr\/wp-json\/wp\/v2\/pages\/16\/revisions\/5694"}],"wp:attachment":[{"href":"https:\/\/www.rtours.rs\/sr\/wp-json\/wp\/v2\/media?parent=16"}],"curies":[{"name":"wp","href":"https:\/\/api.w.org\/{rel}","templated":true}]}}