{"id":3430,"date":"2020-01-13T17:24:30","date_gmt":"2020-01-13T16:24:30","guid":{"rendered":"http:\/\/www.rtours.rs\/sr\/?page_id=3430"},"modified":"2020-01-13T17:24:30","modified_gmt":"2020-01-13T16:24:30","slug":"akt-o-bezbednosti-privatnosti-podataka","status":"publish","type":"page","link":"https:\/\/www.rtours.rs\/sr\/akt-o-bezbednosti-privatnosti-podataka\/","title":{"rendered":"Akt o Bezbednosti i Privatnosti Podataka"},"content":{"rendered":"<h2 style=\"text-align: center;\"><strong>Akt o Bezbednosti i Privatnosti Podataka<\/strong><\/h2>\n<h2 style=\"text-align: center;\"><strong>www.rtours.rs<\/strong><\/h2>\n<p>&nbsp;<\/p>\n<p>\u010clan 1.<\/p>\n<p><strong>R-TOURS COMPANY PRIVREDNO DRU\u0160TVO ZA TURIZAM, UNUTRA\u0160NJU I SPOLJNU TRGOVINU D.O.O., Beograd \u2013 Vra\u010dar<\/strong>,<a href=\"http:\/\/www.rtours.rs\">www.rtours.rs<\/a>(u daljem tekstu: Dru\u0161tvo), kao rukovalac podataka o li\u010dnosti, smatra da je poverenje lica koja su nam, u skladu sa \u010dlanom 4. stav 1. Ta\u010dka (1) Zakona o za\u0161titi podataka o li\u010dnosti \u2018\u2019Slu\u017ebeni glasnik RS\u2019\u2019, br. 87 od 13. novembra 2018.) (u daljem tekstu: Zakon) ustupila svoje podatke o li\u010dnosti (u daljem tekstu: korisnici) posredstvom internet prezentacije na adresi: <a href=\"http:\/\/www.rtours.rs\">www.rtours.rs<\/a>(u daljem tekstu: sajt) od izuzetne va\u017enosti i predstavlja jedno od fundamentalnih eti\u010dkih vrednosti poslovanja Dru\u0161tva. U tom smislu, Dru\u0161tvo je preduzelo neophodne mere i radnje, u skladu sa Zakonom, kako bi za\u0161titilo i obezbedilo privatnost ustupljenih podataka o li\u010dnosti, a \u0161to \u0107e biti predstavljeno u nastavku teksta ovog akta, u skladu sa \u010dlanom 23. Zakona.<\/p>\n<hr \/>\n<h3>PODACI O LI\u010cNOSTI KOJE DRU\u0160TVO OBRA\u0110UJE<\/h3>\n<p>\u010clan 2.<\/p>\n<p>Dru\u0161tvo od korisnika sajta prikuplja i obra\u0111uje slede\u0107e podatke:<\/p>\n<ul>\n<li>Identifikacione podatke: Ime, prezime i adresu elektronske po\u0161te (u daljem tekstu: podaci o li\u010dnosti).<\/li>\n<li>Podatke o prijavljivanju na sajt i pona\u0161anje korisnika (Kola\u010di\u0107i)<\/li>\n<\/ul>\n<hr \/>\n<h3>PRAVNI OSNOV OBRADE PODATAKA O LI\u010cNOSTI<\/h3>\n<p>\u010clan 3.<\/p>\n<p>Podaci o li\u010dnosti korisnika se obra\u0111uju isklju\u010divo uz njihov izri\u010dito dat <strong>pristanak,<\/strong>u skladu sa \u010dl. 15. Zakona. Zahtev za davanje pristanka je predstavljen na na\u010din na kojim se izdvaja od drugih pitanja, u razumljivom i lako dostupnom obliku, kao i uz upotrebu jasnih i jednostavnih re\u010di.<\/p>\n<hr \/>\n<h3>SLU\u010cAJEVI U KOJIM SE VR\u0160I OBRADA PODATAKA O LI\u010cNOSTI<\/h3>\n<p>\u010clan 4.<\/p>\n<p>Korisnici ustupaju svoje podatke o li\u010dnosti uno\u0161enjem istih u kontakt formu koja je dostupna na sajtu, zatim prilikom predstavljanja zaposlenih (kao i na drugi na\u010din anga\u017eovanih) lica,klijenata i partnera kao reference u odeljcimasajta, koje nose naziv <em>Kontakt<\/em>i prilikom kori\u0161\u0107enja, odnosno pregleda sajta posredstvom <em>Cookies<\/em> (u daljem tekstu: Kola\u010di\u0107a).<\/p>\n<hr \/>\n<h3>SVRHA NAMERAVANE OBRADE PODATAKA O LI\u010cNOSTI<\/h3>\n<p>\u010clan 5.<\/p>\n<p>Dru\u0161tvo prikuplja i obra\u0111uje podatke o li\u010dnosti korisnika isklju\u010divo u svrhu komunikacije, odnosno ostvarivanja i odr\u017eavanja kontakta sa licima zainteresovanim za odre\u0111enu vrstu poslovne saradnje sa Dru\u0161tvom, a \u0161to mo\u017ee da se odnosi posebno (ali ne isklju\u010divo) na upite lica za praksu i zaposlenje, zatim na poziv da se u\u010dini ponuda za jednu od usluga koju Dru\u0161tvo pru\u017ea, ali i u svrhu predstavljanja lica na koje se podaci odnose kao \u010dlanove tima kao i u okviru pru\u017eanja usluga organizovanja turisti\u010dkih putovanja, kao i drugih turisti\u010dkih usluga, odnosno kao klijente i\/ili partnere, kao i na svaki drugi vid poslovne komunikacije.<\/p>\n<p>Ostvarivanje i odr\u017eavanje komunikacije podrazumeva dvosmerno komuniciranje sa licima iz stava 1. ovog \u010dlana, \u0161to se odnosi na obave\u0161tavanje tih lica, pre svega, o njihovim pravima uskladu sa Zakonom, ali i o svim drugim relevantnim pitanjima koja se odnose na poslovnu saradnju koju \u017eele da ostvare, ili koju su ostvarili sa Dru\u0161tvom.<\/p>\n<p>Lica koja su dala pristanak na mogu\u0107nost da budu kontaktirani od strane Dru\u0161tva u vezi sa odre\u0111enim oblikom poslovne saradnje, kao i u drugim slu\u010dajevima iz \u010dlana 2 i 4 ovog akta, mogu u svakom trenutku da povuku taj pristanak u skladu sa \u010dl. 15, stav 3. Zakona, \u0161to \u0107e rezultirati obustavom obrade podataka o li\u010dnosti lica na koje se ti podaci odnose.<\/p>\n<hr \/>\n<h3>PRAVA LICA NA KOJE SE PODACI ODNOSE<\/h3>\n<p>\u010clan 6.<\/p>\n<p>Lica na koje se podaci odnose imaju pravo na transparentnost na\u010dina ostvarivanja svojih prava u skladu sa \u010dlanom 21. Zakona, a \u0161to se odnosi pre svega na pravo tog lica da mu budu pru\u017eene sve informacije iz \u010dl. 23. i \u010dl. 24 Zakona, odnosno informacije u vezi sa ostvarivanjem prava iz \u010dlana 26., \u010dl. 29. do 31., \u010dlana 33., \u010dl. 36. do 38. I \u010dl. 53 Zakona, na sa\u017eet, transparentan, razumljiv i lako dostupan na\u010din, kori\u0161\u0107enjem jasnih i jednostavnih re\u010di. Te informacije \u0107e biti pru\u017eene u pisanom i drugom obliku, uklju\u010duju\u0107i elektronski oblik, ako je to pogodno. Ako lice na koje se podaci odnose to zahteva, informacije se mogu pru\u017eiti usmeno u skladu sa \u010dlanom 21. stav 1. Zakona.<\/p>\n<p>Prava lica na koje se podaci odnose iz \u010dlana 21. su istovremeno determinisana obavezama rukovaoca podataka o li\u010dnosti i informacije o tim pravima se mogu pru\u017eiti u kombinaciji sa standardizovanim ikonama prikazanim u elektronskom obliku kako bi se, na lako vidljiv, razumljiv i jasno uo\u010dljiv na\u010din, obezbedio svrsishodan uvid u nameravanu obradu, u skladu sa Zakonom.<\/p>\n<p>\u010clan 7.<\/p>\n<p>Osim prava iz \u010dlana 6. ovog akta lice na koje se podaci odnose ima i slede\u0107a prava, u skladu sa Zakonom:<\/p>\n<p><strong>1) Pravo na pristup:<\/strong><\/p>\n<p>Lice na koje se podaci odnose ima pravo da od rukovaoca zahteva informaciju o tome da li obra\u0111uje njegove podatke o li\u010dnosti, pristup tim podacima, kao i druge informacije, u skladu sa Zakonom.<\/p>\n<p><strong>2) Pravo na ispravku i dopunu:<\/strong><\/p>\n<p>Lice na koje se podaci odnose ima pravo da se njegovi neta\u010dni podaci o li\u010dnosti bez nepotrebnog odlaganja isprave. U zavisnosti od svrhe obrade, lice na koje se podaci odnose ima pravo da svoje nepotpune podatke o li\u010dnosti dopuni, \u0161to uklju\u010duje i davanje dodatne izjave.<\/p>\n<p><strong>3) Pravo na brisanje podataka o li\u010dnosti:<\/strong><\/p>\n<p>Lice na koje se podaci odnose ima pravo da se njegovi podaci o li\u010dnosti izbr\u0161u od strane rukovaoca, a isti je du\u017ean da bez nepotrebnog odlaganja te podatke izbri\u0161e u odre\u0111enim zakonom predvi\u0111enim slu\u010dajevima.<\/p>\n<p><strong>4) Pravo na ograni\u010denje obrade:<\/strong><\/p>\n<p>Lice na koje se podaci odnose ima pravo da se obrada njegovih podataka o li\u010dnosti ograni\u010di od strane rukovaoca ako je ispunjen alternativno jedan od Zakonom predvi\u0111enih slu\u010dajeva iz \u010dlana 31. stav 1.<\/p>\n<p><strong>5) Pravo lica na koje se podaci odnose da bude obave\u0161ten u vezi sa ispravkom ili brisanjem podataka, kao i ograni\u010denjem obrade:<\/strong><\/p>\n<p>Rukovalac je du\u017ean da obavesti sve primaoce kojima su podaci oktriveni o svakoj ispravci ili brisanju podataka o li\u010dnosti ili ograni\u010denju njihove obrade (osim ako je to nemogu\u0107e ili zahteva prekomeran utro\u0161ak vremena i sredstava). Rukovalac je isto du\u017ean da lice na koje se podaci odnose, na njegov zahtev, informi\u0161e o svim primaocima kojima su podaci o li\u010dnosti otkriveni.<\/p>\n<p><strong>6) Pravo na prenosivost podatka:<\/strong><\/p>\n<p>Lice na koje se podaci odnose ima pravo da njegove podatke o li\u010dnosti, koje je prethodno dostavilo rukovaocu primi od njega u strukturisanom, uobi\u010dajeno kori\u0161\u0107enom i elektronski \u010ditljivom obliku i ima pravo da ove podatke prenese drugom rukovaocu bez ometanja od strane rukovaoca kojem su ti podaci bili dostavljeni, uz ispunjavanje zakonom propisanih uslova. Ovo pravo obuhavata i pravo lica da njegovi podaci o li\u010dnosti budu neposredno preneti drugom rukovaocu od strane rukovaoca kojem su ovi podaci prethodno dostavljeni, ako je to tehni\u010dki izvodljivo.<\/p>\n<p><strong>7) Pravo na prigovor i automatizovano dono\u0161enje pojedina\u010dnih odluka:<\/strong><\/p>\n<p>Ako smatra da je to opravdano u odnosu na posebnu situaciju u kojoj se nalazi, lice na koje se podaci odnose ima pravo da u svakom trenutku podnese rukovaocu prigovor na obradu njegovih podataka o li\u010dnosti, \u0161to se odnosi i na profilisanje, a rukovalac je du\u017ean da prekine sa obradom podataka o licu koje je podnelo prigovor, osim ako je predo\u010dio da postoje zakonski razlozi za obradu koji prete\u017eu nad interesima, pravima ili slobodama lica na koje se podaci odnose ili su u vezi sa podno\u0161enjem, ostvarivanjem ili odbranom pravnog zahteva.<\/p>\n<p><strong>8) Automatizovano dono\u0161enje pojedina\u010dnih odluka i profilisanje:<\/strong><\/p>\n<p>Lice na koje se podaci odnose ima pravo da se na njega ne primenjuje odluka doneta isklju\u010divo na osnovu automatizovane obrade uklju\u010duju\u0107i profilisanje, ako se tom odlukom proizvode pravne posledice po to lice ili ta odluka zna\u010dajno uti\u010de na njegov polo\u017eaj.<\/p>\n<p>Lice na koje se podaci odnose mo\u017ee stupiti u vezu sa Dru\u0161tvom posredstvom kontakta, u svrhu ostvarivanja svojih Zakonom predvi\u0111enih prava.<\/p>\n<hr \/>\n<h3>PRIMAOCI PODATAKA O LI\u010cNOSTI<\/h3>\n<p>\u010clan 8.<\/p>\n<p>Podaci o li\u010dnosti iz \u010dlana 2. ovog akta ne\u0107e biti otkriveni nikom izvan organizacije Dru\u0161tva. Pristup tim podacima \u0107e imati samo lice koje je, u okviru Dru\u0161tva, zadu\u017eeno da odgovara na upite sa sajta, kao i lice ili lica koja u\u010destvuju u procesu odlu\u010divanja kako \u0107e se postupati sa tim upitima.<\/p>\n<hr \/>\n<h3>NA\u010cIN ZA\u0160TITE I ROK OBRADE PODATAKA O LI\u010cNOSTI<\/h3>\n<p>\u010clan 9.<\/p>\n<p>Dru\u0161tvo \u0161titi va\u0161e podatke prilikom komunikacije koriste\u0107i SSL bezbednosni sertifikat kojim se sav prenos podataka enkriptuje i banere za upravljanje kola\u010di\u0107ima.<\/p>\n<p>Podaci o li\u010dnosti korisnika \u0107e se \u010duvati, pre svega, kako bi se ispunila svrha njihove obrade, iz \u010dlana 5. ovog akta, u skladu sa \u010dl. 5, stav 1, ta\u010d. (5) Zakona, odnosno sve dok postoji potreba za komunikacijom sa korisnicima. Nakon isteka perioda \u010duvanja, podaci o li\u010dnosti \u0107e biti obrisani.<\/p>\n<hr \/>\n<h3><em>KOLA\u010cI\u0106I <\/em>(COOKIES)<\/h3>\n<p>\u010clan 10.<\/p>\n<p><em>Cookies <\/em>(u daljem tekstu: Kola\u010di\u0107i) su tekstualne datoteke postavljene u ra\u010dunar lica koje je posetilo sajt u svrhu prikupljanja standardnih informacija u vezi sa prijavljivanjem na sajt i pona\u0161anja tog lica tokom boravka na sajtu, a koje mogu biti poslate internet pretra\u017eiva\u010du koje koristi to lice. Dru\u0161tvo mo\u017ee prikupljati\/obra\u0111ivati navedene informacije automatski posredstvom Kola\u010di\u0107a ili sli\u010dnih tehnologija. Za vi\u0161e informacija o Kola\u010di\u0107ima, posetite <em>allaboutcookies.org.<\/em><\/p>\n<p>Korisnici koji su zabrinuti zbog privatnosti i kori\u0161\u0107enja Kola\u010di\u0107a mogu podesiti internet pretra\u017eiva\u010d da ih obavesti kada primi Kola\u010di\u0107 kao i da odbije Kola\u010di\u0107e koje poku\u0161avaju da po\u0161alju druge veb stranice.<\/p>\n<p>Kori\u0161\u0107enje sajta nije uslovljeno davanjem pristanka na kori\u0161\u0107enje Kola\u010di\u0107a.<\/p>\n<hr \/>\n<h3>PRAVILA O BEZBEDNOSTI I PRIVATNOSTI PODATAKA DRUGIH INTERNET STRANICA<\/h3>\n<p>\u010clan 11.<\/p>\n<p>Postoji mogu\u0107nost da sajt sadr\u017ei eksterne linkove koji upu\u0107uju na druge internet stranice. Odredbe ovog akta o bezbednosti i privatnosti podataka o li\u010dnosti se odnose samo na sajt, tako da ne preuzima odgovornost za pravila o privatnosti podataka drugih internet stranica.<\/p>\n<p>\u010clan 12.<\/p>\n<p>Odredbe ovog akta po\u010dinju da se primenjuju danom objavljivanja na sajtu.<\/p>\n<p>Dru\u0161tvo ima isklju\u010divo pravo na jednostranu izmenu ovog akta, kao i da tu izmenu objavi na na\u010din predvi\u0111en u stavu 1. ovog \u010dlana<\/p>\n","protected":false},"excerpt":{"rendered":"<p>Akt o Bezbednosti i Privatnosti Podataka www.rtours.rs &nbsp; \u010clan 1. R-TOURS COMPANY PRIVREDNO DRU\u0160TVO ZA TURIZAM, UNUTRA\u0160NJU I SPOLJNU TRGOVINU D.O.O., Beograd \u2013 Vra\u010dar,www.rtours.rs(u daljem tekstu: Dru\u0161tvo), kao rukovalac podataka o li\u010dnosti, smatra da je poverenje lica koja su nam, u skladu sa \u010dlanom 4. stav 1. Ta\u010dka (1) Zakona o za\u0161titi podataka o li\u010dnosti&#8230;<\/p>\n","protected":false},"author":1,"featured_media":0,"parent":0,"menu_order":0,"comment_status":"closed","ping_status":"closed","template":"template-rightsidebar.php","meta":{"footnotes":""},"yoast_head":"<!-- This site is optimized with the Yoast SEO plugin v21.5 - https:\/\/yoast.com\/wordpress\/plugins\/seo\/ -->\n<title>Akt o Bezbednosti i Privatnosti Podataka - R-TOURS<\/title>\n<meta name=\"robots\" content=\"index, follow, max-snippet:-1, max-image-preview:large, max-video-preview:-1\" \/>\n<link rel=\"canonical\" href=\"https:\/\/www.rtours.rs\/sr\/akt-o-bezbednosti-privatnosti-podataka\/\" \/>\n<meta property=\"og:locale\" content=\"sr_RS\" \/>\n<meta property=\"og:type\" content=\"article\" \/>\n<meta property=\"og:title\" content=\"Akt o Bezbednosti i Privatnosti Podataka - R-TOURS\" \/>\n<meta property=\"og:description\" content=\"Akt o Bezbednosti i Privatnosti Podataka www.rtours.rs &nbsp; \u010clan 1. R-TOURS COMPANY PRIVREDNO DRU\u0160TVO ZA TURIZAM, UNUTRA\u0160NJU I SPOLJNU TRGOVINU D.O.O., Beograd \u2013 Vra\u010dar,www.rtours.rs(u daljem tekstu: Dru\u0161tvo), kao rukovalac podataka o li\u010dnosti, smatra da je poverenje lica koja su nam, u skladu sa \u010dlanom 4. stav 1. Ta\u010dka (1) Zakona o za\u0161titi podataka o li\u010dnosti...\" \/>\n<meta property=\"og:url\" content=\"https:\/\/www.rtours.rs\/sr\/akt-o-bezbednosti-privatnosti-podataka\/\" \/>\n<meta property=\"og:site_name\" content=\"R-TOURS\" \/>\n<meta name=\"twitter:card\" content=\"summary_large_image\" \/>\n<meta name=\"twitter:label1\" content=\"\u041f\u0440\u043e\u0446\u0435\u045a\u0435\u043d\u043e \u0432\u0440\u0435\u043c\u0435 \u0447\u0438\u0442\u0430\u045a\u0430\" \/>\n\t<meta name=\"twitter:data1\" content=\"9 \u043c\u0438\u043d\u0443\u0442\u0430\" \/>\n<script type=\"application\/ld+json\" class=\"yoast-schema-graph\">{\"@context\":\"https:\/\/schema.org\",\"@graph\":[{\"@type\":\"WebPage\",\"@id\":\"https:\/\/www.rtours.rs\/sr\/akt-o-bezbednosti-privatnosti-podataka\/\",\"url\":\"https:\/\/www.rtours.rs\/sr\/akt-o-bezbednosti-privatnosti-podataka\/\",\"name\":\"Akt o Bezbednosti i Privatnosti Podataka - R-TOURS\",\"isPartOf\":{\"@id\":\"https:\/\/www.rtours.rs\/sr\/#website\"},\"datePublished\":\"2020-01-13T16:24:30+00:00\",\"dateModified\":\"2020-01-13T16:24:30+00:00\",\"breadcrumb\":{\"@id\":\"https:\/\/www.rtours.rs\/sr\/akt-o-bezbednosti-privatnosti-podataka\/#breadcrumb\"},\"inLanguage\":\"sr-RS\",\"potentialAction\":[{\"@type\":\"ReadAction\",\"target\":[\"https:\/\/www.rtours.rs\/sr\/akt-o-bezbednosti-privatnosti-podataka\/\"]}]},{\"@type\":\"BreadcrumbList\",\"@id\":\"https:\/\/www.rtours.rs\/sr\/akt-o-bezbednosti-privatnosti-podataka\/#breadcrumb\",\"itemListElement\":[{\"@type\":\"ListItem\",\"position\":1,\"name\":\"Home\",\"item\":\"https:\/\/www.rtours.rs\/sr\/\"},{\"@type\":\"ListItem\",\"position\":2,\"name\":\"Akt o Bezbednosti i Privatnosti Podataka\"}]},{\"@type\":\"WebSite\",\"@id\":\"https:\/\/www.rtours.rs\/sr\/#website\",\"url\":\"https:\/\/www.rtours.rs\/sr\/\",\"name\":\"R-TOURS\",\"description\":\"Putovanja u Rusiju\",\"potentialAction\":[{\"@type\":\"SearchAction\",\"target\":{\"@type\":\"EntryPoint\",\"urlTemplate\":\"https:\/\/www.rtours.rs\/sr\/?s={search_term_string}\"},\"query-input\":\"required name=search_term_string\"}],\"inLanguage\":\"sr-RS\"}]}<\/script>\n<!-- \/ Yoast SEO plugin. -->","yoast_head_json":{"title":"Akt o Bezbednosti i Privatnosti Podataka - R-TOURS","robots":{"index":"index","follow":"follow","max-snippet":"max-snippet:-1","max-image-preview":"max-image-preview:large","max-video-preview":"max-video-preview:-1"},"canonical":"https:\/\/www.rtours.rs\/sr\/akt-o-bezbednosti-privatnosti-podataka\/","og_locale":"sr_RS","og_type":"article","og_title":"Akt o Bezbednosti i Privatnosti Podataka - R-TOURS","og_description":"Akt o Bezbednosti i Privatnosti Podataka www.rtours.rs &nbsp; \u010clan 1. R-TOURS COMPANY PRIVREDNO DRU\u0160TVO ZA TURIZAM, UNUTRA\u0160NJU I SPOLJNU TRGOVINU D.O.O., Beograd \u2013 Vra\u010dar,www.rtours.rs(u daljem tekstu: Dru\u0161tvo), kao rukovalac podataka o li\u010dnosti, smatra da je poverenje lica koja su nam, u skladu sa \u010dlanom 4. stav 1. Ta\u010dka (1) Zakona o za\u0161titi podataka o li\u010dnosti...","og_url":"https:\/\/www.rtours.rs\/sr\/akt-o-bezbednosti-privatnosti-podataka\/","og_site_name":"R-TOURS","twitter_card":"summary_large_image","twitter_misc":{"\u041f\u0440\u043e\u0446\u0435\u045a\u0435\u043d\u043e \u0432\u0440\u0435\u043c\u0435 \u0447\u0438\u0442\u0430\u045a\u0430":"9 \u043c\u0438\u043d\u0443\u0442\u0430"},"schema":{"@context":"https:\/\/schema.org","@graph":[{"@type":"WebPage","@id":"https:\/\/www.rtours.rs\/sr\/akt-o-bezbednosti-privatnosti-podataka\/","url":"https:\/\/www.rtours.rs\/sr\/akt-o-bezbednosti-privatnosti-podataka\/","name":"Akt o Bezbednosti i Privatnosti Podataka - R-TOURS","isPartOf":{"@id":"https:\/\/www.rtours.rs\/sr\/#website"},"datePublished":"2020-01-13T16:24:30+00:00","dateModified":"2020-01-13T16:24:30+00:00","breadcrumb":{"@id":"https:\/\/www.rtours.rs\/sr\/akt-o-bezbednosti-privatnosti-podataka\/#breadcrumb"},"inLanguage":"sr-RS","potentialAction":[{"@type":"ReadAction","target":["https:\/\/www.rtours.rs\/sr\/akt-o-bezbednosti-privatnosti-podataka\/"]}]},{"@type":"BreadcrumbList","@id":"https:\/\/www.rtours.rs\/sr\/akt-o-bezbednosti-privatnosti-podataka\/#breadcrumb","itemListElement":[{"@type":"ListItem","position":1,"name":"Home","item":"https:\/\/www.rtours.rs\/sr\/"},{"@type":"ListItem","position":2,"name":"Akt o Bezbednosti i Privatnosti Podataka"}]},{"@type":"WebSite","@id":"https:\/\/www.rtours.rs\/sr\/#website","url":"https:\/\/www.rtours.rs\/sr\/","name":"R-TOURS","description":"Putovanja u Rusiju","potentialAction":[{"@type":"SearchAction","target":{"@type":"EntryPoint","urlTemplate":"https:\/\/www.rtours.rs\/sr\/?s={search_term_string}"},"query-input":"required name=search_term_string"}],"inLanguage":"sr-RS"}]}},"_links":{"self":[{"href":"https:\/\/www.rtours.rs\/sr\/wp-json\/wp\/v2\/pages\/3430"}],"collection":[{"href":"https:\/\/www.rtours.rs\/sr\/wp-json\/wp\/v2\/pages"}],"about":[{"href":"https:\/\/www.rtours.rs\/sr\/wp-json\/wp\/v2\/types\/page"}],"author":[{"embeddable":true,"href":"https:\/\/www.rtours.rs\/sr\/wp-json\/wp\/v2\/users\/1"}],"replies":[{"embeddable":true,"href":"https:\/\/www.rtours.rs\/sr\/wp-json\/wp\/v2\/comments?post=3430"}],"version-history":[{"count":1,"href":"https:\/\/www.rtours.rs\/sr\/wp-json\/wp\/v2\/pages\/3430\/revisions"}],"predecessor-version":[{"id":3431,"href":"https:\/\/www.rtours.rs\/sr\/wp-json\/wp\/v2\/pages\/3430\/revisions\/3431"}],"wp:attachment":[{"href":"https:\/\/www.rtours.rs\/sr\/wp-json\/wp\/v2\/media?parent=3430"}],"curies":[{"name":"wp","href":"https:\/\/api.w.org\/{rel}","templated":true}]}}