{"id":35,"date":"2016-03-16T09:24:49","date_gmt":"2016-03-16T08:24:49","guid":{"rendered":"http:\/\/www.rtours.rs\/sr\/?page_id=35"},"modified":"2020-10-24T09:24:11","modified_gmt":"2020-10-24T07:24:11","slug":"utisci-sa-putovanja","status":"publish","type":"page","link":"https:\/\/www.rtours.rs\/sr\/utisci-sa-putovanja\/","title":{"rendered":"Utisci sa putovanja"},"content":{"rendered":"<h3>Utisci sa putovanja korisnika na\u0161ih usluga<\/h3>\n<hr \/>\n<div id=\"shortcode_testimonial_1\" class='shortcode_testimonial'>\t    \t\t    <div class=\"controls\">\n\t\t\t<a class=\"prev\" href=\"#\">Previous<\/a>\n\t\t\t<a class=\"next\" href=\"#\">Next<\/a>\n\t\t    <\/div>\n\t\t\t        <div class=\"jcycle\">\n\t\t    \t\t\t<div class=\"testimonial\">\n\t\t\t    <div class=\"quote\">\n\t\t\t\t<div>Postovani,<\/div>\n<div id=\"m_-7017537099311494708AppleMailSignature\"><\/div>\n<div id=\"m_-7017537099311494708AppleMailSignature\">Ovim putem zelim da Vam se zahvalim za citavu organizaciju ovog divnog odmora u hotelu Avala.<br \/>\nSve je proslo kako treba i divno smo se proveli!<br \/>\nSa velikim zadovoljstvom bih i nekom drugom prilikom rezervisao moj odmor preko Vase agencije!<\/div>\n<div id=\"m_-7017537099311494708AppleMailSignature\"><\/div>\n<div id=\"m_-7017537099311494708AppleMailSignature\">Veliki pozdrav!<\/div>\n<div id=\"m_-7017537099311494708AppleMailSignature\">Igor<\/div>\n\t\t\t    <\/div>\n\t\t\t    <div class=\"testimonial_meta\">\n\t\t\t\t<span class=\"testimonial_author\">Igor<\/span>\n\t\t\t\t<span><\/span>\n\t\t\t    <\/div>\n\t\t\t<\/div>\n\t\t    \t\t\t<div class=\"testimonial\">\n\t\t\t    <div class=\"quote\">\n\t\t\t\t<p>Po\u0161tovani<\/p>\n<p>Bili smo na krstarenju Volgom od 30.06-10.07. 2017. god. u organizaciji va\u0161e agencije.<\/p>\n<p>\u017deleli bi smo da vam se zahvalimo na divnom putovanju, koje ste nam omogu\u0107ili, a koje je prevazi\u0161lo sva na\u0161a o\u010dekivanja. Na beogradskom aerodromu nas je sa\u010dekao predstavnik agencije i ispratio nas.U Peterburgu nas je tako\u0111e sa\u010dekao predstavnik agencije (koji je sve vreme putovao sa nama) sa organizovanim prevozom do broda. Brodske kabine, kao i sve ostale prostorije na brodu su vrlo lepo ure\u0111ene i komforne. Higijena na brodu se odr\u017eava na vrlo visokom nivou. Osoblje je jako ljubazno. Predstavnik agencije nam je svakog dana ostavljao raspored fakultativnih izleta i aktivnosti za sutra\u0161nji dan. Hrana na brodu je bila vrlo ukusna. U svakom gradu koji smo obilazili imali smo lokalne vodi\u010de, koji su nam pru\u017eili toliko informacija o istoriji, kulturi i knji\u017eevnosti Rusije, da smo zaista puno toga saznali. Na brodu je tako\u0111e bilo dosta zabavnih sadr\u017eaja, kao: takmi\u010denje u pevanju ruskih pesama, plesu, predavanja o starim zanatima i dr. Svi fakultativni izleti su bili odli\u010dno organizovani u pratnji vrlo stru\u010dnih i \u0161armantnih vodi\u010da. Organizaciju putovanja bi smo ocenili najvi\u0161om ocenom.<\/p>\n<p>\u017deleli bi smo jo\u0161 jednom da Vam zahvalimo na prelepom putovanju koje ste nam omogu\u0107ili. Nadamo se da \u0107emo biti u prilici da ponovo putujemo u oranizaciji Va\u0161e agencije.<\/p>\n<p>Cvetojevi\u0107 Marijana i Stankovi\u0107 Ljubi\u0161a.<\/p>\n\t\t\t    <\/div>\n\t\t\t    <div class=\"testimonial_meta\">\n\t\t\t\t<span class=\"testimonial_author\">Cvetojevi\u0107 Marijana i Stankovi\u0107 Ljubi\u0161a.<\/span>\n\t\t\t\t<span><\/span>\n\t\t\t    <\/div>\n\t\t\t<\/div>\n\t\t    \t\t\t<div class=\"testimonial\">\n\t\t\t    <div class=\"quote\">\n\t\t\t\t<p>Po\u0161tovana Zorice!<br \/>\nEvo nas, javljamo se nakon predivnog krstarenja. Zdravlje nas poslu\u017ei dobro\u0161to \u017eelimo i Vama.<br \/>\nMolim Vas da prenesete na\u0161u najiskreniju zahvalnost za sve u\u010desnike koji su nam omogu\u0107ili da bezbri\u017eno provedemo ovih 11 divnih dana.<br \/>\nO Va\u0161oj firmi mo\u017eemo da ka\u017eemo samo delikatne re\u010di. Prili\u010dno smo puno putovali ali takvu savr\u0161enu organizaciju na putovanju nismo sreli.<br \/>\nPonosno ka\u017eemo da bez obzira na obim programa na putu uop\u0161te nismo se ni jednog trenutka ose\u0107ali da smo umorni. Ve\u0107ina grupe su bili stariji ljudipoput nas, i niko se nije \u017ealio.<\/p>\n<p>Svi voditelji na ekskurzijama su vrlo profesionalno radili. Znali su uvek da privuku pa\u017enju i da u svakom trenutku vode ra\u010duna o grupi. Posebno bih istakao Zoranu koja nas je vodila celo vreme na krstarenju. Ona je vrlo profesionalno radila, ima neverovatno visoko znanje i neverovatnu sposobnost da o svakom pojedina\u010dno zna &#8220;ko kako di\u0161e&#8220;.<\/p>\n<p>U toku dana uvek je na\u0161la vreme da sa svakim porazgovara, uvek je spremna da pomogne u svemu.<br \/>\nSve u svemu bilo je izuzetno divno! Svima predla\u017eemo Va\u0161u agenciju.<\/p>\n<p>Pozdrav,<br \/>\nZoltan i Irena<\/p>\n\t\t\t    <\/div>\n\t\t\t    <div class=\"testimonial_meta\">\n\t\t\t\t<span class=\"testimonial_author\">Irena i Zoltan<\/span>\n\t\t\t\t<span><\/span>\n\t\t\t    <\/div>\n\t\t\t<\/div>\n\t\t    \t\t\t<div class=\"testimonial\">\n\t\t\t    <div class=\"quote\">\n\t\t\t\t<p>Po\u0161tovani,<\/p>\n<div>I\u0161li smo na krstarenje Volgom od 20. do 30. juna, Divno smo se proveli &#8230; a posebno smo se odu\u0161evili Moskvom videv\u0161i njen mali deo.\u00a0 Odmarali smo o\u010di posmatraju\u0107i predele i du\u0161u obilaze\u0107i gradove, gradi\u0107e, manastire i muzeje \ud83d\ude42<\/p>\n<div>Krstarenje je pro\u0161lo fantasti\u010dno. Osoblje je veoma ljubazno, kabine su \u010diste, hrana ukusna &#8230; Neki iz grupe koji su bili u zadnjem delu broda su imali problema sa bukom. Mi smo bili u prednjem delu broda i ni\u0161ta nismo \u010duli. Kabina 137 na brodu Surikov je za svaku preporuku \ud83d\ude42<\/div>\n<div>Posebno bismo, od svih vodi\u010da, pohvalili gospo\u0111u Elenu (Jelenu) koja nam je bila lokalni vodi\u010d u Moskvi. Veoma nam je lepo pri\u010dala na razne teme a odgovarali su nam tempo i organizovanost.<\/div>\n<div><\/div>\n<div>Sve u svemu, ovo putovanje uveliko preporu\u010dujemo prijateljima \ud83d\ude42<\/div>\n<div>Sve najbolje vam svima \u017eele,<\/div>\n<div>Zorana i Aleksandar Radovanovi\u0107<\/div>\n<\/div>\n\t\t\t    <\/div>\n\t\t\t    <div class=\"testimonial_meta\">\n\t\t\t\t<span class=\"testimonial_author\">Zorana i Aleksandar Radovanovi\u0107<\/span>\n\t\t\t\t<span><\/span>\n\t\t\t    <\/div>\n\t\t\t<\/div>\n\t\t    \t\t\t<div class=\"testimonial\">\n\t\t\t    <div class=\"quote\">\n\t\t\t\t<p>Zorice,<\/p>\n<p>Samo da vam se javim, sve je bilo super. Hvala na organizaciji.<\/p>\n<p>Pozdrav,<\/p>\n<p>Marko<\/p>\n<p>BEOTIM, Beograd<\/p>\n\t\t\t    <\/div>\n\t\t\t    <div class=\"testimonial_meta\">\n\t\t\t\t<span class=\"testimonial_author\"><\/span>\n\t\t\t\t<span><\/span>\n\t\t\t    <\/div>\n\t\t\t<\/div>\n\t\t    \t\t\t<div class=\"testimonial\">\n\t\t\t    <div class=\"quote\">\n\t\t\t\t<div id=\"m_74841779161200872yui_3_16_0_ym19_1_1493906299046_4130\"><span id=\"m_74841779161200872yui_3_16_0_ym19_1_1493906299046_4129\">Hvala Vam za dobru organizaciju puta u Moskvu i St. Peterburg.<\/span><\/div>\n<div id=\"m_74841779161200872yui_3_16_0_ym19_1_1493906299046_4128\" dir=\"ltr\"><span id=\"m_74841779161200872yui_3_16_0_ym19_1_1493906299046_4127\">Sve pohvale za Draganu Smajovic, koja nije bila &#8222;pratilac&#8220;, nego clan porodice i vise od toga!!!<\/span><\/div>\n<div id=\"m_74841779161200872yui_3_16_0_ym19_1_1493906299046_4128\" dir=\"ltr\"><span id=\"m_74841779161200872yui_3_16_0_ym19_1_1493906299046_4492\">Zbog nje i svih clanova Vase agencije koji su ucestvovali u organizaciji ovog putovanja,<\/span><\/div>\n<div id=\"m_74841779161200872yui_3_16_0_ym19_1_1493906299046_4128\" dir=\"ltr\">sigurni smo da i u buducnosti zelimo putovati sa Vama!<\/div>\n<div id=\"m_74841779161200872yui_3_16_0_ym19_1_1493906299046_4128\" dir=\"ltr\"><\/div>\n<div id=\"m_74841779161200872yui_3_16_0_ym19_1_1493906299046_4128\" dir=\"ltr\">Do skorog vidjenja, veliki pozdrav od porodice Djordjevic<\/div>\n\t\t\t    <\/div>\n\t\t\t    <div class=\"testimonial_meta\">\n\t\t\t\t<span class=\"testimonial_author\"><\/span>\n\t\t\t\t<span><\/span>\n\t\t\t    <\/div>\n\t\t\t<\/div>\n\t\t    \t\t\t<div class=\"testimonial\">\n\t\t\t    <div class=\"quote\">\n\t\t\t\t<p>Drage Zorica I Marija,<\/p>\n<p>Moja supruga Ljiljana i ja obavestavamo Vas sa osobitim \u00a0zadovoljstvom da je nasa turisticka tura u Moskvu i Sank Peterburg protekla veoma uspesno i da smo se juce vratili po predvidjenom planu. Smestaj u hotelima je bio izvanredan, a svaki dan je bio ispunjen programom prema zeljama clanova grupe, uz veoma dobru organizaciju. Zahvalnost za sve to dugujemo nasoj veoma cenjenoj pratilji \u2013 Dragani,\u00a0 koja je na ljubazan i veoma odgovoran, savestan, neposredan i krajnje profesionalan nacin brinula o svakom clanu grupe i o svim detaljima programa. Sve to je dorprinelo da se od prvog dana medju clanovima grupe stvori veoma prijatna atmosfera i visok stepen poverenja u sve aspekte programa. Imali smo isto tako \u00a0veliko zadovoljstvo da nas u programu u Moskvi i Sankt Peterburgu prate veoma kvalifikovani i visoko profesionalni vodici \u2013 Svetoslava i Vera. Sve u svemu, jos od prvog dana susreta sa Vama u Agenciji, do poslednjeg trenutka naseg turistickog putovanja, sve je teklo veoma uspesno, zahvaljujuci Vasem krajnje savesnom i odgovornom radu. Ostvarili smo ono sto smo i zeleli \u2013 dobili nova saznanja i novi uvid u lepotu i \u00a0impresivno \u00a0bogatsvo istorije, kulture i duhovnosti ruskog naroda. Jednom recju, zahvaljujuci Vama i Vasim saradnicama ostvarili smo putovanje\u00a0 sa kojeg smo poneli izuzetno bogate i nezaboravne uspomene.<\/p>\n<p>Uz iskrene zelje za uspesan rad Agencije i\u00a0 svih njenih saradnika, srdacno Vas pozdravljamo,<\/p>\n<p>Ljiljana i Dragomir Vucicevic<\/p>\n\t\t\t    <\/div>\n\t\t\t    <div class=\"testimonial_meta\">\n\t\t\t\t<span class=\"testimonial_author\"><\/span>\n\t\t\t\t<span><\/span>\n\t\t\t    <\/div>\n\t\t\t<\/div>\n\t\t    \t\t\t<div class=\"testimonial\">\n\t\t\t    <div class=\"quote\">\n\t\t\t\t<p>Postovane kolege,<br \/>\nBio sam sa suprugom u organizaciji Vase Agencije na putovanje u Moskvu i Sankt Peterburg<br \/>\nod 28.04-04.05.2017.god. i dozivio izuzetno lijepe trenutke na cemu vam srdacno cestitam i zelim puno uspjeha u radu u narednom periodu.<br \/>\nPravi ste profesionalci i poznavaoci svog posla.<br \/>\nTakodje bih posebno naglasio izvanredan ljudski i pofesionalni odnos prema nama Vase vodje puta za Rusiju gospodje Dragane Smajovic.<br \/>\nNeumorna, ljubazna, pozrtvovana. Sve naj, naj.<\/p>\n<p>Za R-TOURS i DRAGANU najvisa ocjena 5+<\/p>\n<p>Pozdrav iz Podgorice<br \/>\nMiki i Zoraida Bogetic<\/p>\n\t\t\t    <\/div>\n\t\t\t    <div class=\"testimonial_meta\">\n\t\t\t\t<span class=\"testimonial_author\"><\/span>\n\t\t\t\t<span><\/span>\n\t\t\t    <\/div>\n\t\t\t<\/div>\n\t\t    \t\t\t<div class=\"testimonial\">\n\t\t\t    <div class=\"quote\">\n\t\t\t\t<p>Po\u0161tovani,<\/p>\n<p>Zahvalni smo Vam na divno organizovanom &#8222;Krstarenju Volgom&#8220;20-30\/06\/16., koje je ostalo za pam\u0107enje.<\/p>\n<div><span class=\"il\">Pozdrav<\/span> <span class=\"il\">od<\/span> <span class=\"il\">Darinke<\/span> i <span class=\"il\">Dragomira<\/span> Obradovi\u0107a iz \u010ca\u010dka.<\/div>\n\t\t\t    <\/div>\n\t\t\t    <div class=\"testimonial_meta\">\n\t\t\t\t<span class=\"testimonial_author\">Darinka<\/span>\n\t\t\t\t<span><\/span>\n\t\t\t    <\/div>\n\t\t\t<\/div>\n\t\t    \t\t\t<div class=\"testimonial\">\n\t\t\t    <div class=\"quote\">\n\t\t\t\t<div><span class=\"il\">U<\/span> <span class=\"il\">Moskvi<\/span> <span class=\"il\">nam<\/span> <span class=\"il\">je<\/span> <span class=\"il\">bilo<\/span> <span class=\"il\">predivno<\/span>. Jedno lepo dru\u017eenje,ljubaznost, usluga i pozicija\u00a0hotela su bili odli\u010dni.<br \/>\nSmatram da smo <span class=\"il\">u<\/span> skladu sa aran\u017emanom dobili maksimalnu uslugu. Vodi\u010di su bili na usluzi, Ruskinja jako \u0161armantna, harizmati\u010dna.<br \/>\n<span class=\"il\">Bilo<\/span> <span class=\"il\">je<\/span> to\u00a0jedno divno putovanje, organizovano\u00a0bez ikakvih trzavica. O vama i vasoj agenciji mogu re\u0107i samo re\u010di hvale, kao \u0161to to ve\u0107 \u010dinim.<br \/>\nRado \u0107<span class=\"il\">u<\/span> vas preporu\u010diti i ponovo putovati sa vama.<\/div>\n<div><\/div>\n<div>Hvala Vam\u00a0na svemu.<\/div>\n<div>Ulep\u0161ali ste <span class=\"il\">nam<\/span> novogodi\u0161nje praznike.<\/div>\n<div>Veliki pozdrav, Biljana.<\/div>\n\t\t\t    <\/div>\n\t\t\t    <div class=\"testimonial_meta\">\n\t\t\t\t<span class=\"testimonial_author\">Biljana<\/span>\n\t\t\t\t<span><\/span>\n\t\t\t    <\/div>\n\t\t\t<\/div>\n\t\t    \t\t\t<div class=\"testimonial\">\n\t\t\t    <div class=\"quote\">\n\t\t\t\t<p><span class=\"il\">Evo<\/span> <span class=\"il\">ve\u0107<\/span> <span class=\"il\">24<\/span> <span class=\"il\">sata<\/span> kako smo stigli, a nikako da stignem da Vam se oglasim \ud83d\ude42<\/p>\n<p>Mi smo se proveli fantasticno, svo troje, svako na svoj na\u010din. Prepuni smo utisaka,<br \/>\ntelefoni i fotoaparati jo\u0161 uvek prepuni fotografija, usta puna pri\u010de, samo malo da se sredimo,<br \/>\nsakupimo fotografije i \u0161aljem Vam i poneki dokaz sjajne ruske avanture \ud83d\ude42<\/p>\n<p>Za organizaciju Rtours-u sve pohvale, Dragan je (o\u010digledno standardno iskusno)<br \/>\nbio na visini svakog zadatka (jao, \u0161to je te\u0161ko ljudima ugoditi, svaka mu cast!),<br \/>\nnjega posebno da pozdravite, a mi se vidimo \u010dujemo i dopisujemo&#8230;<\/p>\n<p>Veliki pozdrav od<br \/>\nAndrije<\/p>\n\t\t\t    <\/div>\n\t\t\t    <div class=\"testimonial_meta\">\n\t\t\t\t<span class=\"testimonial_author\">Andrija<\/span>\n\t\t\t\t<span><\/span>\n\t\t\t    <\/div>\n\t\t\t<\/div>\n\t\t    \t\t\t<div class=\"testimonial\">\n\t\t\t    <div class=\"quote\">\n\t\t\t\t<p><span class=\"il\">Koristim<\/span> <span class=\"il\">priliku<\/span> <span class=\"il\">da<\/span> <span class=\"il\">Vam<\/span> <span class=\"il\">se<\/span> <span class=\"il\">javim<\/span> i <span class=\"il\">pozdravim<\/span> Vasu kompletnu ekipu u Agenciji.<br \/>\nPutovanje je bilo izuzetno lijepo i upe\u010datljivo, puno krasnih utisaka, vrijeme za nas vrlo prihvatljivo.<br \/>\nHvala jo\u0161 jednom, i ko zna, mozda <span class=\"il\">se<\/span> u dogledno vrijeme ponovo vratimo, a u svakom slu\u010daju ima\u0107ete na\u0161u preporuku za na\u0161e poznanike.<\/p>\n<p>LP,<\/p>\n<p>Amir, TUZLA.<\/p>\n\t\t\t    <\/div>\n\t\t\t    <div class=\"testimonial_meta\">\n\t\t\t\t<span class=\"testimonial_author\">Amir<\/span>\n\t\t\t\t<span><\/span>\n\t\t\t    <\/div>\n\t\t\t<\/div>\n\t\t    \t\t\t<div class=\"testimonial\">\n\t\t\t    <div class=\"quote\">\n\t\t\t\t<p>\u041f\u043e\u0437\u0434\u0440\u0430\u0432,<br \/>\n\u0414\u0438\u0432\u043d\u043e \u0441\u043c\u043e \u0441\u0435 \u043f\u0440\u043e\u0432\u0435\u043b\u0438, \u043c\u0435\u043d\u0438 \u0441\u0435 \u0441\u0432\u0438\u0434\u0435\u043b\u043e \u0441\u043a\u043e\u0440\u043e \u0441\u0432\u0435,<br \/>\n\u0458\u0435\u0434\u0438\u043d\u043e \u0448\u0442\u043e \u0431\u0438 \u043c\u043e\u0436\u0434\u0430 \u0431\u0438\u043b\u043e \u0431\u043e\u0459\u0435 \u0434\u0430 \u0438\u043c\u0430 \u0431\u0430\u0440 \u0458\u043e\u0448 \u0458\u0435\u0434\u0430\u043d \u0434\u0430\u043d \u043f\u043e \u0433\u0440\u0430\u0434\u0443,<br \/>\n\u0458\u0435\u0440 \u043f\u043e\u0458\u0435\u0434\u0438\u043d\u0430 \u043c\u0435\u0441\u0442\u0430, \u043f\u0440\u0438\u043c\u0435\u0440\u0430 \u0440\u0430\u0434\u0438 \u041c\u0443\u0437\u0435\u0458 \u043a\u043e\u0441\u043c\u043e\u043d\u0430\u0443\u0442\u0438\u043a\u0435 \u0443 \u041c\u043e\u0441\u043a\u0432\u0438 \u043d\u0438\u0441\u043c\u043e<br \/>\n\u0441\u0442\u0438\u0433\u043b\u0438 \u0434\u0430 \u043f\u043e\u0441\u0435\u0442\u0438\u043c\u043e&#8230;<br \/>\n\u0410\u043b\u0438 \u0434\u043e\u0431\u0440\u043e, \u0431\u0438\u045b\u0435 \u0458\u043e\u0448 \u043f\u043e\u0441\u0435\u0442\u0430.<\/p>\n<p>\u0412\u0435\u043b\u0438\u043a\u0438 \u043f\u043e\u0437\u0434\u0440\u0430\u0432 \u0441\u0432\u0438\u043c\u0430 \u0432\u0430\u043c\u0430,<\/p>\n\t\t\t    <\/div>\n\t\t\t    <div class=\"testimonial_meta\">\n\t\t\t\t<span class=\"testimonial_author\">\u041c\u0430\u0440\u043a\u043e \u0421\u0442\u043e\u0458\u043a\u043e\u0432\u0438\u045b<\/span>\n\t\t\t\t<span><\/span>\n\t\t\t    <\/div>\n\t\t\t<\/div>\n\t\t    \t\t\t<div class=\"testimonial\">\n\t\t\t    <div class=\"quote\">\n\t\t\t\t<p>Draga Zorice,<br \/>\nna putovanju nam je nilo divno. Jo\u0161 sre\u0111ujemo utiske. \u0160to se ti\u010de va\u0161e agencije,<br \/>\nvrlo smo zadovoljni vo\u0111om puta gospodinom Draganom i vodi\u010dima Verom i Lenom.<br \/>\nSme\u0161taj je bio dobar, samo bi bilo bolje da je hotel u Moskvi manje luksuzan,<br \/>\na da se boravak produ\u017ei za jedan dan. Boravak u Rusiji do\u017eivela sam vrlo emotivno<br \/>\ni zahvalna sam vam na tome \u0161to ste mi omogu\u0107ili da puno toga vidim i do\u017eivim.<\/p>\n<p>Suprug sad razmi\u0161lja i o krstarenju po Rusiji.<br \/>\nSve vas srda\u010dno pozdravljam i jo\u0161 jednom hvala,<\/p>\n\t\t\t    <\/div>\n\t\t\t    <div class=\"testimonial_meta\">\n\t\t\t\t<span class=\"testimonial_author\">Natalija Lazovi\u0107<\/span>\n\t\t\t\t<span><\/span>\n\t\t\t    <\/div>\n\t\t\t<\/div>\n\t\t    \t\t\t<div class=\"testimonial\">\n\t\t\t    <div class=\"quote\">\n\t\t\t\t<p>Po\u0161tovani,<br \/>\nHvala za divan aran\u017eman BELE NOCI &#8211; Moskva\/Peterburg &#8230;<br \/>\nPrevazi\u0161lo je sva na\u0161a o\u0161ekivanja.<br \/>\nSrda\u010dan pozdrav,<\/p>\n\t\t\t    <\/div>\n\t\t\t    <div class=\"testimonial_meta\">\n\t\t\t\t<span class=\"testimonial_author\"> Marjan Marjanovi\u0107<\/span>\n\t\t\t\t<span><\/span>\n\t\t\t    <\/div>\n\t\t\t<\/div>\n\t\t    \t\t\t<div class=\"testimonial\">\n\t\t\t    <div class=\"quote\">\n\t\t\t\t<p>Putovanje nam se dopalo, oba grada su nam se jako dopala.<br \/>\nIsto tako i priroda kroz koju se plovi i mesta u koja se svra\u0107a.<\/p>\n<p>Zadovoljni smo i\u00a0 vodi\u010dem Zoranom koja se trudila da sve protekne u najboljem redu.<br \/>\nJedino je \u0161teta \u0161to se u Moskvi ostaje samo dan i po ali smo shvatili da je to ograni\u010deno<br \/>\ndu\u017einom boravka brodova u luci.<br \/>\nPozdrav<\/p>\n\t\t\t    <\/div>\n\t\t\t    <div class=\"testimonial_meta\">\n\t\t\t\t<span class=\"testimonial_author\">Drago\u0161 Vasovi\u0107<\/span>\n\t\t\t\t<span><\/span>\n\t\t\t    <\/div>\n\t\t\t<\/div>\n\t\t    \t        <\/div>\n\t\t<\/div>        <script type=\"text\/javascript\">\n            jQuery(document).ready(function () {\n                var conf = {\n\t\t\t\t\tfx: 'fade',\n\t\t\t\t\ttimeout: 20000,\n\t\t\t\t\tnext: '#shortcode_testimonial_1 .prev',\n\t\t\t\t\tprev: '#shortcode_testimonial_1 .next',\n                    before: animateHeight,\n                    slideResize: true,\n                    containerResize: false,\n                    width: '100%',\n                    fit: 1\n                };\n\t\t                    conf.random = true;\n\t\t\n\t\t\t\tif (jQuery('#shortcode_testimonial_1 .jcycle').length) {\n\t\t\t\t\tjQuery('#shortcode_testimonial_1 .jcycle').cycle(conf);\n                }\n\n                function animateHeight(currElement, nextElement, opts, isForward) {\n\n                    jQuery(nextElement).closest('.jcycle').animate({height: jQuery(nextElement).innerHeight()});\n                }\n\n            });\n\t\t<\/script>\n<hr \/>\n<p><img loading=\"lazy\" decoding=\"async\" width=\"1512\" height=\"1871\" class=\"alignnone size-full wp-image-3592 imgborder\" src=\"https:\/\/www.rtours.rs\/sr\/wp-content\/uploads\/2020\/10\/karta-krstarenja-rusijom.jpg\" alt=\"\" srcset=\"https:\/\/www.rtours.rs\/sr\/wp-content\/uploads\/2020\/10\/karta-krstarenja-rusijom.jpg 1512w, https:\/\/www.rtours.rs\/sr\/wp-content\/uploads\/2020\/10\/karta-krstarenja-rusijom-242x300.jpg 242w, https:\/\/www.rtours.rs\/sr\/wp-content\/uploads\/2020\/10\/karta-krstarenja-rusijom-768x950.jpg 768w, https:\/\/www.rtours.rs\/sr\/wp-content\/uploads\/2020\/10\/karta-krstarenja-rusijom-828x1024.jpg 828w\" sizes=\"(max-width: 1512px) 100vw, 1512px\" \/><\/p>\n","protected":false},"excerpt":{"rendered":"<p>Utisci sa putovanja korisnika na\u0161ih usluga<\/p>\n","protected":false},"author":1,"featured_media":0,"parent":0,"menu_order":0,"comment_status":"closed","ping_status":"closed","template":"template-rightsidebar.php","meta":{"footnotes":""},"yoast_head":"<!-- This site is optimized with the Yoast SEO plugin v21.5 - https:\/\/yoast.com\/wordpress\/plugins\/seo\/ -->\n<title>Utisci sa putovanja - R-TOURS<\/title>\n<meta name=\"robots\" content=\"index, follow, max-snippet:-1, max-image-preview:large, max-video-preview:-1\" \/>\n<link rel=\"canonical\" href=\"https:\/\/www.rtours.rs\/sr\/utisci-sa-putovanja\/\" \/>\n<meta property=\"og:locale\" content=\"sr_RS\" \/>\n<meta property=\"og:type\" content=\"article\" \/>\n<meta property=\"og:title\" content=\"Utisci sa putovanja - R-TOURS\" \/>\n<meta property=\"og:description\" content=\"Utisci sa putovanja korisnika na\u0161ih usluga\" \/>\n<meta property=\"og:url\" content=\"https:\/\/www.rtours.rs\/sr\/utisci-sa-putovanja\/\" \/>\n<meta property=\"og:site_name\" content=\"R-TOURS\" \/>\n<meta property=\"article:modified_time\" content=\"2020-10-24T07:24:11+00:00\" \/>\n<meta property=\"og:image\" content=\"https:\/\/www.rtours.rs\/sr\/wp-content\/uploads\/2020\/10\/karta-krstarenja-rusijom.jpg\" \/>\n<meta name=\"twitter:card\" content=\"summary_large_image\" \/>\n<script type=\"application\/ld+json\" class=\"yoast-schema-graph\">{\"@context\":\"https:\/\/schema.org\",\"@graph\":[{\"@type\":\"WebPage\",\"@id\":\"https:\/\/www.rtours.rs\/sr\/utisci-sa-putovanja\/\",\"url\":\"https:\/\/www.rtours.rs\/sr\/utisci-sa-putovanja\/\",\"name\":\"Utisci sa putovanja - R-TOURS\",\"isPartOf\":{\"@id\":\"https:\/\/www.rtours.rs\/sr\/#website\"},\"datePublished\":\"2016-03-16T08:24:49+00:00\",\"dateModified\":\"2020-10-24T07:24:11+00:00\",\"breadcrumb\":{\"@id\":\"https:\/\/www.rtours.rs\/sr\/utisci-sa-putovanja\/#breadcrumb\"},\"inLanguage\":\"sr-RS\",\"potentialAction\":[{\"@type\":\"ReadAction\",\"target\":[\"https:\/\/www.rtours.rs\/sr\/utisci-sa-putovanja\/\"]}]},{\"@type\":\"BreadcrumbList\",\"@id\":\"https:\/\/www.rtours.rs\/sr\/utisci-sa-putovanja\/#breadcrumb\",\"itemListElement\":[{\"@type\":\"ListItem\",\"position\":1,\"name\":\"Home\",\"item\":\"https:\/\/www.rtours.rs\/sr\/\"},{\"@type\":\"ListItem\",\"position\":2,\"name\":\"Utisci sa putovanja\"}]},{\"@type\":\"WebSite\",\"@id\":\"https:\/\/www.rtours.rs\/sr\/#website\",\"url\":\"https:\/\/www.rtours.rs\/sr\/\",\"name\":\"R-TOURS\",\"description\":\"Putovanja u Rusiju\",\"potentialAction\":[{\"@type\":\"SearchAction\",\"target\":{\"@type\":\"EntryPoint\",\"urlTemplate\":\"https:\/\/www.rtours.rs\/sr\/?s={search_term_string}\"},\"query-input\":\"required name=search_term_string\"}],\"inLanguage\":\"sr-RS\"}]}<\/script>\n<!-- \/ Yoast SEO plugin. -->","yoast_head_json":{"title":"Utisci sa putovanja - R-TOURS","robots":{"index":"index","follow":"follow","max-snippet":"max-snippet:-1","max-image-preview":"max-image-preview:large","max-video-preview":"max-video-preview:-1"},"canonical":"https:\/\/www.rtours.rs\/sr\/utisci-sa-putovanja\/","og_locale":"sr_RS","og_type":"article","og_title":"Utisci sa putovanja - R-TOURS","og_description":"Utisci sa putovanja korisnika na\u0161ih usluga","og_url":"https:\/\/www.rtours.rs\/sr\/utisci-sa-putovanja\/","og_site_name":"R-TOURS","article_modified_time":"2020-10-24T07:24:11+00:00","og_image":[{"url":"https:\/\/www.rtours.rs\/sr\/wp-content\/uploads\/2020\/10\/karta-krstarenja-rusijom.jpg"}],"twitter_card":"summary_large_image","schema":{"@context":"https:\/\/schema.org","@graph":[{"@type":"WebPage","@id":"https:\/\/www.rtours.rs\/sr\/utisci-sa-putovanja\/","url":"https:\/\/www.rtours.rs\/sr\/utisci-sa-putovanja\/","name":"Utisci sa putovanja - R-TOURS","isPartOf":{"@id":"https:\/\/www.rtours.rs\/sr\/#website"},"datePublished":"2016-03-16T08:24:49+00:00","dateModified":"2020-10-24T07:24:11+00:00","breadcrumb":{"@id":"https:\/\/www.rtours.rs\/sr\/utisci-sa-putovanja\/#breadcrumb"},"inLanguage":"sr-RS","potentialAction":[{"@type":"ReadAction","target":["https:\/\/www.rtours.rs\/sr\/utisci-sa-putovanja\/"]}]},{"@type":"BreadcrumbList","@id":"https:\/\/www.rtours.rs\/sr\/utisci-sa-putovanja\/#breadcrumb","itemListElement":[{"@type":"ListItem","position":1,"name":"Home","item":"https:\/\/www.rtours.rs\/sr\/"},{"@type":"ListItem","position":2,"name":"Utisci sa putovanja"}]},{"@type":"WebSite","@id":"https:\/\/www.rtours.rs\/sr\/#website","url":"https:\/\/www.rtours.rs\/sr\/","name":"R-TOURS","description":"Putovanja u Rusiju","potentialAction":[{"@type":"SearchAction","target":{"@type":"EntryPoint","urlTemplate":"https:\/\/www.rtours.rs\/sr\/?s={search_term_string}"},"query-input":"required name=search_term_string"}],"inLanguage":"sr-RS"}]}},"_links":{"self":[{"href":"https:\/\/www.rtours.rs\/sr\/wp-json\/wp\/v2\/pages\/35"}],"collection":[{"href":"https:\/\/www.rtours.rs\/sr\/wp-json\/wp\/v2\/pages"}],"about":[{"href":"https:\/\/www.rtours.rs\/sr\/wp-json\/wp\/v2\/types\/page"}],"author":[{"embeddable":true,"href":"https:\/\/www.rtours.rs\/sr\/wp-json\/wp\/v2\/users\/1"}],"replies":[{"embeddable":true,"href":"https:\/\/www.rtours.rs\/sr\/wp-json\/wp\/v2\/comments?post=35"}],"version-history":[{"count":6,"href":"https:\/\/www.rtours.rs\/sr\/wp-json\/wp\/v2\/pages\/35\/revisions"}],"predecessor-version":[{"id":3593,"href":"https:\/\/www.rtours.rs\/sr\/wp-json\/wp\/v2\/pages\/35\/revisions\/3593"}],"wp:attachment":[{"href":"https:\/\/www.rtours.rs\/sr\/wp-json\/wp\/v2\/media?parent=35"}],"curies":[{"name":"wp","href":"https:\/\/api.w.org\/{rel}","templated":true}]}}