{"id":3546,"date":"2020-10-16T23:03:02","date_gmt":"2020-10-16T21:03:02","guid":{"rendered":"https:\/\/www.rtours.rs\/sr\/?page_id=3546"},"modified":"2020-10-16T23:14:14","modified_gmt":"2020-10-16T21:14:14","slug":"avio-kompanije-aerodromi-letovi","status":"publish","type":"page","link":"https:\/\/www.rtours.rs\/sr\/avio-kompanije-aerodromi-letovi\/","title":{"rendered":"Avio kompanije, aerodromi i letovi"},"content":{"rendered":"\n\t    \t\t<article class=\"posts_listing blog_shortcode clearfix post-1099 post type-post status-publish format-standard has-post-thumbnail hentry category-avio-karte tag-aerodrom-tivat\" id=\"post-1099\">\n\t\t    \t\t        <a href=\"https:\/\/www.rtours.rs\/sr\/aerodrom-tivat\/\" title=\"Aerodrom Tivat\" class=\"imgborder clearfix thumb\"><img decoding=\"async\" src=\"https:\/\/www.rtours.rs\/sr\/wp-content\/uploads\/2017\/02\/tiv-150x100.jpg\" class=\"attachment-blog_shortcode size-blog_shortcode wp-post-image\" alt=\"\" \/><\/a>\n\t\t    \t\t    <h2 class=\"entry-title\"><a href=\"https:\/\/www.rtours.rs\/sr\/aerodrom-tivat\/\" rel=\"bookmark\" title=\"Permanent Link to Aerodrom Tivat\">Aerodrom Tivat<\/a><\/h2>\n\t\t    <div class=\"entry-content\">\n\t\t\t<p>Me\u0111unarodni Aerodrom Tivat sme\u0161ten je 4 km od centra grada Tivta, 8 kilometara od Kotora i 20 kilometara od Budve, a planine koje se strmo di\u017eu oko aerodroma i pista koja se zavr\u0161ava na 50 metara od voda Boko-Kotorskog zaliva, predstavlja pravi izazov prilaza i sletanja. Aerodrom u Tivtu ne predstavlja transferni centar a na&#8230;<\/p>\n\t\t    <\/div>\n\t\t<\/article>\n\t    \t\t<article class=\"posts_listing blog_shortcode clearfix post-1081 post type-post status-publish format-standard has-post-thumbnail hentry category-avio-karte tag-aerodrom-podgorica\" id=\"post-1081\">\n\t\t    \t\t        <a href=\"https:\/\/www.rtours.rs\/sr\/aerodrom-podgorica\/\" title=\"Aerodrom Podgorica\" class=\"imgborder clearfix thumb\"><img decoding=\"async\" src=\"https:\/\/www.rtours.rs\/sr\/wp-content\/uploads\/2017\/02\/pdg-150x100.jpg\" class=\"attachment-blog_shortcode size-blog_shortcode wp-post-image\" alt=\"\" \/><\/a>\n\t\t    \t\t    <h2 class=\"entry-title\"><a href=\"https:\/\/www.rtours.rs\/sr\/aerodrom-podgorica\/\" rel=\"bookmark\" title=\"Permanent Link to Aerodrom Podgorica\">Aerodrom Podgorica<\/a><\/h2>\n\t\t    <div class=\"entry-content\">\n\t\t\t<p>Podgori\u010dki me\u0111unarodni aerodrom sme\u0161ten je oko 12 kilometara ju\u017eno od prestonice Crne Gore, Podgorice i uz aerodrom u Tivtu jedan je od dvaju civilnih aerodroma u Crnoj Gori. Sme\u0161ten je pored magistralnog puta sa dve oznake: E65 i E80, a koji povezuje Podgoricu sa crnogorskim primorjem preko Skadarskog jezera i tunela Sozina. Zbog neposredne blizine&#8230;<\/p>\n\t\t    <\/div>\n\t\t<\/article>\n\t    \t\t<article class=\"posts_listing blog_shortcode clearfix post-979 post type-post status-publish format-standard has-post-thumbnail hentry category-avio-karte tag-avio-jarte tag-let-beograd-moskva tag-najjeftinije-avio-karte\" id=\"post-979\">\n\t\t    \t\t        <a href=\"https:\/\/www.rtours.rs\/sr\/let-beograd-moskva\/\" title=\"Let Beograd &#8211; Moskva\" class=\"imgborder clearfix thumb\"><img decoding=\"async\" src=\"https:\/\/www.rtours.rs\/sr\/wp-content\/uploads\/2017\/02\/mspppp-150x100.jpg\" class=\"attachment-blog_shortcode size-blog_shortcode wp-post-image\" alt=\"\" \/><\/a>\n\t\t    \t\t    <h2 class=\"entry-title\"><a href=\"https:\/\/www.rtours.rs\/sr\/let-beograd-moskva\/\" rel=\"bookmark\" title=\"Permanent Link to Let Beograd &#8211; Moskva\">Let Beograd &#8211; Moskva<\/a><\/h2>\n\t\t    <div class=\"entry-content\">\n\t\t\t<p>Ukoliko \u017eelite da letite u Moskvu i dalje, u druge ruske gradove, R-TOURS kao specijalizovani turoperator za Rusiju (i zemlje biv\u0161eg SSSR-a) svakako mo\u017ee da Vam iza\u0111e u susret i obezbedi najjeftinije avio karte. Tako\u0111e, R-TOURS\u00a0 ima i specijalnu mogu\u0107nost prodaje avio karata za sve unutra\u0161nje letove u okviru Ruske Federacije \u0161to \u0107e Va\u0161 put&#8230;<\/p>\n\t\t    <\/div>\n\t\t<\/article>\n\t    \t\t<article class=\"posts_listing blog_shortcode clearfix post-971 post type-post status-publish format-standard has-post-thumbnail hentry category-avio-karte tag-aeroflot\" id=\"post-971\">\n\t\t    \t\t        <a href=\"https:\/\/www.rtours.rs\/sr\/aeroflot\/\" title=\"Aeroflot\" class=\"imgborder clearfix thumb\"><img decoding=\"async\" src=\"https:\/\/www.rtours.rs\/sr\/wp-content\/uploads\/2017\/02\/af-150x100.jpg\" class=\"attachment-blog_shortcode size-blog_shortcode wp-post-image\" alt=\"\" srcset=\"https:\/\/www.rtours.rs\/sr\/wp-content\/uploads\/2017\/02\/af-150x100.jpg 150w, https:\/\/www.rtours.rs\/sr\/wp-content\/uploads\/2017\/02\/af-300x200.jpg 300w, https:\/\/www.rtours.rs\/sr\/wp-content\/uploads\/2017\/02\/af-75x50.jpg 75w, https:\/\/www.rtours.rs\/sr\/wp-content\/uploads\/2017\/02\/af.jpg 600w\" sizes=\"(max-width: 150px) 100vw, 150px\" \/><\/a>\n\t\t    \t\t    <h2 class=\"entry-title\"><a href=\"https:\/\/www.rtours.rs\/sr\/aeroflot\/\" rel=\"bookmark\" title=\"Permanent Link to Aeroflot\">Aeroflot<\/a><\/h2>\n\t\t    <div class=\"entry-content\">\n\t\t\t<p>Aeroflot je nacionalna i najve\u0107a aviokompanija Rusije. Ujedno,\u00a0 Aeroflot je i jedna od najstarijih avio kompanija na celom svetu. Nastao je 09. februara 1923. godine kao avio kompanija \u201eDobrolet\u201c \u2013nacionalna avio kompanija Sovjetskog Saveza. Nakon raspada SSSR-a, Aeroflot se raspao na vi\u0161e od 300 manjih regionalnih kompanija koje su postale nacionalne kompanije novonastalih dr\u017eava ili&#8230;<\/p>\n\t\t    <\/div>\n\t\t<\/article>\n\t    \t\t<article class=\"posts_listing blog_shortcode clearfix post-923 post type-post status-publish format-standard has-post-thumbnail hentry category-avio-karte tag-aerodrom-domodedovo tag-moskva\" id=\"post-923\">\n\t\t    \t\t        <a href=\"https:\/\/www.rtours.rs\/sr\/aerodrom-domodedovo-moskva\/\" title=\"Aerodrom Domodedovo, Moskva\" class=\"imgborder clearfix thumb\"><img decoding=\"async\" src=\"https:\/\/www.rtours.rs\/sr\/wp-content\/uploads\/2017\/02\/domodedovo-150x100.png\" class=\"attachment-blog_shortcode size-blog_shortcode wp-post-image\" alt=\"\" \/><\/a>\n\t\t    \t\t    <h2 class=\"entry-title\"><a href=\"https:\/\/www.rtours.rs\/sr\/aerodrom-domodedovo-moskva\/\" rel=\"bookmark\" title=\"Permanent Link to Aerodrom Domodedovo, Moskva\">Aerodrom Domodedovo, Moskva<\/a><\/h2>\n\t\t    <div class=\"entry-content\">\n\t\t\t<p>Moskovski aerodrom Domodedovo je danas najve\u0107a vazduhoplovna luka u Rusiji i deo je dve globalno najve\u0107e vazdu\u0161ne alijanse Star Alliance i Oneworld. Sme\u0161ten je na oko 42 km jugoisto\u010dno od centra prestonice Rusije. Preko njega godi\u0161nje prelazi preko 25 miliona putnika. Aerodrom je vode\u0107i poslovni objekat Moskovskog gradskog okruga Domodedovo. Trenutno, a prostire se na&#8230;<\/p>\n\t\t    <\/div>\n\t\t<\/article>\n\t    \t\t<article class=\"posts_listing blog_shortcode clearfix post-874 post type-post status-publish format-standard has-post-thumbnail hentry category-avio-karte\" id=\"post-874\">\n\t\t    \t\t        <a href=\"https:\/\/www.rtours.rs\/sr\/aerodrom-moskva-seremetjevo\/\" title=\"Aerodrom Moskva &#8211; \u0160eremetjevo\" class=\"imgborder clearfix thumb\"><img decoding=\"async\" src=\"https:\/\/www.rtours.rs\/sr\/wp-content\/uploads\/2017\/02\/ser-150x100.png\" class=\"attachment-blog_shortcode size-blog_shortcode wp-post-image\" alt=\"\" \/><\/a>\n\t\t    \t\t    <h2 class=\"entry-title\"><a href=\"https:\/\/www.rtours.rs\/sr\/aerodrom-moskva-seremetjevo\/\" rel=\"bookmark\" title=\"Permanent Link to Aerodrom Moskva &#8211; \u0160eremetjevo\">Aerodrom Moskva &#8211; \u0160eremetjevo<\/a><\/h2>\n\t\t    <div class=\"entry-content\">\n\t\t\t<p>Aerodrom \u0160eremetjevo je najve\u0107i aerodrom u Moskvi posle aerodroma Domodedovo i baza je nacionalne aviokompanije Aeroflot kao i ruske low cost kompanije Avianova. Aerodrom \u0160eremetjevo je va\u017ean tranzitni centar izme\u0111u Evrope i Azije i veliko \u010dvori\u0161te Sky Team alijanse. Sme\u0161ten je na oko 29 kilometara udaljenosti sverozapadno od centra Moskve. Preko \u0160eremetjeva u godinu dana&#8230;<\/p>\n\t\t    <\/div>\n\t\t<\/article>\n\t    \t\t<article class=\"posts_listing blog_shortcode clearfix post-683 post type-post status-publish format-standard has-post-thumbnail hentry category-avio-karte tag-montenegro-airlines\" id=\"post-683\">\n\t\t    \t\t        <a href=\"https:\/\/www.rtours.rs\/sr\/montenegro-airlines\/\" title=\"Montenegro Airlines\" class=\"imgborder clearfix thumb\"><img decoding=\"async\" src=\"https:\/\/www.rtours.rs\/sr\/wp-content\/uploads\/2017\/01\/mnt-150x100.png\" class=\"attachment-blog_shortcode size-blog_shortcode wp-post-image\" alt=\"\" \/><\/a>\n\t\t    \t\t    <h2 class=\"entry-title\"><a href=\"https:\/\/www.rtours.rs\/sr\/montenegro-airlines\/\" rel=\"bookmark\" title=\"Permanent Link to Montenegro Airlines\">Montenegro Airlines<\/a><\/h2>\n\t\t    <div class=\"entry-content\">\n\t\t\t<p>Montenegro Airlines je nacionalna aviokompanija Crne Gore sa sedi\u0161tem u Podgorici. Mati\u010dni aerodrom, baza je tako\u0111e aerodrom Podgorica &#8211; Golubovci kao i aerodrom Tivat. Montenegro Airlines leti ka destinacijama u Evropi i regionu a znatan obim saobra\u0107aja odnosi se na \u010darter letove \u0161irom Evrope, tokom letnjih meseci a za potrebe Crnogorskog turizma tj. dovo\u0111enja stranih&#8230;<\/p>\n\t\t    <\/div>\n\t\t<\/article>\n\t    \t\t<article class=\"posts_listing blog_shortcode clearfix post-677 post type-post status-publish format-standard has-post-thumbnail hentry category-avio-karte tag-air-serbia\" id=\"post-677\">\n\t\t    \t\t        <a href=\"https:\/\/www.rtours.rs\/sr\/air-serbia\/\" title=\"Air Serbia\" class=\"imgborder clearfix thumb\"><img decoding=\"async\" src=\"https:\/\/www.rtours.rs\/sr\/wp-content\/uploads\/2017\/01\/as-150x100.png\" class=\"attachment-blog_shortcode size-blog_shortcode wp-post-image\" alt=\"\" \/><\/a>\n\t\t    \t\t    <h2 class=\"entry-title\"><a href=\"https:\/\/www.rtours.rs\/sr\/air-serbia\/\" rel=\"bookmark\" title=\"Permanent Link to Air Serbia\">Air Serbia<\/a><\/h2>\n\t\t    <div class=\"entry-content\">\n\t\t\t<p>Doma\u0107a nacionalna aviokompanija Air Serbia ima dugu tradiciju koja datira od davne 1927. godine a ova \u010dinjenica je svrstava u red najstarijih evropskih avio kompanija. Naime, Air Serbia va\u017ei za \u0161esnaestu najstariju avio kompaniju u Evropi! Ova avio kompanija je vi\u0161e puta menjala ime, vizuelni identitet ali i naziv zemlje kojoj je bila mati\u010dna avio&#8230;<\/p>\n\t\t    <\/div>\n\t\t<\/article>\n\t    \t\t<article class=\"posts_listing blog_shortcode clearfix post-883 post type-post status-publish format-standard has-post-thumbnail hentry category-avio-karte tag-aerodrom-moskva tag-vnukovo\" id=\"post-883\">\n\t\t    \t\t        <a href=\"https:\/\/www.rtours.rs\/sr\/aerodrom-vnukovo-moskva\/\" title=\"Aerodrom Vnukovo, Moskva\" class=\"imgborder clearfix thumb\"><img decoding=\"async\" src=\"https:\/\/www.rtours.rs\/sr\/wp-content\/uploads\/2017\/02\/vnuk-150x100.png\" class=\"attachment-blog_shortcode size-blog_shortcode wp-post-image\" alt=\"\" \/><\/a>\n\t\t    \t\t    <h2 class=\"entry-title\"><a href=\"https:\/\/www.rtours.rs\/sr\/aerodrom-vnukovo-moskva\/\" rel=\"bookmark\" title=\"Permanent Link to Aerodrom Vnukovo, Moskva\">Aerodrom Vnukovo, Moskva<\/a><\/h2>\n\t\t    <div class=\"entry-content\">\n\t\t\t<p>Me\u0111unarodni aerodrom Vnukovo je sme\u0161ten 27 kilometara jugozapadno od centra Moskve a 11 km od po\u010detka tzv. \u201eMoskovskog prstena\u201c (autoputa koji okru\u017euje \u010ditavu Moskvu), i tre\u0107i je aerodrom po koli\u010dini godi\u0161njeg prometa u Rusiji ali i sa najve\u0107om tendencijom rasta od svih aerodroma najve\u0107e evropske dr\u017eave. Primerice u 2010. godini je usluge ovog aerodroma koristilo&#8230;<\/p>\n\t\t    <\/div>\n\t\t<\/article>\n\t    \t\t<article class=\"posts_listing blog_shortcode clearfix post-361 post type-post status-publish format-standard has-post-thumbnail hentry category-avio-karte tag-aerodrom-beograd tag-aerodrom-nikola-tesla\" id=\"post-361\">\n\t\t    \t\t        <a href=\"https:\/\/www.rtours.rs\/sr\/aerodrom-nikola-tesla\/\" title=\"Aerodrom Nikola Tesla\" class=\"imgborder clearfix thumb\"><img decoding=\"async\" src=\"https:\/\/www.rtours.rs\/sr\/wp-content\/uploads\/2017\/01\/airport-150x100.jpg\" class=\"attachment-blog_shortcode size-blog_shortcode wp-post-image\" alt=\"\" srcset=\"https:\/\/www.rtours.rs\/sr\/wp-content\/uploads\/2017\/01\/airport-150x100.jpg 150w, https:\/\/www.rtours.rs\/sr\/wp-content\/uploads\/2017\/01\/airport-300x197.jpg 300w, https:\/\/www.rtours.rs\/sr\/wp-content\/uploads\/2017\/01\/airport.jpg 468w\" sizes=\"(max-width: 150px) 100vw, 150px\" \/><\/a>\n\t\t    \t\t    <h2 class=\"entry-title\"><a href=\"https:\/\/www.rtours.rs\/sr\/aerodrom-nikola-tesla\/\" rel=\"bookmark\" title=\"Permanent Link to Aerodrom Nikola Tesla\">Aerodrom Nikola Tesla<\/a><\/h2>\n\t\t    <div class=\"entry-content\">\n\t\t\t<p>Arodrom Beograd &#8211; Nikola Tesla poznat je i pod ranijim nazivom \u201eAerodrom Sur\u010din\u201c. U javnosti ga \u010desto simboli\u010dno nazivaju \u201eKapija Srbije\u201c iz razloga \u0161to predstavlja glavni, mogli bismo da ka\u017eemo i jedini aerodrom Srbije. Naravno, ovom tvrdnjom, nenamerno nipoda\u0161tavamo va\u017enost ostalih, na prvom tj. drugom mestu aerodroma Konstantin Veliki u Ni\u0161u. Aerodrom Nikola Tesla je&#8230;<\/p>\n\t\t    <\/div>\n\t\t<\/article>\n\t    \t\t<article class=\"posts_listing blog_shortcode clearfix post-352 post type-post status-publish format-standard has-post-thumbnail hentry category-avio-karte tag-avio-karte tag-low-cost-avio-karte tag-low-cost-avio-kompanije\" id=\"post-352\">\n\t\t    \t\t        <a href=\"https:\/\/www.rtours.rs\/sr\/low-cost-aviokompanije\/\" title=\"Low-Cost aviokompanije\" class=\"imgborder clearfix thumb\"><img decoding=\"async\" src=\"https:\/\/www.rtours.rs\/sr\/wp-content\/uploads\/2017\/01\/wizz-150x100.jpg\" class=\"attachment-blog_shortcode size-blog_shortcode wp-post-image\" alt=\"\" \/><\/a>\n\t\t    \t\t    <h2 class=\"entry-title\"><a href=\"https:\/\/www.rtours.rs\/sr\/low-cost-aviokompanije\/\" rel=\"bookmark\" title=\"Permanent Link to Low-Cost aviokompanije\">Low-Cost aviokompanije<\/a><\/h2>\n\t\t    <div class=\"entry-content\">\n\t\t\t<p>Za\u0161to su avio karte u low-cost aviokompanijama jeftine? U \u010demu je tajna low-cost avio saobra\u0107aja? Jeftine avio karte su su\u0161tina i osnovna karakteristika poslovanja low-cost ili niskobud\u017eetnih avio kompanija. Sigurno ste se zapitali za\u0161to je to tako?! Osim gotovo neverovatno niske cene avio karata (u odnosu na ostale avio kompanije), druga najva\u017enija stvar u njihovom&#8230;<\/p>\n\t\t    <\/div>\n\t\t<\/article>\n\t    \t    \n","protected":false},"excerpt":{"rendered":"","protected":false},"author":1,"featured_media":0,"parent":0,"menu_order":0,"comment_status":"closed","ping_status":"closed","template":"template-leftsidebar.php","meta":{"footnotes":""},"yoast_head":"<!-- This site is optimized with the Yoast SEO plugin v21.5 - https:\/\/yoast.com\/wordpress\/plugins\/seo\/ -->\n<title>Avio kompanije, aerodromi i letovi - R-TOURS<\/title>\n<meta name=\"robots\" content=\"index, follow, max-snippet:-1, max-image-preview:large, max-video-preview:-1\" \/>\n<link rel=\"canonical\" href=\"https:\/\/www.rtours.rs\/sr\/avio-kompanije-aerodromi-letovi\/\" \/>\n<meta property=\"og:locale\" content=\"sr_RS\" \/>\n<meta property=\"og:type\" content=\"article\" \/>\n<meta property=\"og:title\" content=\"Avio kompanije, aerodromi i letovi - R-TOURS\" \/>\n<meta property=\"og:url\" content=\"https:\/\/www.rtours.rs\/sr\/avio-kompanije-aerodromi-letovi\/\" \/>\n<meta property=\"og:site_name\" content=\"R-TOURS\" \/>\n<meta property=\"article:modified_time\" content=\"2020-10-16T21:14:14+00:00\" \/>\n<meta name=\"twitter:card\" content=\"summary_large_image\" \/>\n<script type=\"application\/ld+json\" class=\"yoast-schema-graph\">{\"@context\":\"https:\/\/schema.org\",\"@graph\":[{\"@type\":\"WebPage\",\"@id\":\"https:\/\/www.rtours.rs\/sr\/avio-kompanije-aerodromi-letovi\/\",\"url\":\"https:\/\/www.rtours.rs\/sr\/avio-kompanije-aerodromi-letovi\/\",\"name\":\"Avio kompanije, aerodromi i letovi - R-TOURS\",\"isPartOf\":{\"@id\":\"https:\/\/www.rtours.rs\/sr\/#website\"},\"datePublished\":\"2020-10-16T21:03:02+00:00\",\"dateModified\":\"2020-10-16T21:14:14+00:00\",\"breadcrumb\":{\"@id\":\"https:\/\/www.rtours.rs\/sr\/avio-kompanije-aerodromi-letovi\/#breadcrumb\"},\"inLanguage\":\"sr-RS\",\"potentialAction\":[{\"@type\":\"ReadAction\",\"target\":[\"https:\/\/www.rtours.rs\/sr\/avio-kompanije-aerodromi-letovi\/\"]}]},{\"@type\":\"BreadcrumbList\",\"@id\":\"https:\/\/www.rtours.rs\/sr\/avio-kompanije-aerodromi-letovi\/#breadcrumb\",\"itemListElement\":[{\"@type\":\"ListItem\",\"position\":1,\"name\":\"Home\",\"item\":\"https:\/\/www.rtours.rs\/sr\/\"},{\"@type\":\"ListItem\",\"position\":2,\"name\":\"Avio kompanije, aerodromi i letovi\"}]},{\"@type\":\"WebSite\",\"@id\":\"https:\/\/www.rtours.rs\/sr\/#website\",\"url\":\"https:\/\/www.rtours.rs\/sr\/\",\"name\":\"R-TOURS\",\"description\":\"Putovanja u Rusiju\",\"potentialAction\":[{\"@type\":\"SearchAction\",\"target\":{\"@type\":\"EntryPoint\",\"urlTemplate\":\"https:\/\/www.rtours.rs\/sr\/?s={search_term_string}\"},\"query-input\":\"required name=search_term_string\"}],\"inLanguage\":\"sr-RS\"}]}<\/script>\n<!-- \/ Yoast SEO plugin. -->","yoast_head_json":{"title":"Avio kompanije, aerodromi i letovi - R-TOURS","robots":{"index":"index","follow":"follow","max-snippet":"max-snippet:-1","max-image-preview":"max-image-preview:large","max-video-preview":"max-video-preview:-1"},"canonical":"https:\/\/www.rtours.rs\/sr\/avio-kompanije-aerodromi-letovi\/","og_locale":"sr_RS","og_type":"article","og_title":"Avio kompanije, aerodromi i letovi - R-TOURS","og_url":"https:\/\/www.rtours.rs\/sr\/avio-kompanije-aerodromi-letovi\/","og_site_name":"R-TOURS","article_modified_time":"2020-10-16T21:14:14+00:00","twitter_card":"summary_large_image","schema":{"@context":"https:\/\/schema.org","@graph":[{"@type":"WebPage","@id":"https:\/\/www.rtours.rs\/sr\/avio-kompanije-aerodromi-letovi\/","url":"https:\/\/www.rtours.rs\/sr\/avio-kompanije-aerodromi-letovi\/","name":"Avio kompanije, aerodromi i letovi - R-TOURS","isPartOf":{"@id":"https:\/\/www.rtours.rs\/sr\/#website"},"datePublished":"2020-10-16T21:03:02+00:00","dateModified":"2020-10-16T21:14:14+00:00","breadcrumb":{"@id":"https:\/\/www.rtours.rs\/sr\/avio-kompanije-aerodromi-letovi\/#breadcrumb"},"inLanguage":"sr-RS","potentialAction":[{"@type":"ReadAction","target":["https:\/\/www.rtours.rs\/sr\/avio-kompanije-aerodromi-letovi\/"]}]},{"@type":"BreadcrumbList","@id":"https:\/\/www.rtours.rs\/sr\/avio-kompanije-aerodromi-letovi\/#breadcrumb","itemListElement":[{"@type":"ListItem","position":1,"name":"Home","item":"https:\/\/www.rtours.rs\/sr\/"},{"@type":"ListItem","position":2,"name":"Avio kompanije, aerodromi i letovi"}]},{"@type":"WebSite","@id":"https:\/\/www.rtours.rs\/sr\/#website","url":"https:\/\/www.rtours.rs\/sr\/","name":"R-TOURS","description":"Putovanja u Rusiju","potentialAction":[{"@type":"SearchAction","target":{"@type":"EntryPoint","urlTemplate":"https:\/\/www.rtours.rs\/sr\/?s={search_term_string}"},"query-input":"required name=search_term_string"}],"inLanguage":"sr-RS"}]}},"_links":{"self":[{"href":"https:\/\/www.rtours.rs\/sr\/wp-json\/wp\/v2\/pages\/3546"}],"collection":[{"href":"https:\/\/www.rtours.rs\/sr\/wp-json\/wp\/v2\/pages"}],"about":[{"href":"https:\/\/www.rtours.rs\/sr\/wp-json\/wp\/v2\/types\/page"}],"author":[{"embeddable":true,"href":"https:\/\/www.rtours.rs\/sr\/wp-json\/wp\/v2\/users\/1"}],"replies":[{"embeddable":true,"href":"https:\/\/www.rtours.rs\/sr\/wp-json\/wp\/v2\/comments?post=3546"}],"version-history":[{"count":2,"href":"https:\/\/www.rtours.rs\/sr\/wp-json\/wp\/v2\/pages\/3546\/revisions"}],"predecessor-version":[{"id":3549,"href":"https:\/\/www.rtours.rs\/sr\/wp-json\/wp\/v2\/pages\/3546\/revisions\/3549"}],"wp:attachment":[{"href":"https:\/\/www.rtours.rs\/sr\/wp-json\/wp\/v2\/media?parent=3546"}],"curies":[{"name":"wp","href":"https:\/\/api.w.org\/{rel}","templated":true}]}}