{"id":3641,"date":"2020-11-26T13:34:42","date_gmt":"2020-11-26T12:34:42","guid":{"rendered":"https:\/\/www.rtours.rs\/sr\/?page_id=3641"},"modified":"2024-11-20T09:02:53","modified_gmt":"2024-11-20T08:02:53","slug":"programi-putovanja-turisticki-aranzmani","status":"publish","type":"page","link":"https:\/\/www.rtours.rs\/sr\/programi-putovanja-turisticki-aranzmani\/","title":{"rendered":"Programi putovanja (Turisti\u010dki aran\u017emani)"},"content":{"rendered":"<h1><span style=\"color: #333399;\"><strong>Aktuelni turisti\u010dki aran\u017emani<\/strong><\/span><\/h1>\n<hr \/>\n<div class=\"one_third \" ><div class=\"teaser_box_wrap\"><a href=\"https:\/\/www.rtours.rs\/sr\/turisticki_aranzman\/5651\/\" class=\"teaser_box\"><img decoding=\"async\" src=\"http:\/\/www.rtours.rs\/sr\/wp-content\/uploads\/2019\/09\/NGRU.jpg\" alt=\"St. Peterburg i Moskva\"><span class=\"teaser_title\"><span class=\"teaser_title_inner\">St. Peterburg i Moskva<\/span><span class=\"teaser_more\">Turisti\u010dki aran\u017eman<\/span><\/span><\/a><\/div><\/p>\n<h2><a href=\"https:\/\/www.rtours.rs\/sr\/turisticki_aranzman\/st-peterburg-moskva\/\">Moskva i St. Peterburg<\/a><\/h2>\n<p><strong>15.04. \u2013 22.04.2025.<\/strong><\/p>\n<p><strong>8 dana \/ 7 no\u0107i<\/strong><\/p>\n<p>Upoznajte najseverniji veliki grad na svetu. Ostanite zadivljeni pred njegovim lepotama i znamenitostima. Sledi veli\u010danstvena i mo\u0107na Moskva&#8230; <a href=\"https:\/\/www.rtours.rs\/sr\/turisticki_aranzman\/st-peterburg-moskva\/\"><strong>Saznajte vi\u0161e &gt;<\/strong><\/a><\/p>\n<p><\/div>\n<div class=\"one_third \" ><div class=\"teaser_box_wrap\"><a href=\"https:\/\/www.rtours.rs\/sr\/turisticki_aranzman\/5651\/\" class=\"teaser_box\"><img decoding=\"async\" src=\"http:\/\/www.rtours.rs\/sr\/wp-content\/uploads\/2019\/09\/NGRU.jpg\" alt=\"St. Peterburg i Moskva\"><span class=\"teaser_title\"><span class=\"teaser_title_inner\">St. Peterburg i Moskva<\/span><span class=\"teaser_more\">Turisti\u010dki aran\u017eman<\/span><\/span><\/a><\/div><\/p>\n<h2><a href=\"https:\/\/www.rtours.rs\/sr\/turisticki_aranzman\/5651\/\">Moskva i St. Peterburg<\/a><\/h2>\n<p><strong>16.06 \u2013 23.06.2025.<\/strong><\/p>\n<p><strong>8 dana \/ 7 no\u0107i<\/strong><\/p>\n<p>Upoznajte najseverniji veliki grad na svetu. Ostanite zadivljeni pred njegovim lepotama i znamenitostima. Sledi veli\u010danstvena i mo\u0107na Moskva&#8230; <a href=\"https:\/\/www.rtours.rs\/sr\/turisticki_aranzman\/5651\/\"><strong>Saznajte vi\u0161e &gt;<\/strong><\/a><\/p>\n<p><\/div>\n<p>&nbsp;<\/p>\n<p>&nbsp;<\/p>\n<p><a href=\"http:\/\/www.rtours.rs\/sr\/brosure\/brosura-rusija.pdf\" target=\"_blank\" rel=\"noopener noreferrer\"><img loading=\"lazy\" decoding=\"async\" class=\"alignnone wp-image-212 size-full\" src=\"http:\/\/www.rtours.rs\/sr\/wp-content\/uploads\/2016\/03\/slogan.png\" alt=\"slogan\" width=\"1292\" height=\"175\" srcset=\"https:\/\/www.rtours.rs\/sr\/wp-content\/uploads\/2016\/03\/slogan.png 1292w, https:\/\/www.rtours.rs\/sr\/wp-content\/uploads\/2016\/03\/slogan-300x41.png 300w, https:\/\/www.rtours.rs\/sr\/wp-content\/uploads\/2016\/03\/slogan-768x104.png 768w, https:\/\/www.rtours.rs\/sr\/wp-content\/uploads\/2016\/03\/slogan-1024x139.png 1024w\" sizes=\"(max-width: 1292px) 100vw, 1292px\" \/><\/a><\/p>\n","protected":false},"excerpt":{"rendered":"<p>Aktuelni turisti\u010dki aran\u017emani &nbsp; &nbsp;<\/p>\n","protected":false},"author":1,"featured_media":0,"parent":0,"menu_order":0,"comment_status":"closed","ping_status":"closed","template":"","meta":{"footnotes":""},"yoast_head":"<!-- This site is optimized with the Yoast SEO plugin v21.5 - https:\/\/yoast.com\/wordpress\/plugins\/seo\/ -->\n<title>Programi putovanja (Turisti\u010dki aran\u017emani) - R-TOURS<\/title>\n<meta name=\"robots\" content=\"index, follow, max-snippet:-1, max-image-preview:large, max-video-preview:-1\" \/>\n<link rel=\"canonical\" href=\"https:\/\/www.rtours.rs\/sr\/programi-putovanja-turisticki-aranzmani\/\" \/>\n<meta property=\"og:locale\" content=\"sr_RS\" \/>\n<meta property=\"og:type\" content=\"article\" \/>\n<meta property=\"og:title\" content=\"Programi putovanja (Turisti\u010dki aran\u017emani) - R-TOURS\" \/>\n<meta property=\"og:description\" content=\"Aktuelni turisti\u010dki aran\u017emani &nbsp; &nbsp;\" \/>\n<meta property=\"og:url\" content=\"https:\/\/www.rtours.rs\/sr\/programi-putovanja-turisticki-aranzmani\/\" \/>\n<meta property=\"og:site_name\" content=\"R-TOURS\" \/>\n<meta property=\"article:modified_time\" content=\"2024-11-20T08:02:53+00:00\" \/>\n<meta property=\"og:image\" content=\"http:\/\/www.rtours.rs\/sr\/wp-content\/uploads\/2016\/03\/slogan.png\" \/>\n<meta name=\"twitter:card\" content=\"summary_large_image\" \/>\n<meta name=\"twitter:label1\" content=\"\u041f\u0440\u043e\u0446\u0435\u045a\u0435\u043d\u043e \u0432\u0440\u0435\u043c\u0435 \u0447\u0438\u0442\u0430\u045a\u0430\" \/>\n\t<meta name=\"twitter:data1\" content=\"1 \u043c\u0438\u043d\u0443\u0442\" \/>\n<script type=\"application\/ld+json\" class=\"yoast-schema-graph\">{\"@context\":\"https:\/\/schema.org\",\"@graph\":[{\"@type\":\"WebPage\",\"@id\":\"https:\/\/www.rtours.rs\/sr\/programi-putovanja-turisticki-aranzmani\/\",\"url\":\"https:\/\/www.rtours.rs\/sr\/programi-putovanja-turisticki-aranzmani\/\",\"name\":\"Programi putovanja (Turisti\u010dki aran\u017emani) - R-TOURS\",\"isPartOf\":{\"@id\":\"https:\/\/www.rtours.rs\/sr\/#website\"},\"datePublished\":\"2020-11-26T12:34:42+00:00\",\"dateModified\":\"2024-11-20T08:02:53+00:00\",\"breadcrumb\":{\"@id\":\"https:\/\/www.rtours.rs\/sr\/programi-putovanja-turisticki-aranzmani\/#breadcrumb\"},\"inLanguage\":\"sr-RS\",\"potentialAction\":[{\"@type\":\"ReadAction\",\"target\":[\"https:\/\/www.rtours.rs\/sr\/programi-putovanja-turisticki-aranzmani\/\"]}]},{\"@type\":\"BreadcrumbList\",\"@id\":\"https:\/\/www.rtours.rs\/sr\/programi-putovanja-turisticki-aranzmani\/#breadcrumb\",\"itemListElement\":[{\"@type\":\"ListItem\",\"position\":1,\"name\":\"Home\",\"item\":\"https:\/\/www.rtours.rs\/sr\/\"},{\"@type\":\"ListItem\",\"position\":2,\"name\":\"Programi putovanja (Turisti\u010dki aran\u017emani)\"}]},{\"@type\":\"WebSite\",\"@id\":\"https:\/\/www.rtours.rs\/sr\/#website\",\"url\":\"https:\/\/www.rtours.rs\/sr\/\",\"name\":\"R-TOURS\",\"description\":\"Putovanja u Rusiju\",\"potentialAction\":[{\"@type\":\"SearchAction\",\"target\":{\"@type\":\"EntryPoint\",\"urlTemplate\":\"https:\/\/www.rtours.rs\/sr\/?s={search_term_string}\"},\"query-input\":\"required name=search_term_string\"}],\"inLanguage\":\"sr-RS\"}]}<\/script>\n<!-- \/ Yoast SEO plugin. -->","yoast_head_json":{"title":"Programi putovanja (Turisti\u010dki aran\u017emani) - R-TOURS","robots":{"index":"index","follow":"follow","max-snippet":"max-snippet:-1","max-image-preview":"max-image-preview:large","max-video-preview":"max-video-preview:-1"},"canonical":"https:\/\/www.rtours.rs\/sr\/programi-putovanja-turisticki-aranzmani\/","og_locale":"sr_RS","og_type":"article","og_title":"Programi putovanja (Turisti\u010dki aran\u017emani) - R-TOURS","og_description":"Aktuelni turisti\u010dki aran\u017emani &nbsp; &nbsp;","og_url":"https:\/\/www.rtours.rs\/sr\/programi-putovanja-turisticki-aranzmani\/","og_site_name":"R-TOURS","article_modified_time":"2024-11-20T08:02:53+00:00","og_image":[{"url":"http:\/\/www.rtours.rs\/sr\/wp-content\/uploads\/2016\/03\/slogan.png"}],"twitter_card":"summary_large_image","twitter_misc":{"\u041f\u0440\u043e\u0446\u0435\u045a\u0435\u043d\u043e \u0432\u0440\u0435\u043c\u0435 \u0447\u0438\u0442\u0430\u045a\u0430":"1 \u043c\u0438\u043d\u0443\u0442"},"schema":{"@context":"https:\/\/schema.org","@graph":[{"@type":"WebPage","@id":"https:\/\/www.rtours.rs\/sr\/programi-putovanja-turisticki-aranzmani\/","url":"https:\/\/www.rtours.rs\/sr\/programi-putovanja-turisticki-aranzmani\/","name":"Programi putovanja (Turisti\u010dki aran\u017emani) - R-TOURS","isPartOf":{"@id":"https:\/\/www.rtours.rs\/sr\/#website"},"datePublished":"2020-11-26T12:34:42+00:00","dateModified":"2024-11-20T08:02:53+00:00","breadcrumb":{"@id":"https:\/\/www.rtours.rs\/sr\/programi-putovanja-turisticki-aranzmani\/#breadcrumb"},"inLanguage":"sr-RS","potentialAction":[{"@type":"ReadAction","target":["https:\/\/www.rtours.rs\/sr\/programi-putovanja-turisticki-aranzmani\/"]}]},{"@type":"BreadcrumbList","@id":"https:\/\/www.rtours.rs\/sr\/programi-putovanja-turisticki-aranzmani\/#breadcrumb","itemListElement":[{"@type":"ListItem","position":1,"name":"Home","item":"https:\/\/www.rtours.rs\/sr\/"},{"@type":"ListItem","position":2,"name":"Programi putovanja (Turisti\u010dki aran\u017emani)"}]},{"@type":"WebSite","@id":"https:\/\/www.rtours.rs\/sr\/#website","url":"https:\/\/www.rtours.rs\/sr\/","name":"R-TOURS","description":"Putovanja u Rusiju","potentialAction":[{"@type":"SearchAction","target":{"@type":"EntryPoint","urlTemplate":"https:\/\/www.rtours.rs\/sr\/?s={search_term_string}"},"query-input":"required name=search_term_string"}],"inLanguage":"sr-RS"}]}},"_links":{"self":[{"href":"https:\/\/www.rtours.rs\/sr\/wp-json\/wp\/v2\/pages\/3641"}],"collection":[{"href":"https:\/\/www.rtours.rs\/sr\/wp-json\/wp\/v2\/pages"}],"about":[{"href":"https:\/\/www.rtours.rs\/sr\/wp-json\/wp\/v2\/types\/page"}],"author":[{"embeddable":true,"href":"https:\/\/www.rtours.rs\/sr\/wp-json\/wp\/v2\/users\/1"}],"replies":[{"embeddable":true,"href":"https:\/\/www.rtours.rs\/sr\/wp-json\/wp\/v2\/comments?post=3641"}],"version-history":[{"count":17,"href":"https:\/\/www.rtours.rs\/sr\/wp-json\/wp\/v2\/pages\/3641\/revisions"}],"predecessor-version":[{"id":5773,"href":"https:\/\/www.rtours.rs\/sr\/wp-json\/wp\/v2\/pages\/3641\/revisions\/5773"}],"wp:attachment":[{"href":"https:\/\/www.rtours.rs\/sr\/wp-json\/wp\/v2\/media?parent=3641"}],"curies":[{"name":"wp","href":"https:\/\/api.w.org\/{rel}","templated":true}]}}