{"id":37,"date":"2016-03-16T09:26:15","date_gmt":"2016-03-16T08:26:15","guid":{"rendered":"http:\/\/www.rtours.rs\/sr\/?page_id=37"},"modified":"2017-09-21T13:09:27","modified_gmt":"2017-09-21T11:09:27","slug":"turisticki-aranzmani","status":"publish","type":"page","link":"https:\/\/www.rtours.rs\/sr\/turisticki-aranzmani\/","title":{"rendered":"Turisti\u010dki aran\u017emani"},"content":{"rendered":"<p>&nbsp;<\/p>\n<p>Nema aktuelnih ponuda<\/p>\n<hr \/>\n<h2>ISTEKLE PONUDE<\/h2>\n<hr \/>\n<h1><a href=\"http:\/\/www.rtours.rs\/sr\/turisticki_aranzman\/u-susret-jeseni-moskva-st-peterburg\/\">U susret jeseni &#8211; Moskva i St. Peterburg<\/a><\/h1>\n<h2><strong>Termin: 08 &#8211; 14. sept. 2017.<\/strong><\/h2>\n<p>Do\u017eivite jesen u Moskvi i St. Peterburgu &#8211; savr\u0161enim city break destinacija za jesenje putovanje. <a href=\"http:\/\/www.rtours.rs\/sr\/turisticki_aranzman\/u-susret-jeseni-moskva-st-peterburg\/\"><strong>Saznajte vi\u0161e &gt;&gt;&gt;<\/strong><\/a><\/p>\n<div class=\"teaser_box_wrap\"><a href=\"http:\/\/www.rtours.rs\/sr\/turisticki_aranzman\/u-susret-jeseni-moskva-st-peterburg\/\" class=\"teaser_box\"><img decoding=\"async\" src=\"http:\/\/www.rtours.rs\/sr\/wp-content\/uploads\/2017\/01\/peterhof-1.jpg\" alt=\" susret jeseni Moskva \u2013 St. Peterburg\"><span class=\"teaser_title\"><span class=\"teaser_title_inner\"> susret jeseni Moskva \u2013 St. Peterburg<\/span><span class=\"teaser_more\">08. \u2013 14. 09. 2017.<\/span><\/span><\/a><\/div>\n<hr \/>\n<div class=\"one_third \" > <div class=\"teaser_box_wrap\"><a href=\"http:\/\/www.rtours.rs\/sr\/turisticki_aranzman\/830\/\" class=\"teaser_box\"><img decoding=\"async\" src=\"http:\/\/www.rtours.rs\/sr\/wp-content\/uploads\/2016\/03\/stop-sale.jpg\" alt=\"01. maj u Rusiji\"><span class=\"teaser_title\"><span class=\"teaser_title_inner\">01. maj u Rusiji<\/span><span class=\"teaser_more\">Turisti\u010dki aran\u017eman<\/span><\/span><\/a><\/div> <\/div>\n<div class=\"one_third \" > <div class=\"teaser_box_wrap\"><a href=\"http:\/\/www.rtours.rs\/sr\/turisticki_aranzman\/krstarenje-volgom-od-moskve-st-peterburga\/\" class=\"teaser_box\"><img decoding=\"async\" src=\"http:\/\/www.rtours.rs\/sr\/wp-content\/uploads\/2016\/03\/ostrvo-kizi.png\" alt=\"Krstarenje volgom\"><span class=\"teaser_title\"><span class=\"teaser_title_inner\">Krstarenje volgom<\/span><span class=\"teaser_more\">Moskva &#8211; St. Peterburg<\/span><\/span><\/a><\/div> <\/div>\n<div class=\"one_third last\" > <div class=\"teaser_box_wrap\"><a href=\"http:\/\/www.rtours.rs\/sr\/turisticki_aranzman\/krstarenje-volgom-od-st-peterburga-moskve\/\" class=\"teaser_box\"><img decoding=\"async\" src=\"http:\/\/www.rtours.rs\/sr\/wp-content\/uploads\/2016\/03\/peterburg.png\" alt=\"Krstarenje Volgom\"><span class=\"teaser_title\"><span class=\"teaser_title_inner\">Krstarenje Volgom<\/span><span class=\"teaser_more\">Sankt Peterburg &#8211; Moskva<\/span><\/span><\/a><\/div> <\/div>\n<hr \/>\n<div class=\"one_third \" ><\/p>\n<h2><a href=\"http:\/\/www.rtours.rs\/sr\/turisticki_aranzman\/830\/\">Prvomajski praznici u Moskvi i St. Peterburgu<\/a><\/h2>\n<p><strong>Termin: <del>28. 04 \u2013 04. 05. 2017.<\/del> \/\/ <em>RASPRODATO<\/em><br \/>\n<\/strong><\/p>\n<p>Provedite Prvomajske praznike u Moskvi i St. Peterburgu. Do\u017eivite \u010dari ove velike zemlje na sedmodnevnom prole\u0107nom proputovanju kroz dva najlep\u0161a, najve\u0107a i najzna\u010dajnija ruska grada. <a href=\"http:\/\/www.rtours.rs\/sr\/turisticki_aranzman\/830\/\"><strong>Saznajte vi\u0161e &gt;&gt;&gt;<\/strong><\/a> <\/div>\n<div class=\"one_third \" ><\/p>\n<h2><a href=\"http:\/\/www.rtours.rs\/sr\/turisticki_aranzman\/krstarenje-volgom-od-moskve-st-peterburga\/\">Krstarenje Volgom od Moskve do St. Peterburga<\/a><\/h2>\n<p align=\"center\">Polasci: <em><strong><del>20.06-30.06.<\/del> \/\/ RASPRODATO, <\/strong><\/em><\/p>\n<p align=\"center\"><em><strong><del>10.07-20.07<\/del>. \/\/ RASPRODATO, <\/strong><\/em><\/p>\n<p align=\"center\"><em><strong><del>30.07-09.08.<\/del> \/\/ RASPRODATO,<br \/>\n<\/strong><\/em><\/p>\n<p align=\"center\"><em><strong> 19.08-29.08. \/\/ RASPRODATO<br \/>\n<\/strong><\/em><\/p>\n<p>Do\u017eivite jedinstveno putovanje i steknite neobi\u010dna iskustva. Do\u017eivite mnoge lepote Rusije kao i mnoge znamenite svetinje poput onih na ostrvu Ki\u017ei u Onje\u0161kom jezeru\u2026 Upoznajte Moskvu i St. Peterburg. <a href=\"http:\/\/www.rtours.rs\/sr\/turisticki_aranzman\/krstarenje-volgom-od-moskve-st-peterburga\/\"><strong>Saznajte vi\u0161e &gt;&gt;&gt;<\/strong><\/a><br \/>\n<\/div>\n<div class=\"one_third last\" ><\/p>\n<h2><a href=\"http:\/\/www.rtours.rs\/sr\/turisticki_aranzman\/krstarenje-volgom-od-st-peterburga-moskve\/\">Krstarenje Volgom od St. Peterburga do Moskve<\/a><\/h2>\n<p align=\"center\"><strong>Polasci: <\/strong><em><strong><del>10.06-20.06.<\/del> \/\/ RASPRODATO , <\/strong><\/em><\/p>\n<p align=\"center\"><em><strong><del>30.06-10.07.<\/del>\u00a0\/\/ RASPRODATO, <\/strong><\/em><\/p>\n<p align=\"center\"><em><strong><del>20<\/del><\/strong><strong><del>.07-30.07.<\/del> \/\/ RASPRODATO i <\/strong><\/em><\/p>\n<p align=\"center\"><em><strong>09.08-19.08. \/\/ RASPRODATO<br \/>\n<\/strong><\/em><\/p>\n<p>Provedite jedanaest nezaboravnih dana na kruzeru krstare\u0107i Volgom od carskog St. Peterburga do veli\u010danstvene Moskve. Do\u017eivite \u010dari ruske zore i sutona. Upoznajte gradove Ugli\u010d i Jaroslav. U\u017eivajte u prirodi i lepoti na \u010duvenom ostrvu Ki\u017ei, , mestima Gorici i Verhnjije Mandrogi&#8230; <a href=\"http:\/\/www.rtours.rs\/sr\/turisticki_aranzman\/krstarenje-volgom-od-st-peterburga-moskve\/\"><strong>Saznajte vi\u0161e &gt;&gt;&gt;<\/strong><\/a><\/p>\n<p><\/div>\n<hr \/>\n<div class=\"one_third \" > <div class=\"teaser_box_wrap\"><a href=\"http:\/\/www.rtours.rs\/sr\/turisticki_aranzman\/bele-noci-sankt-peterburga\/\" class=\"teaser_box\"><img decoding=\"async\" src=\"http:\/\/www.rtours.rs\/sr\/wp-content\/uploads\/2016\/03\/peter3.png\" alt=\"Bele no\u0107i St. Peterburga\"><span class=\"teaser_title\"><span class=\"teaser_title_inner\">Bele no\u0107i St. Peterburga<\/span><span class=\"teaser_more\">Moskva &#8211; St. Peterburg<\/span><\/span><\/a><\/div> <\/div>\n<div class=\"one_third \" > <div class=\"teaser_box_wrap\"><a href=\"http:\/\/www.rtours.rs\/sr\/turisticki_aranzman\/moskva-sankt-peterburg-u-julu\/\" class=\"teaser_box\"><img decoding=\"async\" src=\"http:\/\/www.rtours.rs\/sr\/wp-content\/uploads\/2017\/02\/mov-led.png\" alt=\"Moskva i St. Peterburg\"><span class=\"teaser_title\"><span class=\"teaser_title_inner\">Moskva i St. Peterburg<\/span><span class=\"teaser_more\">Turisti\u010dki aran\u017eman<\/span><\/span><\/a><\/div> <\/div>\n<div class=\"one_third last\" > <div class=\"teaser_box_wrap\"><a href=\"http:\/\/www.rtours.rs\/sr\/turisticki_aranzman\/moskva-st-peterburg-avgust\/\" class=\"teaser_box\"><img decoding=\"async\" src=\"http:\/\/www.rtours.rs\/sr\/wp-content\/uploads\/2016\/03\/thumbnail-mov.png\" alt=\"Moskva i St Peterburg - avgust\"><span class=\"teaser_title\"><span class=\"teaser_title_inner\">Moskva i St Peterburg - avgust<\/span><span class=\"teaser_more\">Turisti\u010dki aran\u017eman<\/span><\/span><\/a><\/div> <\/div>\n<hr \/>\n<div class=\"one_third \" ><\/p>\n<h2><a href=\"http:\/\/www.rtours.rs\/sr\/turisticki_aranzman\/bele-noci-sankt-peterburga\/\">Bele no\u0107i Sankt Peterburga<\/a><\/h2>\n<p>Termini:<strong><del> 09 \u2013 15. 06. 2017. <em>RASPRODATO\u00a0<\/em><\/del> i<br \/>\n<del>23 \u2013 29. 06. 2017.<\/del> <em>\/\/ RASPRODATO,<\/em><br \/>\n<\/strong><\/p>\n<p>Poeti\u010dna atmosfera kasnog sumraka i ranog svitanja u kojoj potpuni mrak potpuno izostaje. Takva nadrealisti\u010dna atmosfera inspirisala je turisti\u010dku zajednicu Ruskog grada Sankt Peterburga da organizuje festival \u201eBele no\u0107i\u201c koji svake godine okuplja najbolje ruske baletane, operske peva\u010de i klasi\u010dne muzi\u010dare na nekoliko gradskih lokacija. <a href=\"http:\/\/www.rtours.rs\/sr\/turisticki_aranzman\/bele-noci-sankt-peterburga\/\"><strong>Saznajte vi\u0161e &gt;&gt;&gt;<\/strong><\/a><br \/>\n<\/div>\n<div class=\"one_third \" ><\/p>\n<h2><a href=\"http:\/\/www.rtours.rs\/sr\/turisticki_aranzman\/moskva-sankt-peterburg-u-julu\/\">Moskva i Sankt Peterburg u julu<\/a><\/h2>\n<p><strong>Termini:<\/strong> <strong><del>07 &#8211; 13. jul 2017<\/del>. <em>\/\/ RASPRODATO,<\/em><\/strong><\/p>\n<p><strong><del>21 &#8211; 27. jul 2017.<\/del> <em>\/\/ RASPRODATO<\/em><br \/>\n<\/strong><\/p>\n<p>Sedmodnevni aran\u017eman, avionom, Moskva i St. Peterburg. Upoznajte dve ruske metropole: staru i novu. Do\u017eivite Rusiju u letnjem periodu. <a href=\"http:\/\/www.rtours.rs\/sr\/turisticki_aranzman\/moskva-sankt-peterburg-u-julu\/\"><strong>Saznajte vi\u0161e &gt;&gt;&gt;<\/strong><\/a><br \/>\n<\/div>\n<div class=\"one_third last\" ><\/p>\n<h2><a href=\"http:\/\/www.rtours.rs\/sr\/turisticki_aranzman\/moskva-st-peterburg-avgust\/\">Moskva i St. Peterburg &#8211; avgust<\/a><\/h2>\n<p><strong>Termin: 1<del>1 &#8211; 17. avg. 2017.<\/del> <em>\/\/ RASPRODATO<\/em><\/strong><\/p>\n<p>Do\u017eivite leto u Moskvi i St. Peterburgu &#8211; savr\u0161enim city break destinacija za letnje putovanje jer leti nije hladno \u010dak ni u Rusiji! Tako\u0111e, leti u Rusiji nije vru\u0107e kao kod nas.. <a href=\"http:\/\/www.rtours.rs\/sr\/turisticki_aranzman\/moskva-st-peterburg-avgust\/\"><strong>Saznajte vi\u0161e &gt;&gt;&gt;<\/strong><\/a><\/p>\n<p><\/div>\n<hr \/>\n<p>&nbsp;<\/p>\n<p><img loading=\"lazy\" decoding=\"async\" class=\"alignnone wp-image-212 size-full\" src=\"http:\/\/www.rtours.rs\/sr\/wp-content\/uploads\/2016\/03\/slogan.png\" alt=\"slogan\" width=\"1292\" height=\"175\" srcset=\"https:\/\/www.rtours.rs\/sr\/wp-content\/uploads\/2016\/03\/slogan.png 1292w, https:\/\/www.rtours.rs\/sr\/wp-content\/uploads\/2016\/03\/slogan-300x41.png 300w, https:\/\/www.rtours.rs\/sr\/wp-content\/uploads\/2016\/03\/slogan-768x104.png 768w, https:\/\/www.rtours.rs\/sr\/wp-content\/uploads\/2016\/03\/slogan-1024x139.png 1024w\" sizes=\"(max-width: 1292px) 100vw, 1292px\" \/><\/p>\n","protected":false},"excerpt":{"rendered":"<p>&nbsp; Nema aktuelnih ponuda ISTEKLE PONUDE U susret jeseni &#8211; Moskva i St. Peterburg Termin: 08 &#8211; 14. sept. 2017. Do\u017eivite jesen u Moskvi i St. Peterburgu &#8211; savr\u0161enim city break destinacija za jesenje putovanje. Saznajte vi\u0161e &gt;&gt;&gt; &nbsp;<\/p>\n","protected":false},"author":1,"featured_media":0,"parent":0,"menu_order":0,"comment_status":"closed","ping_status":"closed","template":"template-rightsidebar.php","meta":{"footnotes":""},"yoast_head":"<!-- This site is optimized with the Yoast SEO plugin v21.5 - https:\/\/yoast.com\/wordpress\/plugins\/seo\/ -->\n<title>Turisti\u010dki aran\u017emani - R-TOURS<\/title>\n<meta name=\"robots\" content=\"index, follow, max-snippet:-1, max-image-preview:large, max-video-preview:-1\" \/>\n<link rel=\"canonical\" href=\"https:\/\/www.rtours.rs\/sr\/turisticki-aranzmani\/\" \/>\n<meta property=\"og:locale\" content=\"sr_RS\" \/>\n<meta property=\"og:type\" content=\"article\" \/>\n<meta property=\"og:title\" content=\"Turisti\u010dki aran\u017emani - R-TOURS\" \/>\n<meta property=\"og:description\" content=\"&nbsp; Nema aktuelnih ponuda ISTEKLE PONUDE U susret jeseni &#8211; Moskva i St. Peterburg Termin: 08 &#8211; 14. sept. 2017. Do\u017eivite jesen u Moskvi i St. Peterburgu &#8211; savr\u0161enim city break destinacija za jesenje putovanje. Saznajte vi\u0161e &gt;&gt;&gt; &nbsp;\" \/>\n<meta property=\"og:url\" content=\"https:\/\/www.rtours.rs\/sr\/turisticki-aranzmani\/\" \/>\n<meta property=\"og:site_name\" content=\"R-TOURS\" \/>\n<meta property=\"article:modified_time\" content=\"2017-09-21T11:09:27+00:00\" \/>\n<meta property=\"og:image\" content=\"http:\/\/www.rtours.rs\/sr\/wp-content\/uploads\/2016\/03\/slogan.png\" \/>\n<meta name=\"twitter:card\" content=\"summary_large_image\" \/>\n<meta name=\"twitter:label1\" content=\"\u041f\u0440\u043e\u0446\u0435\u045a\u0435\u043d\u043e \u0432\u0440\u0435\u043c\u0435 \u0447\u0438\u0442\u0430\u045a\u0430\" \/>\n\t<meta name=\"twitter:data1\" content=\"3 \u043c\u0438\u043d\u0443\u0442\u0430\" \/>\n<script type=\"application\/ld+json\" class=\"yoast-schema-graph\">{\"@context\":\"https:\/\/schema.org\",\"@graph\":[{\"@type\":\"WebPage\",\"@id\":\"https:\/\/www.rtours.rs\/sr\/turisticki-aranzmani\/\",\"url\":\"https:\/\/www.rtours.rs\/sr\/turisticki-aranzmani\/\",\"name\":\"Turisti\u010dki aran\u017emani - R-TOURS\",\"isPartOf\":{\"@id\":\"https:\/\/www.rtours.rs\/sr\/#website\"},\"datePublished\":\"2016-03-16T08:26:15+00:00\",\"dateModified\":\"2017-09-21T11:09:27+00:00\",\"breadcrumb\":{\"@id\":\"https:\/\/www.rtours.rs\/sr\/turisticki-aranzmani\/#breadcrumb\"},\"inLanguage\":\"sr-RS\",\"potentialAction\":[{\"@type\":\"ReadAction\",\"target\":[\"https:\/\/www.rtours.rs\/sr\/turisticki-aranzmani\/\"]}]},{\"@type\":\"BreadcrumbList\",\"@id\":\"https:\/\/www.rtours.rs\/sr\/turisticki-aranzmani\/#breadcrumb\",\"itemListElement\":[{\"@type\":\"ListItem\",\"position\":1,\"name\":\"Home\",\"item\":\"https:\/\/www.rtours.rs\/sr\/\"},{\"@type\":\"ListItem\",\"position\":2,\"name\":\"Turisti\u010dki aran\u017emani\"}]},{\"@type\":\"WebSite\",\"@id\":\"https:\/\/www.rtours.rs\/sr\/#website\",\"url\":\"https:\/\/www.rtours.rs\/sr\/\",\"name\":\"R-TOURS\",\"description\":\"Putovanja u Rusiju\",\"potentialAction\":[{\"@type\":\"SearchAction\",\"target\":{\"@type\":\"EntryPoint\",\"urlTemplate\":\"https:\/\/www.rtours.rs\/sr\/?s={search_term_string}\"},\"query-input\":\"required name=search_term_string\"}],\"inLanguage\":\"sr-RS\"}]}<\/script>\n<!-- \/ Yoast SEO plugin. -->","yoast_head_json":{"title":"Turisti\u010dki aran\u017emani - R-TOURS","robots":{"index":"index","follow":"follow","max-snippet":"max-snippet:-1","max-image-preview":"max-image-preview:large","max-video-preview":"max-video-preview:-1"},"canonical":"https:\/\/www.rtours.rs\/sr\/turisticki-aranzmani\/","og_locale":"sr_RS","og_type":"article","og_title":"Turisti\u010dki aran\u017emani - R-TOURS","og_description":"&nbsp; Nema aktuelnih ponuda ISTEKLE PONUDE U susret jeseni &#8211; Moskva i St. Peterburg Termin: 08 &#8211; 14. sept. 2017. Do\u017eivite jesen u Moskvi i St. Peterburgu &#8211; savr\u0161enim city break destinacija za jesenje putovanje. Saznajte vi\u0161e &gt;&gt;&gt; &nbsp;","og_url":"https:\/\/www.rtours.rs\/sr\/turisticki-aranzmani\/","og_site_name":"R-TOURS","article_modified_time":"2017-09-21T11:09:27+00:00","og_image":[{"url":"http:\/\/www.rtours.rs\/sr\/wp-content\/uploads\/2016\/03\/slogan.png"}],"twitter_card":"summary_large_image","twitter_misc":{"\u041f\u0440\u043e\u0446\u0435\u045a\u0435\u043d\u043e \u0432\u0440\u0435\u043c\u0435 \u0447\u0438\u0442\u0430\u045a\u0430":"3 \u043c\u0438\u043d\u0443\u0442\u0430"},"schema":{"@context":"https:\/\/schema.org","@graph":[{"@type":"WebPage","@id":"https:\/\/www.rtours.rs\/sr\/turisticki-aranzmani\/","url":"https:\/\/www.rtours.rs\/sr\/turisticki-aranzmani\/","name":"Turisti\u010dki aran\u017emani - R-TOURS","isPartOf":{"@id":"https:\/\/www.rtours.rs\/sr\/#website"},"datePublished":"2016-03-16T08:26:15+00:00","dateModified":"2017-09-21T11:09:27+00:00","breadcrumb":{"@id":"https:\/\/www.rtours.rs\/sr\/turisticki-aranzmani\/#breadcrumb"},"inLanguage":"sr-RS","potentialAction":[{"@type":"ReadAction","target":["https:\/\/www.rtours.rs\/sr\/turisticki-aranzmani\/"]}]},{"@type":"BreadcrumbList","@id":"https:\/\/www.rtours.rs\/sr\/turisticki-aranzmani\/#breadcrumb","itemListElement":[{"@type":"ListItem","position":1,"name":"Home","item":"https:\/\/www.rtours.rs\/sr\/"},{"@type":"ListItem","position":2,"name":"Turisti\u010dki aran\u017emani"}]},{"@type":"WebSite","@id":"https:\/\/www.rtours.rs\/sr\/#website","url":"https:\/\/www.rtours.rs\/sr\/","name":"R-TOURS","description":"Putovanja u Rusiju","potentialAction":[{"@type":"SearchAction","target":{"@type":"EntryPoint","urlTemplate":"https:\/\/www.rtours.rs\/sr\/?s={search_term_string}"},"query-input":"required name=search_term_string"}],"inLanguage":"sr-RS"}]}},"_links":{"self":[{"href":"https:\/\/www.rtours.rs\/sr\/wp-json\/wp\/v2\/pages\/37"}],"collection":[{"href":"https:\/\/www.rtours.rs\/sr\/wp-json\/wp\/v2\/pages"}],"about":[{"href":"https:\/\/www.rtours.rs\/sr\/wp-json\/wp\/v2\/types\/page"}],"author":[{"embeddable":true,"href":"https:\/\/www.rtours.rs\/sr\/wp-json\/wp\/v2\/users\/1"}],"replies":[{"embeddable":true,"href":"https:\/\/www.rtours.rs\/sr\/wp-json\/wp\/v2\/comments?post=37"}],"version-history":[{"count":19,"href":"https:\/\/www.rtours.rs\/sr\/wp-json\/wp\/v2\/pages\/37\/revisions"}],"predecessor-version":[{"id":2424,"href":"https:\/\/www.rtours.rs\/sr\/wp-json\/wp\/v2\/pages\/37\/revisions\/2424"}],"wp:attachment":[{"href":"https:\/\/www.rtours.rs\/sr\/wp-json\/wp\/v2\/media?parent=37"}],"curies":[{"name":"wp","href":"https:\/\/api.w.org\/{rel}","templated":true}]}}