{"id":370,"date":"2017-01-24T14:50:28","date_gmt":"2017-01-24T13:50:28","guid":{"rendered":"http:\/\/www.rtours.rs\/sr\/?page_id=370"},"modified":"2020-12-03T20:19:53","modified_gmt":"2020-12-03T19:19:53","slug":"smestaj-u-banjama","status":"publish","type":"page","link":"https:\/\/www.rtours.rs\/sr\/smestaj-u-banjama\/","title":{"rendered":"Sme\u0161taj u banjama"},"content":{"rendered":"<h1><span style=\"color: #448b7f;\">Sme\u0161taj u banjama<\/span><\/h1>\n<hr \/>\n\n\t    \t\t<article class=\"posts_listing blog_shortcode clearfix post-571 post type-post status-publish format-standard has-post-thumbnail hentry category-smestaj-u-banjama-srbije tag-hotel-premier-aqua tag-vrdnik\" id=\"post-571\">\n\t\t    \t\t        <a href=\"https:\/\/www.rtours.rs\/sr\/hotel-premier-aqua-vrdnik\/\" title=\"HOTEL PREMIER AQUA, VRDNIK\" class=\"imgborder clearfix thumb\"><img decoding=\"async\" src=\"https:\/\/www.rtours.rs\/sr\/wp-content\/uploads\/2017\/01\/01-1-150x100.jpg\" class=\"attachment-blog_shortcode size-blog_shortcode wp-post-image\" alt=\"\" \/><\/a>\n\t\t    \t\t    <h2 class=\"entry-title\"><a href=\"https:\/\/www.rtours.rs\/sr\/hotel-premier-aqua-vrdnik\/\" rel=\"bookmark\" title=\"Permanent Link to HOTEL PREMIER AQUA, VRDNIK\">HOTEL PREMIER AQUA, VRDNIK<\/a><\/h2>\n\t\t    <div class=\"entry-content\">\n\t\t\t<p>Sme\u0161ten na idealnoj poziciji izme\u0111u Beograda i Novog Sada, na izvoru tople termalne vode u banji Vrdnik, sa modernim spa centrom, otvorenim i zatvorenim bazenom, kongresnom salom, restoranom i bogato opremljenim sobama i apartmanima. Hotel Premier Aqua \u010dini idealan spoj prirodnih lepota i mira Fru\u0161ke Gore sa najsavremenijom tehnologijom i komforom hotela visoke kategorije koji&#8230;<\/p>\n\t\t    <\/div>\n\t\t<\/article>\n\t    \t\t<article class=\"posts_listing blog_shortcode clearfix post-319 post type-post status-publish format-standard has-post-thumbnail hentry category-smestaj-u-banjama-srbije tag-solaris-resort tag-vrnjacka-banja\" id=\"post-319\">\n\t\t    \t\t        <a href=\"https:\/\/www.rtours.rs\/sr\/hotel-solaris-resort-vrnjacka-banja-%e2%98%85%e2%98%85%e2%98%85%e2%98%85%e2%98%85\/\" title=\"Hotel &#8222;Solaris Resort&#8220; Vrnja\u010dka Banja \u2605\u2605\u2605\u2605\u2605\" class=\"imgborder clearfix thumb\"><img decoding=\"async\" src=\"https:\/\/www.rtours.rs\/sr\/wp-content\/uploads\/2017\/01\/solaris-resort-vrnjacka-150x100.jpg\" class=\"attachment-blog_shortcode size-blog_shortcode wp-post-image\" alt=\"\" srcset=\"https:\/\/www.rtours.rs\/sr\/wp-content\/uploads\/2017\/01\/solaris-resort-vrnjacka-150x100.jpg 150w, https:\/\/www.rtours.rs\/sr\/wp-content\/uploads\/2017\/01\/solaris-resort-vrnjacka-300x199.jpg 300w, https:\/\/www.rtours.rs\/sr\/wp-content\/uploads\/2017\/01\/solaris-resort-vrnjacka-768x509.jpg 768w, https:\/\/www.rtours.rs\/sr\/wp-content\/uploads\/2017\/01\/solaris-resort-vrnjacka.jpg 800w\" sizes=\"(max-width: 150px) 100vw, 150px\" \/><\/a>\n\t\t    \t\t    <h2 class=\"entry-title\"><a href=\"https:\/\/www.rtours.rs\/sr\/hotel-solaris-resort-vrnjacka-banja-%e2%98%85%e2%98%85%e2%98%85%e2%98%85%e2%98%85\/\" rel=\"bookmark\" title=\"Permanent Link to Hotel &#8222;Solaris Resort&#8220; Vrnja\u010dka Banja \u2605\u2605\u2605\u2605\u2605\">Hotel &#8222;Solaris Resort&#8220; Vrnja\u010dka Banja \u2605\u2605\u2605\u2605\u2605<\/a><\/h2>\n\t\t    <div class=\"entry-content\">\n\t\t\t<p>Hotel Solaris Resort je nov i moderno opremljen objekat u turisti\u010dkoj ponudi Vrnja\u010dke Banje. Ambijent odi\u0161e komforom, prijatno\u0161\u0107u i umetni\u010dkim \u0161armom koji goste ne\u0107e ostaviti ravnodu\u0161nim. Objekat nudi luksuzne apartmane i porodi\u010dne sobe sa elegantnim enterijerom, restoran, aperitiv bar, salu za seminare, sopstveni parking prostor. U ponudi su tako\u0111e i sportsko-rekreativni sadr\u017eaji sa otvorenim i&#8230;<\/p>\n\t\t    <\/div>\n\t\t<\/article>\n\t    \t    \n<hr \/>\n<hr \/>\n<h2>Info o banjama Srbije:<\/h2>\n\n\t    \t\t<article class=\"posts_listing blog_shortcode clearfix post-2547 post type-post status-publish format-standard has-post-thumbnail hentry category-banje tag-banja-selters tag-mladenovac tag-selters\" id=\"post-2547\">\n\t\t    \t\t        <a href=\"https:\/\/www.rtours.rs\/sr\/selters-banja-mladenovac\/\" title=\"SELTERS BANJA, MLADENOVAC\" class=\"imgborder clearfix thumb\"><img decoding=\"async\" src=\"https:\/\/www.rtours.rs\/sr\/wp-content\/uploads\/2017\/12\/banja-selters-150x100.jpg\" class=\"attachment-blog_shortcode size-blog_shortcode wp-post-image\" alt=\"\" srcset=\"https:\/\/www.rtours.rs\/sr\/wp-content\/uploads\/2017\/12\/banja-selters-150x100.jpg 150w, https:\/\/www.rtours.rs\/sr\/wp-content\/uploads\/2017\/12\/banja-selters-300x199.jpg 300w, https:\/\/www.rtours.rs\/sr\/wp-content\/uploads\/2017\/12\/banja-selters-768x510.jpg 768w, https:\/\/www.rtours.rs\/sr\/wp-content\/uploads\/2017\/12\/banja-selters.jpg 800w\" sizes=\"(max-width: 150px) 100vw, 150px\" \/><\/a>\n\t\t    \t\t    <h2 class=\"entry-title\"><a href=\"https:\/\/www.rtours.rs\/sr\/selters-banja-mladenovac\/\" rel=\"bookmark\" title=\"Permanent Link to SELTERS BANJA, MLADENOVAC\">SELTERS BANJA, MLADENOVAC<\/a><\/h2>\n\t\t    <div class=\"entry-content\">\n\t\t\t<p>Selters banja je organizaciona jedinica Instituta za rehabilitaciju Beograd, nalazi se na 45kilometara udaljenosti od Beograda, u podno\u017eju planine Kosmaj. Selters banja je pretvorena u moderno le\u010dili\u0161te sa specijalizovanim stru\u010dnim kadrom, savremenim dijagnosti\u010dkim kabinetom i opremom. Banja raspola\u017ee kabinetima za elektrodijagnostiku, laboratoriju i rendgen dijagnostiku, osteodenzitometriju i ima visoko specijalizovan kadar za le\u010denje neurolo\u0161kih, ortopedsko-traumatolo\u0161kih&#8230;<\/p>\n\t\t    <\/div>\n\t\t<\/article>\n\t    \t\t<article class=\"posts_listing blog_shortcode clearfix post-1087 post type-post status-publish format-standard has-post-thumbnail hentry category-banje category-turisticke-destinacije-u-srbiji tag-davolja-varos tag-prolom-banja\" id=\"post-1087\">\n\t\t    \t\t        <a href=\"https:\/\/www.rtours.rs\/sr\/prolom-banja-davolja-varos\/\" title=\"Prolom Banja i \u0110avolja Varo\u0161\" class=\"imgborder clearfix thumb\"><img decoding=\"async\" src=\"https:\/\/www.rtours.rs\/sr\/wp-content\/uploads\/2017\/02\/djavolja-varos-150x100.jpg\" class=\"attachment-blog_shortcode size-blog_shortcode wp-post-image\" alt=\"\" \/><\/a>\n\t\t    \t\t    <h2 class=\"entry-title\"><a href=\"https:\/\/www.rtours.rs\/sr\/prolom-banja-davolja-varos\/\" rel=\"bookmark\" title=\"Permanent Link to Prolom Banja i \u0110avolja Varo\u0161\">Prolom Banja i \u0110avolja Varo\u0161<\/a><\/h2>\n\t\t    <div class=\"entry-content\">\n\t\t\t<p>Na osamdesetak kilometara od Ni\u0161a, ka jugozapadu i na dvadesetak kilometara jugoisto\u010dno od Kur\u0161umlije, nalazi se \u010duvena Prolom banja poznata kao banjsko i klimatsko le\u010dili\u0161te. Sme\u0161tena je na \u0161umovitim padinama planine Radan (1409 m) i Sokolovice (1050 m) na nadmorskoj visini od 550-668 m. ime joj dolazi od naziva obli\u0161njeg \u017eivopisnog istoimenog seoceta \u2013 Prolom&#8230;.<\/p>\n\t\t    <\/div>\n\t\t<\/article>\n\t    \t\t<article class=\"posts_listing blog_shortcode clearfix post-1073 post type-post status-publish format-standard has-post-thumbnail hentry category-banje category-turisticke-destinacije-u-srbiji tag-vrnjacka-banja\" id=\"post-1073\">\n\t\t    \t\t        <a href=\"https:\/\/www.rtours.rs\/sr\/vrnjacka-banja-2\/\" title=\"Vrnja\u010dka banja\" class=\"imgborder clearfix thumb\"><img decoding=\"async\" src=\"https:\/\/www.rtours.rs\/sr\/wp-content\/uploads\/2017\/02\/vrnjacka-150x100.jpg\" class=\"attachment-blog_shortcode size-blog_shortcode wp-post-image\" alt=\"\" \/><\/a>\n\t\t    \t\t    <h2 class=\"entry-title\"><a href=\"https:\/\/www.rtours.rs\/sr\/vrnjacka-banja-2\/\" rel=\"bookmark\" title=\"Permanent Link to Vrnja\u010dka banja\">Vrnja\u010dka banja<\/a><\/h2>\n\t\t    <div class=\"entry-content\">\n\t\t\t<p>Vrnja\u010dku Banju \u010desto nazivaju i prestonicom doma\u0107eg banjskog ali i turizma uop\u0161te. Razvoj moderne Vrnja\u010dke Banje zapo\u010deo je 1868. godine radom Osniva\u010dkog dru\u0161tva, najstarije turisti\u010dke organizacije na Balkanu. Vrnja\u010dka Banja se nalazi na 200 km ju\u017eno od Beograda. Sme\u0161tena je na obroncima planine Go\u010d i u dolinama Vrnja\u010dke i Lipova\u010dke reke na nadmordkim visinama izme\u0111u&#8230;<\/p>\n\t\t    <\/div>\n\t\t<\/article>\n\t    \t\t<article class=\"posts_listing blog_shortcode clearfix post-1028 post type-post status-publish format-standard has-post-thumbnail hentry category-banje category-turisticke-destinacije-u-srbiji tag-niska-banja\" id=\"post-1028\">\n\t\t    \t\t        <a href=\"https:\/\/www.rtours.rs\/sr\/niska-banja\/\" title=\"Ni\u0161ka banja\" class=\"imgborder clearfix thumb\"><img decoding=\"async\" src=\"https:\/\/www.rtours.rs\/sr\/wp-content\/uploads\/2017\/02\/niska-150x100.jpg\" class=\"attachment-blog_shortcode size-blog_shortcode wp-post-image\" alt=\"\" srcset=\"https:\/\/www.rtours.rs\/sr\/wp-content\/uploads\/2017\/02\/niska-150x100.jpg 150w, https:\/\/www.rtours.rs\/sr\/wp-content\/uploads\/2017\/02\/niska-300x201.jpg 300w, https:\/\/www.rtours.rs\/sr\/wp-content\/uploads\/2017\/02\/niska.jpg 418w\" sizes=\"(max-width: 150px) 100vw, 150px\" \/><\/a>\n\t\t    \t\t    <h2 class=\"entry-title\"><a href=\"https:\/\/www.rtours.rs\/sr\/niska-banja\/\" rel=\"bookmark\" title=\"Permanent Link to Ni\u0161ka banja\">Ni\u0161ka banja<\/a><\/h2>\n\t\t    <div class=\"entry-content\">\n\t\t\t<p>Ni\u0161ka Banja je turisti\u010dko mesto prepuno nalazi\u0161ta izvora tople lekovite vode, koji su bili poznati jo\u0161 za vreme starih Rimljana. Od tada pa do danas nalazila je svoje mesto u svakoj epohi, uklapaju\u0107i svoje prirodno bogatstvo sa \u017eivotom ljudi. Ova banja je jedno od najstarijih le\u010dili\u0161ta u na\u0161oj zemlji, sa umereno-kontinentalnom klimom na visini od&#8230;<\/p>\n\t\t    <\/div>\n\t\t<\/article>\n\t    \t\t<article class=\"posts_listing blog_shortcode clearfix post-1000 post type-post status-publish format-standard has-post-thumbnail hentry category-banje category-turisticke-destinacije-u-srbiji tag-banja-koviljaca\" id=\"post-1000\">\n\t\t    \t\t        <a href=\"https:\/\/www.rtours.rs\/sr\/banja-koviljaca-3\/\" title=\"Banja Kovilja\u010da\" class=\"imgborder clearfix thumb\"><img decoding=\"async\" src=\"https:\/\/www.rtours.rs\/sr\/wp-content\/uploads\/2017\/02\/kovilj-150x100.jpg\" class=\"attachment-blog_shortcode size-blog_shortcode wp-post-image\" alt=\"\" \/><\/a>\n\t\t    \t\t    <h2 class=\"entry-title\"><a href=\"https:\/\/www.rtours.rs\/sr\/banja-koviljaca-3\/\" rel=\"bookmark\" title=\"Permanent Link to Banja Kovilja\u010da\">Banja Kovilja\u010da<\/a><\/h2>\n\t\t    <div class=\"entry-content\">\n\t\t\t<p>Banja Kovilja\u010da &#8211; Geografija Banja Kovilja\u010da, jedna od najlep\u0161ih i najlekovitijih banja Balkana, nalazi se u zapadnoj Srbiji, u zagrljaju reke Drine i \u0161umovite planine Gu\u010devo, na nadmorskoj visini od 128 m. Okru\u017euju je i prostrane ravnice Ma\u010dve i Semberije i planine (Boranja, Sokolske planine, Cer). Nalazi se u regionu Podrinja, na koji se nastavljaju&#8230;<\/p>\n\t\t    <\/div>\n\t\t<\/article>\n\t    \t    \n","protected":false},"excerpt":{"rendered":"<p>Sme\u0161taj u banjama Info o banjama Srbije:<\/p>\n","protected":false},"author":1,"featured_media":0,"parent":0,"menu_order":0,"comment_status":"closed","ping_status":"closed","template":"template-rightsidebar.php","meta":{"footnotes":""},"yoast_head":"<!-- This site is optimized with the Yoast SEO plugin v21.5 - https:\/\/yoast.com\/wordpress\/plugins\/seo\/ -->\n<title>Sme\u0161taj u banjama - R-TOURS<\/title>\n<meta name=\"robots\" content=\"index, follow, max-snippet:-1, max-image-preview:large, max-video-preview:-1\" \/>\n<link rel=\"canonical\" href=\"https:\/\/www.rtours.rs\/sr\/smestaj-u-banjama\/\" \/>\n<meta property=\"og:locale\" content=\"sr_RS\" \/>\n<meta property=\"og:type\" content=\"article\" \/>\n<meta property=\"og:title\" content=\"Sme\u0161taj u banjama - R-TOURS\" \/>\n<meta property=\"og:description\" content=\"Sme\u0161taj u banjama Info o banjama Srbije:\" \/>\n<meta property=\"og:url\" content=\"https:\/\/www.rtours.rs\/sr\/smestaj-u-banjama\/\" \/>\n<meta property=\"og:site_name\" content=\"R-TOURS\" \/>\n<meta property=\"article:modified_time\" content=\"2020-12-03T19:19:53+00:00\" \/>\n<meta name=\"twitter:card\" content=\"summary_large_image\" \/>\n<script type=\"application\/ld+json\" class=\"yoast-schema-graph\">{\"@context\":\"https:\/\/schema.org\",\"@graph\":[{\"@type\":\"WebPage\",\"@id\":\"https:\/\/www.rtours.rs\/sr\/smestaj-u-banjama\/\",\"url\":\"https:\/\/www.rtours.rs\/sr\/smestaj-u-banjama\/\",\"name\":\"Sme\u0161taj u banjama - R-TOURS\",\"isPartOf\":{\"@id\":\"https:\/\/www.rtours.rs\/sr\/#website\"},\"datePublished\":\"2017-01-24T13:50:28+00:00\",\"dateModified\":\"2020-12-03T19:19:53+00:00\",\"breadcrumb\":{\"@id\":\"https:\/\/www.rtours.rs\/sr\/smestaj-u-banjama\/#breadcrumb\"},\"inLanguage\":\"sr-RS\",\"potentialAction\":[{\"@type\":\"ReadAction\",\"target\":[\"https:\/\/www.rtours.rs\/sr\/smestaj-u-banjama\/\"]}]},{\"@type\":\"BreadcrumbList\",\"@id\":\"https:\/\/www.rtours.rs\/sr\/smestaj-u-banjama\/#breadcrumb\",\"itemListElement\":[{\"@type\":\"ListItem\",\"position\":1,\"name\":\"Home\",\"item\":\"https:\/\/www.rtours.rs\/sr\/\"},{\"@type\":\"ListItem\",\"position\":2,\"name\":\"Sme\u0161taj u banjama\"}]},{\"@type\":\"WebSite\",\"@id\":\"https:\/\/www.rtours.rs\/sr\/#website\",\"url\":\"https:\/\/www.rtours.rs\/sr\/\",\"name\":\"R-TOURS\",\"description\":\"Putovanja u Rusiju\",\"potentialAction\":[{\"@type\":\"SearchAction\",\"target\":{\"@type\":\"EntryPoint\",\"urlTemplate\":\"https:\/\/www.rtours.rs\/sr\/?s={search_term_string}\"},\"query-input\":\"required name=search_term_string\"}],\"inLanguage\":\"sr-RS\"}]}<\/script>\n<!-- \/ Yoast SEO plugin. -->","yoast_head_json":{"title":"Sme\u0161taj u banjama - R-TOURS","robots":{"index":"index","follow":"follow","max-snippet":"max-snippet:-1","max-image-preview":"max-image-preview:large","max-video-preview":"max-video-preview:-1"},"canonical":"https:\/\/www.rtours.rs\/sr\/smestaj-u-banjama\/","og_locale":"sr_RS","og_type":"article","og_title":"Sme\u0161taj u banjama - R-TOURS","og_description":"Sme\u0161taj u banjama Info o banjama Srbije:","og_url":"https:\/\/www.rtours.rs\/sr\/smestaj-u-banjama\/","og_site_name":"R-TOURS","article_modified_time":"2020-12-03T19:19:53+00:00","twitter_card":"summary_large_image","schema":{"@context":"https:\/\/schema.org","@graph":[{"@type":"WebPage","@id":"https:\/\/www.rtours.rs\/sr\/smestaj-u-banjama\/","url":"https:\/\/www.rtours.rs\/sr\/smestaj-u-banjama\/","name":"Sme\u0161taj u banjama - R-TOURS","isPartOf":{"@id":"https:\/\/www.rtours.rs\/sr\/#website"},"datePublished":"2017-01-24T13:50:28+00:00","dateModified":"2020-12-03T19:19:53+00:00","breadcrumb":{"@id":"https:\/\/www.rtours.rs\/sr\/smestaj-u-banjama\/#breadcrumb"},"inLanguage":"sr-RS","potentialAction":[{"@type":"ReadAction","target":["https:\/\/www.rtours.rs\/sr\/smestaj-u-banjama\/"]}]},{"@type":"BreadcrumbList","@id":"https:\/\/www.rtours.rs\/sr\/smestaj-u-banjama\/#breadcrumb","itemListElement":[{"@type":"ListItem","position":1,"name":"Home","item":"https:\/\/www.rtours.rs\/sr\/"},{"@type":"ListItem","position":2,"name":"Sme\u0161taj u banjama"}]},{"@type":"WebSite","@id":"https:\/\/www.rtours.rs\/sr\/#website","url":"https:\/\/www.rtours.rs\/sr\/","name":"R-TOURS","description":"Putovanja u Rusiju","potentialAction":[{"@type":"SearchAction","target":{"@type":"EntryPoint","urlTemplate":"https:\/\/www.rtours.rs\/sr\/?s={search_term_string}"},"query-input":"required name=search_term_string"}],"inLanguage":"sr-RS"}]}},"_links":{"self":[{"href":"https:\/\/www.rtours.rs\/sr\/wp-json\/wp\/v2\/pages\/370"}],"collection":[{"href":"https:\/\/www.rtours.rs\/sr\/wp-json\/wp\/v2\/pages"}],"about":[{"href":"https:\/\/www.rtours.rs\/sr\/wp-json\/wp\/v2\/types\/page"}],"author":[{"embeddable":true,"href":"https:\/\/www.rtours.rs\/sr\/wp-json\/wp\/v2\/users\/1"}],"replies":[{"embeddable":true,"href":"https:\/\/www.rtours.rs\/sr\/wp-json\/wp\/v2\/comments?post=370"}],"version-history":[{"count":7,"href":"https:\/\/www.rtours.rs\/sr\/wp-json\/wp\/v2\/pages\/370\/revisions"}],"predecessor-version":[{"id":446,"href":"https:\/\/www.rtours.rs\/sr\/wp-json\/wp\/v2\/pages\/370\/revisions\/446"}],"wp:attachment":[{"href":"https:\/\/www.rtours.rs\/sr\/wp-json\/wp\/v2\/media?parent=370"}],"curies":[{"name":"wp","href":"https:\/\/api.w.org\/{rel}","templated":true}]}}