{"id":372,"date":"2017-01-24T14:50:47","date_gmt":"2017-01-24T13:50:47","guid":{"rendered":"http:\/\/www.rtours.rs\/sr\/?page_id=372"},"modified":"2020-12-03T20:25:18","modified_gmt":"2020-12-03T19:25:18","slug":"smestaj-na-planinama","status":"publish","type":"page","link":"https:\/\/www.rtours.rs\/sr\/smestaj-na-planinama\/","title":{"rendered":"Sme\u0161taj na planinama"},"content":{"rendered":"<h2>Sme\u0161taj na planinama<\/h2>\n<hr \/>\n\n\t    \t\t<article class=\"posts_listing blog_shortcode clearfix post-4795 post type-post status-publish format-standard has-post-thumbnail hentry category-smestaj-planine-srbije tag-kraljevi-cardaci\" id=\"post-4795\">\n\t\t    \t\t        <a href=\"https:\/\/www.rtours.rs\/sr\/kraljevi-cardaci-4\/\" title=\"Kraljevi \u010cardaci\u00a0 4*\" class=\"imgborder clearfix thumb\"><img decoding=\"async\" src=\"https:\/\/www.rtours.rs\/sr\/wp-content\/uploads\/2021\/03\/5-1-150x100.jpg\" class=\"attachment-blog_shortcode size-blog_shortcode wp-post-image\" alt=\"\" \/><\/a>\n\t\t    \t\t    <h2 class=\"entry-title\"><a href=\"https:\/\/www.rtours.rs\/sr\/kraljevi-cardaci-4\/\" rel=\"bookmark\" title=\"Permanent Link to Kraljevi \u010cardaci\u00a0 4*\">Kraljevi \u010cardaci\u00a0 4*<\/a><\/h2>\n\t\t    <div class=\"entry-content\">\n\t\t\t<p>Hotel Kraljevi \u010cardaci okru\u017een je prirodom i sme\u0161ten u Nacionalnom parku Kopaonik. U ponudi ima moderni spa centar, restoran koji slu\u017ei jela tradicionalne srpske i internacionalne kuhinje i savremeno opremljene sobe i suite jedinice. Najbli\u017ea ski staza udaljena je 2,5 km. Gosti se mogu opustiti u hotelskom bazenu na otvorenom i u zatvorenom, parnom kupatilu&#8230;<\/p>\n\t\t    <\/div>\n\t\t<\/article>\n\t    \t\t<article class=\"posts_listing blog_shortcode clearfix post-4746 post type-post status-publish format-standard has-post-thumbnail hentry category-smestaj-planine-srbije tag-hotel-milmari tag-kopaonik\" id=\"post-4746\">\n\t\t    \t\t        <a href=\"https:\/\/www.rtours.rs\/sr\/milmari-resort-3\/\" title=\"Milmari Resort 3*\" class=\"imgborder clearfix thumb\"><img decoding=\"async\" src=\"https:\/\/www.rtours.rs\/sr\/wp-content\/uploads\/2021\/03\/5-150x100.jpg\" class=\"attachment-blog_shortcode size-blog_shortcode wp-post-image\" alt=\"\" \/><\/a>\n\t\t    \t\t    <h2 class=\"entry-title\"><a href=\"https:\/\/www.rtours.rs\/sr\/milmari-resort-3\/\" rel=\"bookmark\" title=\"Permanent Link to Milmari Resort 3*\">Milmari Resort 3*<\/a><\/h2>\n\t\t    <div class=\"entry-content\">\n\t\t\t<p>Milmari Resort (Hotel Milmari) je potpuno nov hotelsko-turisti\u010dki kompleks na obroncima Kopaonika, u Vikend naselju. Objekat se nalazi na 6 km od centra Kopaonika. Odmarali\u0161te sa spa centrom Milmari nudi elegantno ure\u0111ene sobe. Sve sobe i apartmani tipa &#8222;suite&#8220; nude name\u0161teni balkon. Gosti se mogu opustiti u hotelskom baru. Na raspolaganju svi sadr\u017eaji Wellness centra&#8230;<\/p>\n\t\t    <\/div>\n\t\t<\/article>\n\t    \t\t<article class=\"posts_listing blog_shortcode clearfix post-4718 post type-post status-publish format-standard has-post-thumbnail hentry category-smestaj-planine-srbije tag-hotel-gorski-kopaonik\" id=\"post-4718\">\n\t\t    \t\t        <a href=\"https:\/\/www.rtours.rs\/sr\/gorski-hotel-spa\/\" title=\"Gorski Hotel &#038; Spa\" class=\"imgborder clearfix thumb\"><img decoding=\"async\" src=\"https:\/\/www.rtours.rs\/sr\/wp-content\/uploads\/2021\/03\/hotel-Gorski-150x100.jpg\" class=\"attachment-blog_shortcode size-blog_shortcode wp-post-image\" alt=\"\" \/><\/a>\n\t\t    \t\t    <h2 class=\"entry-title\"><a href=\"https:\/\/www.rtours.rs\/sr\/gorski-hotel-spa\/\" rel=\"bookmark\" title=\"Permanent Link to Gorski Hotel &#038; Spa\">Gorski Hotel &#038; Spa<\/a><\/h2>\n\t\t    <div class=\"entry-content\">\n\t\t\t<p>Objekat Gorski Hotel &amp; Spa se nalazi na ekskluzivnoj lokaciji u samom centru Kopaonika, na stazi Malo jezero. Raspola\u017ee sa 97 luksuznih soba i 21 apartmanom koji odi\u0161u komforom. Iz pojedinih soba se pru\u017ea pogled na skija\u0161ke staze. Ski centar Kopaonik udaljen je 130 metara, a do \u017ei\u010dare Pan\u010di\u0107 ekspres ima 230 metara. Svakog jutra&#8230;<\/p>\n\t\t    <\/div>\n\t\t<\/article>\n\t    \t\t<article class=\"posts_listing blog_shortcode clearfix post-1066 post type-post status-publish format-standard has-post-thumbnail hentry category-smestaj-planine-srbije category-turisticke-destinacije-u-srbiji tag-kopaonik tag-skijanje\" id=\"post-1066\">\n\t\t    \t\t        <a href=\"https:\/\/www.rtours.rs\/sr\/kopaonik\/\" title=\"Kopaonik\" class=\"imgborder clearfix thumb\"><img decoding=\"async\" src=\"https:\/\/www.rtours.rs\/sr\/wp-content\/uploads\/2017\/02\/kopaonik-skijanje-150x100.png\" class=\"attachment-blog_shortcode size-blog_shortcode wp-post-image\" alt=\"\" \/><\/a>\n\t\t    \t\t    <h2 class=\"entry-title\"><a href=\"https:\/\/www.rtours.rs\/sr\/kopaonik\/\" rel=\"bookmark\" title=\"Permanent Link to Kopaonik\">Kopaonik<\/a><\/h2>\n\t\t    <div class=\"entry-content\">\n\t\t\t<p>O Kopaoniku Moderan i atraktivan turisti\u010dki centar na 1770 m nadmorske visine, ispod tri najvi\u0161a vrha velikog planinskog masiva Srbije, prekriven je snegom od novembra do maja i obasjan suncem 200 dana u godini. Ovakvi klimatski uslovi, izvrsni skija\u0161ki tereni, mre\u017ea od 21 \u017ei\u010dare i ski lifta, udobni hoteli sa brojnim i raznovrsnim sadr\u017eajima kao&#8230;<\/p>\n\t\t    <\/div>\n\t\t<\/article>\n\t    \t\t<article class=\"posts_listing blog_shortcode clearfix post-613 post type-post status-publish format-standard has-post-thumbnail hentry category-smestaj-planine-srbije tag-kopaonik tag-mk-resort-kopaonik\" id=\"post-613\">\n\t\t    \t\t        <a href=\"https:\/\/www.rtours.rs\/sr\/mk-mountain-resort\/\" title=\"MK Mountain Resort\" class=\"imgborder clearfix thumb\"><img decoding=\"async\" src=\"https:\/\/www.rtours.rs\/sr\/wp-content\/uploads\/2017\/02\/kopaonik-hotel-angela-150x100.png\" class=\"attachment-blog_shortcode size-blog_shortcode wp-post-image\" alt=\"\" \/><\/a>\n\t\t    \t\t    <h2 class=\"entry-title\"><a href=\"https:\/\/www.rtours.rs\/sr\/mk-mountain-resort\/\" rel=\"bookmark\" title=\"Permanent Link to MK Mountain Resort\">MK Mountain Resort<\/a><\/h2>\n\t\t    <div class=\"entry-content\">\n\t\t\t<p>MK Mountain Resort \u010dine Grand Hotel &amp; SPA ****, Family Hotel Angella ****, Apartments Konaci**** deluxe. Svi objekti su sme\u0161teni u sredi\u0161tu turisti\u010dkog centra i Nacionalng parka Kopaonik, na 1770m nadmorske visine. MK Mountain Resort je otvoren za svoje goste tokom cele godine, trude\u0107i se da im boravak u\u010dini jednako interesantnim, kako u zimskoj tako&#8230;<\/p>\n\t\t    <\/div>\n\t\t<\/article>\n\t    \t\t<article class=\"posts_listing blog_shortcode clearfix post-609 post type-post status-publish format-standard has-post-thumbnail hentry category-smestaj-planine-srbije tag-hotel-club-a-kopaonik\" id=\"post-609\">\n\t\t    \t\t        <a href=\"https:\/\/www.rtours.rs\/sr\/hotel-club-kopaonik\/\" title=\"Hotel Club A Kopaonik\" class=\"imgborder clearfix thumb\"><img decoding=\"async\" src=\"https:\/\/www.rtours.rs\/sr\/wp-content\/uploads\/2017\/01\/hotel-ckub-a-kopaonik-150x100.jpg\" class=\"attachment-blog_shortcode size-blog_shortcode wp-post-image\" alt=\"\" \/><\/a>\n\t\t    \t\t    <h2 class=\"entry-title\"><a href=\"https:\/\/www.rtours.rs\/sr\/hotel-club-kopaonik\/\" rel=\"bookmark\" title=\"Permanent Link to Hotel Club A Kopaonik\">Hotel Club A Kopaonik<\/a><\/h2>\n\t\t    <div class=\"entry-content\">\n\t\t\t<p>Hotel sa autenti\u010dnim \u0161armom planinskog ambijenta, sme\u0161ten je na samo nekoliko metara od\u00a0 samog turisti\u010dkog centra Kopaonika, na 1.750 m\/nv. Do hotela CLUB A se lako mo\u017ee sti\u0107i kolima ili javnim prevozom, obzirom da se autobuska stanica nalazi samo 50m od hotela. U restoranu hotela Club A \u00a0mo\u017eete probati autenti\u010dnu nacionalnu kuhinju. Doru\u010dak i ve\u010dera&#8230;<\/p>\n\t\t    <\/div>\n\t\t<\/article>\n\t    \t\t<article class=\"posts_listing blog_shortcode clearfix post-605 post type-post status-publish format-standard has-post-thumbnail hentry category-smestaj-planine-srbije tag-hotel-putnik tag-hotel-putnik-kopaonik\" id=\"post-605\">\n\t\t    \t\t        <a href=\"https:\/\/www.rtours.rs\/sr\/hotel-putnik-kopaonik\/\" title=\"Hotel Putnik Kopaonik\" class=\"imgborder clearfix thumb\"><img decoding=\"async\" src=\"https:\/\/www.rtours.rs\/sr\/wp-content\/uploads\/2017\/01\/hotel-putnik-kopaonik-150x100.jpg\" class=\"attachment-blog_shortcode size-blog_shortcode wp-post-image\" alt=\"\" \/><\/a>\n\t\t    \t\t    <h2 class=\"entry-title\"><a href=\"https:\/\/www.rtours.rs\/sr\/hotel-putnik-kopaonik\/\" rel=\"bookmark\" title=\"Permanent Link to Hotel Putnik Kopaonik\">Hotel Putnik Kopaonik<\/a><\/h2>\n\t\t    <div class=\"entry-content\">\n\t\t\t<p>Hotel Putnik Kopaonik je sme\u0161ten u Sun\u010danoj dolini, najlep\u0161em delu Kopaonika, na 1.650 metara nadmorske visine. Tradicionalna srpska kuhinja, koja se slu\u017ei u restoranu, je jedan od za\u0161titnih znakova hotela. Obilje kulinarskih specijaliteta se slu\u017ee na bazi \u0161vedskog stola dok se za ru\u010dak slu\u017ee jela sa jelovnika. U aperitiv baru na dva nivoa se mo\u017eete&#8230;<\/p>\n\t\t    <\/div>\n\t\t<\/article>\n\t    \t\t<article class=\"posts_listing blog_shortcode clearfix post-602 post type-post status-publish format-standard has-post-thumbnail hentry category-smestaj-planine-srbije tag-hotel-junior tag-kopaonik\" id=\"post-602\">\n\t\t    \t\t        <a href=\"https:\/\/www.rtours.rs\/sr\/hotel-junior-kopaonik\/\" title=\"Hotel Junior Kopaonik\" class=\"imgborder clearfix thumb\"><img decoding=\"async\" src=\"https:\/\/www.rtours.rs\/sr\/wp-content\/uploads\/2017\/01\/junior-150x100.jpg\" class=\"attachment-blog_shortcode size-blog_shortcode wp-post-image\" alt=\"\" srcset=\"https:\/\/www.rtours.rs\/sr\/wp-content\/uploads\/2017\/01\/junior-150x100.jpg 150w, https:\/\/www.rtours.rs\/sr\/wp-content\/uploads\/2017\/01\/junior-300x200.jpg 300w, https:\/\/www.rtours.rs\/sr\/wp-content\/uploads\/2017\/01\/junior-768x512.jpg 768w, https:\/\/www.rtours.rs\/sr\/wp-content\/uploads\/2017\/01\/junior.jpg 1024w\" sizes=\"(max-width: 150px) 100vw, 150px\" \/><\/a>\n\t\t    \t\t    <h2 class=\"entry-title\"><a href=\"https:\/\/www.rtours.rs\/sr\/hotel-junior-kopaonik\/\" rel=\"bookmark\" title=\"Permanent Link to Hotel Junior Kopaonik\">Hotel Junior Kopaonik<\/a><\/h2>\n\t\t    <div class=\"entry-content\">\n\t\t\t<p>Hotel Junior se nalazi na Kopaoniku u turisti\u010dkom centru Brze\u0107e na idealnih 1100 m nadmorske visine. Tradicionalna gostoljubivost ugostiteljskih radnika, ambijent i usluge \u010dine Hotel Junior centralnim objektom turisti\u010dke ponude Brze\u0107a. Na\u0161 hotel je idealno mesto za odr\u017eavanje zna\u010dajnijih poslovnih, sve\u010danih i sportsko &#8211; rekreativnih skupova ali i za opu\u0161tanje i u\u017eivanje u miru i&#8230;<\/p>\n\t\t    <\/div>\n\t\t<\/article>\n\t    \t\t<article class=\"posts_listing blog_shortcode clearfix post-591 post type-post status-publish format-standard has-post-thumbnail hentry category-smestaj-planine-srbije tag-cigota tag-zlatibor\" id=\"post-591\">\n\t\t    \t\t        <a href=\"https:\/\/www.rtours.rs\/sr\/cigota-zlatibor\/\" title=\"\u010cigota, Zlatibor, Kona\u010di\u0161te \u201eZlatni konak\u201c\" class=\"imgborder clearfix thumb\"><img decoding=\"async\" src=\"https:\/\/www.rtours.rs\/sr\/wp-content\/uploads\/2017\/01\/Screenshot_2018-07-26-Kona\u010di\u0161te-Zlatni-konak-Agencija-\u010cigota3-150x100.png\" class=\"attachment-blog_shortcode size-blog_shortcode wp-post-image\" alt=\"\" \/><\/a>\n\t\t    \t\t    <h2 class=\"entry-title\"><a href=\"https:\/\/www.rtours.rs\/sr\/cigota-zlatibor\/\" rel=\"bookmark\" title=\"Permanent Link to \u010cigota, Zlatibor, Kona\u010di\u0161te \u201eZlatni konak\u201c\">\u010cigota, Zlatibor, Kona\u010di\u0161te \u201eZlatni konak\u201c<\/a><\/h2>\n\t\t    <div class=\"entry-content\">\n\t\t\t<p>Kona\u010di\u0161te \u201eZlatni konak\u201c se nalazi u samom centru Zlatibora na atraktivnoj lokaciji. Objekat je izgra\u0111en po najvi\u0161im standardima i nivoima opremeljenosti. Raspola\u017ee sa 1\/2 + 1 studijima i 1\/4 apartmanima. Maksimalan kapacitet je do 60 osoba.Svi apartmani imaju \u010dajnu kuhinju, mini bar , klimu ,Wi \u2013 fi i terasu. Prema izboru gosta mogu\u0107nost ishrane u&#8230;<\/p>\n\t\t    <\/div>\n\t\t<\/article>\n\t    \t\t<article class=\"posts_listing blog_shortcode clearfix post-575 post type-post status-publish format-standard has-post-thumbnail hentry category-smestaj-planine-srbije tag-apartmani-kopaonik tag-apattmani-na-kopaoniku tag-mujen-apartmani\" id=\"post-575\">\n\t\t    \t\t        <a href=\"https:\/\/www.rtours.rs\/sr\/mujen-apartments-kopaonik\/\" title=\"Mujen Apartments Kopaonik\" class=\"imgborder clearfix thumb\"><img decoding=\"async\" src=\"https:\/\/www.rtours.rs\/sr\/wp-content\/uploads\/2017\/01\/mujen-150x100.png\" class=\"attachment-blog_shortcode size-blog_shortcode wp-post-image\" alt=\"\" \/><\/a>\n\t\t    \t\t    <h2 class=\"entry-title\"><a href=\"https:\/\/www.rtours.rs\/sr\/mujen-apartments-kopaonik\/\" rel=\"bookmark\" title=\"Permanent Link to Mujen Apartments Kopaonik\">Mujen Apartments Kopaonik<\/a><\/h2>\n\t\t    <div class=\"entry-content\">\n\t\t\t<p>Sa namerom da Va\u0161 odmor u\u010dinimo prijatnim i udobnim, potrudili smo se da Vam obezbedimo adekvatan komfor i ambijent apartmana u prirodnom i privla\u010dnom stilu. Nalazimo se u Vikend naselju, u mirnom i zelenom okru\u017eenju na sun\u010danoj strani Kopaonika, koje je idealno mesto za miran i opu\u0161taju\u0107i odmor daleko od gu\u017eve, svakodnevnice i brzog ritma&#8230;<\/p>\n\t\t    <\/div>\n\t\t<\/article>\n\t    \t\t<article class=\"posts_listing blog_shortcode clearfix post-568 post type-post status-publish format-standard has-post-thumbnail hentry category-smestaj-planine-srbije tag-hotel-iris-zlatibor tag-hotel-zlatarski-biseri tag-smestaj-na-zlataru\" id=\"post-568\">\n\t\t    \t\t        <a href=\"https:\/\/www.rtours.rs\/sr\/hotel-iris-zlatibor\/\" title=\"Hotel Iris, Zlatibor\" class=\"imgborder clearfix thumb\"><img decoding=\"async\" src=\"https:\/\/www.rtours.rs\/sr\/wp-content\/uploads\/2017\/01\/iris-150x100.png\" class=\"attachment-blog_shortcode size-blog_shortcode wp-post-image\" alt=\"\" \/><\/a>\n\t\t    \t\t    <h2 class=\"entry-title\"><a href=\"https:\/\/www.rtours.rs\/sr\/hotel-iris-zlatibor\/\" rel=\"bookmark\" title=\"Permanent Link to Hotel Iris, Zlatibor\">Hotel Iris, Zlatibor<\/a><\/h2>\n\t\t    <div class=\"entry-content\">\n\t\t\t<p>Hotel Iris, 4*, je novi hotel na Zlatiboru, izgra\u0111en u planinskom, modernom stilu, \u010dija Vam usluga i sadr\u017eaj omogu\u0107avaju potpuni do\u017eivljaj svih \u010dari koje pru\u017ea na\u0161a najlep\u0161a planina. Hotel je lociran u srcu Zlatibora, neposredno pored crkve, na samo par minuta hoda od jezera i Kraljevog trga. Okru\u017een borovom \u0161umom, odi\u0161e toplinom i pru\u017ea Vam&#8230;<\/p>\n\t\t    <\/div>\n\t\t<\/article>\n\t    \t    \n<hr \/>\n<p>&nbsp;<\/p>\n","protected":false},"excerpt":{"rendered":"<p>Sme\u0161taj na planinama &nbsp;<\/p>\n","protected":false},"author":1,"featured_media":0,"parent":0,"menu_order":0,"comment_status":"closed","ping_status":"closed","template":"template-rightsidebar.php","meta":{"footnotes":""},"yoast_head":"<!-- This site is optimized with the Yoast SEO plugin v21.5 - https:\/\/yoast.com\/wordpress\/plugins\/seo\/ -->\n<title>Sme\u0161taj na planinama - R-TOURS<\/title>\n<meta name=\"robots\" content=\"index, follow, max-snippet:-1, max-image-preview:large, max-video-preview:-1\" \/>\n<link rel=\"canonical\" href=\"https:\/\/www.rtours.rs\/sr\/smestaj-na-planinama\/\" \/>\n<meta property=\"og:locale\" content=\"sr_RS\" \/>\n<meta property=\"og:type\" content=\"article\" \/>\n<meta property=\"og:title\" content=\"Sme\u0161taj na planinama - R-TOURS\" \/>\n<meta property=\"og:description\" content=\"Sme\u0161taj na planinama &nbsp;\" \/>\n<meta property=\"og:url\" content=\"https:\/\/www.rtours.rs\/sr\/smestaj-na-planinama\/\" \/>\n<meta property=\"og:site_name\" content=\"R-TOURS\" \/>\n<meta property=\"article:modified_time\" content=\"2020-12-03T19:25:18+00:00\" \/>\n<meta name=\"twitter:card\" content=\"summary_large_image\" \/>\n<script type=\"application\/ld+json\" class=\"yoast-schema-graph\">{\"@context\":\"https:\/\/schema.org\",\"@graph\":[{\"@type\":\"WebPage\",\"@id\":\"https:\/\/www.rtours.rs\/sr\/smestaj-na-planinama\/\",\"url\":\"https:\/\/www.rtours.rs\/sr\/smestaj-na-planinama\/\",\"name\":\"Sme\u0161taj na planinama - R-TOURS\",\"isPartOf\":{\"@id\":\"https:\/\/www.rtours.rs\/sr\/#website\"},\"datePublished\":\"2017-01-24T13:50:47+00:00\",\"dateModified\":\"2020-12-03T19:25:18+00:00\",\"breadcrumb\":{\"@id\":\"https:\/\/www.rtours.rs\/sr\/smestaj-na-planinama\/#breadcrumb\"},\"inLanguage\":\"sr-RS\",\"potentialAction\":[{\"@type\":\"ReadAction\",\"target\":[\"https:\/\/www.rtours.rs\/sr\/smestaj-na-planinama\/\"]}]},{\"@type\":\"BreadcrumbList\",\"@id\":\"https:\/\/www.rtours.rs\/sr\/smestaj-na-planinama\/#breadcrumb\",\"itemListElement\":[{\"@type\":\"ListItem\",\"position\":1,\"name\":\"Home\",\"item\":\"https:\/\/www.rtours.rs\/sr\/\"},{\"@type\":\"ListItem\",\"position\":2,\"name\":\"Sme\u0161taj na planinama\"}]},{\"@type\":\"WebSite\",\"@id\":\"https:\/\/www.rtours.rs\/sr\/#website\",\"url\":\"https:\/\/www.rtours.rs\/sr\/\",\"name\":\"R-TOURS\",\"description\":\"Putovanja u Rusiju\",\"potentialAction\":[{\"@type\":\"SearchAction\",\"target\":{\"@type\":\"EntryPoint\",\"urlTemplate\":\"https:\/\/www.rtours.rs\/sr\/?s={search_term_string}\"},\"query-input\":\"required name=search_term_string\"}],\"inLanguage\":\"sr-RS\"}]}<\/script>\n<!-- \/ Yoast SEO plugin. -->","yoast_head_json":{"title":"Sme\u0161taj na planinama - R-TOURS","robots":{"index":"index","follow":"follow","max-snippet":"max-snippet:-1","max-image-preview":"max-image-preview:large","max-video-preview":"max-video-preview:-1"},"canonical":"https:\/\/www.rtours.rs\/sr\/smestaj-na-planinama\/","og_locale":"sr_RS","og_type":"article","og_title":"Sme\u0161taj na planinama - R-TOURS","og_description":"Sme\u0161taj na planinama &nbsp;","og_url":"https:\/\/www.rtours.rs\/sr\/smestaj-na-planinama\/","og_site_name":"R-TOURS","article_modified_time":"2020-12-03T19:25:18+00:00","twitter_card":"summary_large_image","schema":{"@context":"https:\/\/schema.org","@graph":[{"@type":"WebPage","@id":"https:\/\/www.rtours.rs\/sr\/smestaj-na-planinama\/","url":"https:\/\/www.rtours.rs\/sr\/smestaj-na-planinama\/","name":"Sme\u0161taj na planinama - R-TOURS","isPartOf":{"@id":"https:\/\/www.rtours.rs\/sr\/#website"},"datePublished":"2017-01-24T13:50:47+00:00","dateModified":"2020-12-03T19:25:18+00:00","breadcrumb":{"@id":"https:\/\/www.rtours.rs\/sr\/smestaj-na-planinama\/#breadcrumb"},"inLanguage":"sr-RS","potentialAction":[{"@type":"ReadAction","target":["https:\/\/www.rtours.rs\/sr\/smestaj-na-planinama\/"]}]},{"@type":"BreadcrumbList","@id":"https:\/\/www.rtours.rs\/sr\/smestaj-na-planinama\/#breadcrumb","itemListElement":[{"@type":"ListItem","position":1,"name":"Home","item":"https:\/\/www.rtours.rs\/sr\/"},{"@type":"ListItem","position":2,"name":"Sme\u0161taj na planinama"}]},{"@type":"WebSite","@id":"https:\/\/www.rtours.rs\/sr\/#website","url":"https:\/\/www.rtours.rs\/sr\/","name":"R-TOURS","description":"Putovanja u Rusiju","potentialAction":[{"@type":"SearchAction","target":{"@type":"EntryPoint","urlTemplate":"https:\/\/www.rtours.rs\/sr\/?s={search_term_string}"},"query-input":"required name=search_term_string"}],"inLanguage":"sr-RS"}]}},"_links":{"self":[{"href":"https:\/\/www.rtours.rs\/sr\/wp-json\/wp\/v2\/pages\/372"}],"collection":[{"href":"https:\/\/www.rtours.rs\/sr\/wp-json\/wp\/v2\/pages"}],"about":[{"href":"https:\/\/www.rtours.rs\/sr\/wp-json\/wp\/v2\/types\/page"}],"author":[{"embeddable":true,"href":"https:\/\/www.rtours.rs\/sr\/wp-json\/wp\/v2\/users\/1"}],"replies":[{"embeddable":true,"href":"https:\/\/www.rtours.rs\/sr\/wp-json\/wp\/v2\/comments?post=372"}],"version-history":[{"count":7,"href":"https:\/\/www.rtours.rs\/sr\/wp-json\/wp\/v2\/pages\/372\/revisions"}],"predecessor-version":[{"id":3661,"href":"https:\/\/www.rtours.rs\/sr\/wp-json\/wp\/v2\/pages\/372\/revisions\/3661"}],"wp:attachment":[{"href":"https:\/\/www.rtours.rs\/sr\/wp-json\/wp\/v2\/media?parent=372"}],"curies":[{"name":"wp","href":"https:\/\/api.w.org\/{rel}","templated":true}]}}