{"id":379,"date":"2017-01-24T14:53:59","date_gmt":"2017-01-24T13:53:59","guid":{"rendered":"http:\/\/www.rtours.rs\/sr\/?page_id=379"},"modified":"2017-01-28T11:15:44","modified_gmt":"2017-01-28T10:15:44","slug":"programi-putovanja","status":"publish","type":"page","link":"https:\/\/www.rtours.rs\/sr\/programi-putovanja\/","title":{"rendered":"Programi putovanja"},"content":{"rendered":"<h2>Programi putovanja<\/h2>\n<hr \/>\n\n\t    \t\t<article class=\"posts_listing blog_shortcode clearfix post-546 post type-post status-publish format-standard has-post-thumbnail hentry category-programi-putovanja category-turisticke-destinacije-u-rusiji tag-krstarenje-volgom tag-kruzer-volga tag-potovanja-u-rusiju\" id=\"post-546\">\n\t\t    \t\t        <a href=\"https:\/\/www.rtours.rs\/sr\/brod-krasin-krstarenje-rusijom-izmedu-moskve-st-peterburga\/\" title=\"Brod \u201eKrasin\u201c  Krstarenje Rusijom izme\u0111u Moskve i St. Peterburga\" class=\"imgborder clearfix thumb\"><img decoding=\"async\" src=\"https:\/\/www.rtours.rs\/sr\/wp-content\/uploads\/2017\/01\/krasin-slika-150x100.jpg\" class=\"attachment-blog_shortcode size-blog_shortcode wp-post-image\" alt=\"\" \/><\/a>\n\t\t    \t\t    <h2 class=\"entry-title\"><a href=\"https:\/\/www.rtours.rs\/sr\/brod-krasin-krstarenje-rusijom-izmedu-moskve-st-peterburga\/\" rel=\"bookmark\" title=\"Permanent Link to Brod \u201eKrasin\u201c  Krstarenje Rusijom izme\u0111u Moskve i St. Peterburga\">Brod \u201eKrasin\u201c  Krstarenje Rusijom izme\u0111u Moskve i St. Peterburga<\/a><\/h2>\n\t\t    <div class=\"entry-content\">\n\t\t\t<p>Novo u ponudi! Turisti\u010dki brod &#8222;Krasin&#8220; &#8211; krstarenje Volom na relaciji izme\u0111u dva najve\u0107a i najlep\u0161a uska grada, Moskve i St. Peterbuurga. Turisti\u010dki brod &#8222;Krasin&#8220; je igra\u0111en 1989. godine u Nema\u010dkoj, a renoviran je 2008. godine. Na brodu ima 126 dvokrevetnih (twin) kabina, 9 jednokrevetnih i 14 \u010detvorokrevetnih kabina te\u00a0 2 apartmana. Sve kabine su&#8230;<\/p>\n\t\t    <\/div>\n\t\t<\/article>\n\t    \t\t<article class=\"posts_listing blog_shortcode clearfix post-535 post type-post status-publish format-standard has-post-thumbnail hentry category-programi-putovanja category-turisticke-destinacije-u-srbiji\" id=\"post-535\">\n\t\t    \t\t        <a href=\"https:\/\/www.rtours.rs\/sr\/krstarenje-beogradskim-rekama\/\" title=\"Krstarenje Beogradskim rekama\" class=\"imgborder clearfix thumb\"><img decoding=\"async\" src=\"https:\/\/www.rtours.rs\/sr\/wp-content\/uploads\/2017\/01\/kej-150x100.png\" class=\"attachment-blog_shortcode size-blog_shortcode wp-post-image\" alt=\"\" \/><\/a>\n\t\t    \t\t    <h2 class=\"entry-title\"><a href=\"https:\/\/www.rtours.rs\/sr\/krstarenje-beogradskim-rekama\/\" rel=\"bookmark\" title=\"Permanent Link to Krstarenje Beogradskim rekama\">Krstarenje Beogradskim rekama<\/a><\/h2>\n\t\t    <div class=\"entry-content\">\n\t\t\t<p>Iskoristite mogu\u0107nost da na nesvakida\u0161nji na\u010din proslavite svoje poslovne uspehe i privatne trenutke na reci. Zaplovite Beogradskim rekama uz vrhunsku ponudu hrane i pi\u0107a. Predlog menia: OPCIJA 1: Princes krofne sa ruskom salatom Rolat od spana\u0107a Koktel pita sa sirom Kanapei sa \u0161unkom i piletinom, ka\u010dkavalj, majonez na bagetu Cezar salata u tortilji Pohovane punjene&#8230;<\/p>\n\t\t    <\/div>\n\t\t<\/article>\n\t    \t\t<article class=\"posts_listing blog_shortcode clearfix post-520 post type-post status-publish format-standard has-post-thumbnail hentry category-programi-putovanja category-turisticke-destinacije-u-srbiji tag-dunav tag-derdapska-klisura tag-krstarenje-dunavom\" id=\"post-520\">\n\t\t    \t\t        <a href=\"https:\/\/www.rtours.rs\/sr\/krstarenje-dunavom-kroz-istoriju-trodnevni-aranzman\/\" title=\"Krstarenje Dunavom kroz istoriju (trodnevni aran\u017eman)\" class=\"imgborder clearfix thumb\"><img decoding=\"async\" src=\"https:\/\/www.rtours.rs\/sr\/wp-content\/uploads\/2017\/01\/danube-150x100.jpg\" class=\"attachment-blog_shortcode size-blog_shortcode wp-post-image\" alt=\"\" \/><\/a>\n\t\t    \t\t    <h2 class=\"entry-title\"><a href=\"https:\/\/www.rtours.rs\/sr\/krstarenje-dunavom-kroz-istoriju-trodnevni-aranzman\/\" rel=\"bookmark\" title=\"Permanent Link to Krstarenje Dunavom kroz istoriju (trodnevni aran\u017eman)\">Krstarenje Dunavom kroz istoriju (trodnevni aran\u017eman)<\/a><\/h2>\n\t\t    <div class=\"entry-content\">\n\t\t\t<p>Krstarenje Dunavom kroz istoriju NACIONALNI PARK I \u0110ERDAPSKA KLISURA, BEOGRADSKA, SMEDEREVSKA, RAMSKA I GOLUBA\u010cKA TVR\u0110AVA, LEPENSKI VIR, HE \u0110ERDAP, TRAJANOVA TABLA tri dana \/ dve no\u0107i \u2013 brodom i autobusom Polasci: 5, 12, 19 i 26\u00a0 jul 2, 9, 16, 23 i 30 avgust 13, 20 i 27 septembar 4 oktobar Prvi dan: Beograd &#8211;&#8230;<\/p>\n\t\t    <\/div>\n\t\t<\/article>\n\t    \t    \n","protected":false},"excerpt":{"rendered":"<p>Programi putovanja<\/p>\n","protected":false},"author":1,"featured_media":0,"parent":0,"menu_order":0,"comment_status":"closed","ping_status":"closed","template":"template-rightsidebar.php","meta":{"footnotes":""},"yoast_head":"<!-- This site is optimized with the Yoast SEO plugin v21.5 - https:\/\/yoast.com\/wordpress\/plugins\/seo\/ -->\n<title>Programi putovanja - R-TOURS<\/title>\n<meta name=\"robots\" content=\"index, follow, max-snippet:-1, max-image-preview:large, max-video-preview:-1\" \/>\n<link rel=\"canonical\" href=\"https:\/\/www.rtours.rs\/sr\/programi-putovanja\/\" \/>\n<meta property=\"og:locale\" content=\"sr_RS\" \/>\n<meta property=\"og:type\" content=\"article\" \/>\n<meta property=\"og:title\" content=\"Programi putovanja - R-TOURS\" \/>\n<meta property=\"og:description\" content=\"Programi putovanja\" \/>\n<meta property=\"og:url\" content=\"https:\/\/www.rtours.rs\/sr\/programi-putovanja\/\" \/>\n<meta property=\"og:site_name\" content=\"R-TOURS\" \/>\n<meta property=\"article:modified_time\" content=\"2017-01-28T10:15:44+00:00\" \/>\n<meta name=\"twitter:card\" content=\"summary_large_image\" \/>\n<script type=\"application\/ld+json\" class=\"yoast-schema-graph\">{\"@context\":\"https:\/\/schema.org\",\"@graph\":[{\"@type\":\"WebPage\",\"@id\":\"https:\/\/www.rtours.rs\/sr\/programi-putovanja\/\",\"url\":\"https:\/\/www.rtours.rs\/sr\/programi-putovanja\/\",\"name\":\"Programi putovanja - R-TOURS\",\"isPartOf\":{\"@id\":\"https:\/\/www.rtours.rs\/sr\/#website\"},\"datePublished\":\"2017-01-24T13:53:59+00:00\",\"dateModified\":\"2017-01-28T10:15:44+00:00\",\"breadcrumb\":{\"@id\":\"https:\/\/www.rtours.rs\/sr\/programi-putovanja\/#breadcrumb\"},\"inLanguage\":\"sr-RS\",\"potentialAction\":[{\"@type\":\"ReadAction\",\"target\":[\"https:\/\/www.rtours.rs\/sr\/programi-putovanja\/\"]}]},{\"@type\":\"BreadcrumbList\",\"@id\":\"https:\/\/www.rtours.rs\/sr\/programi-putovanja\/#breadcrumb\",\"itemListElement\":[{\"@type\":\"ListItem\",\"position\":1,\"name\":\"Home\",\"item\":\"https:\/\/www.rtours.rs\/sr\/\"},{\"@type\":\"ListItem\",\"position\":2,\"name\":\"Programi putovanja\"}]},{\"@type\":\"WebSite\",\"@id\":\"https:\/\/www.rtours.rs\/sr\/#website\",\"url\":\"https:\/\/www.rtours.rs\/sr\/\",\"name\":\"R-TOURS\",\"description\":\"Putovanja u Rusiju\",\"potentialAction\":[{\"@type\":\"SearchAction\",\"target\":{\"@type\":\"EntryPoint\",\"urlTemplate\":\"https:\/\/www.rtours.rs\/sr\/?s={search_term_string}\"},\"query-input\":\"required name=search_term_string\"}],\"inLanguage\":\"sr-RS\"}]}<\/script>\n<!-- \/ Yoast SEO plugin. -->","yoast_head_json":{"title":"Programi putovanja - R-TOURS","robots":{"index":"index","follow":"follow","max-snippet":"max-snippet:-1","max-image-preview":"max-image-preview:large","max-video-preview":"max-video-preview:-1"},"canonical":"https:\/\/www.rtours.rs\/sr\/programi-putovanja\/","og_locale":"sr_RS","og_type":"article","og_title":"Programi putovanja - R-TOURS","og_description":"Programi putovanja","og_url":"https:\/\/www.rtours.rs\/sr\/programi-putovanja\/","og_site_name":"R-TOURS","article_modified_time":"2017-01-28T10:15:44+00:00","twitter_card":"summary_large_image","schema":{"@context":"https:\/\/schema.org","@graph":[{"@type":"WebPage","@id":"https:\/\/www.rtours.rs\/sr\/programi-putovanja\/","url":"https:\/\/www.rtours.rs\/sr\/programi-putovanja\/","name":"Programi putovanja - R-TOURS","isPartOf":{"@id":"https:\/\/www.rtours.rs\/sr\/#website"},"datePublished":"2017-01-24T13:53:59+00:00","dateModified":"2017-01-28T10:15:44+00:00","breadcrumb":{"@id":"https:\/\/www.rtours.rs\/sr\/programi-putovanja\/#breadcrumb"},"inLanguage":"sr-RS","potentialAction":[{"@type":"ReadAction","target":["https:\/\/www.rtours.rs\/sr\/programi-putovanja\/"]}]},{"@type":"BreadcrumbList","@id":"https:\/\/www.rtours.rs\/sr\/programi-putovanja\/#breadcrumb","itemListElement":[{"@type":"ListItem","position":1,"name":"Home","item":"https:\/\/www.rtours.rs\/sr\/"},{"@type":"ListItem","position":2,"name":"Programi putovanja"}]},{"@type":"WebSite","@id":"https:\/\/www.rtours.rs\/sr\/#website","url":"https:\/\/www.rtours.rs\/sr\/","name":"R-TOURS","description":"Putovanja u Rusiju","potentialAction":[{"@type":"SearchAction","target":{"@type":"EntryPoint","urlTemplate":"https:\/\/www.rtours.rs\/sr\/?s={search_term_string}"},"query-input":"required name=search_term_string"}],"inLanguage":"sr-RS"}]}},"_links":{"self":[{"href":"https:\/\/www.rtours.rs\/sr\/wp-json\/wp\/v2\/pages\/379"}],"collection":[{"href":"https:\/\/www.rtours.rs\/sr\/wp-json\/wp\/v2\/pages"}],"about":[{"href":"https:\/\/www.rtours.rs\/sr\/wp-json\/wp\/v2\/types\/page"}],"author":[{"embeddable":true,"href":"https:\/\/www.rtours.rs\/sr\/wp-json\/wp\/v2\/users\/1"}],"replies":[{"embeddable":true,"href":"https:\/\/www.rtours.rs\/sr\/wp-json\/wp\/v2\/comments?post=379"}],"version-history":[{"count":3,"href":"https:\/\/www.rtours.rs\/sr\/wp-json\/wp\/v2\/pages\/379\/revisions"}],"predecessor-version":[{"id":3519,"href":"https:\/\/www.rtours.rs\/sr\/wp-json\/wp\/v2\/pages\/379\/revisions\/3519"}],"wp:attachment":[{"href":"https:\/\/www.rtours.rs\/sr\/wp-json\/wp\/v2\/media?parent=379"}],"curies":[{"name":"wp","href":"https:\/\/api.w.org\/{rel}","templated":true}]}}