{"id":739,"date":"2017-02-01T11:34:47","date_gmt":"2017-02-01T10:34:47","guid":{"rendered":"http:\/\/www.rtours.rs\/sr\/?page_id=739"},"modified":"2017-02-01T11:38:41","modified_gmt":"2017-02-01T10:38:41","slug":"hoteli-u-baru","status":"publish","type":"page","link":"https:\/\/www.rtours.rs\/sr\/hoteli-u-baru\/","title":{"rendered":"Hoteli u Baru"},"content":{"rendered":"<h1>Hoteli u Baru<\/h1>\n<hr \/>\n<p>Predstavljamo vam na\u0161 katalog hotelskog sme\u0161taja u Baru.<\/p>\n<p>Klikom na \u017eeljeni objekat bi\u0107ete preusmereni na veb sajt na\u0161eg ofisa u Budvi.<\/p>\n<p>Rezervacije mo\u017eete da izvr\u0161ite i kod nas tj. kod ofisa u Beogradu.<\/p>\n<hr \/>\n<article class=\"posts_listing blog_shortcode clearfix post-1796 post type-post status-publish format-standard has-post-thumbnail hentry category-hoteli-u-baru tag-hotel-bar tag-hotel-princess\" id=\"post-1796\">\n\t\t\t\t\t\t\t\t\t\t\t<a href=\"http:\/\/rtours.me\/cg\/hotel-princess-beach-conference-resort\/\" title=\"HOTEL PRINCESS BEACH &amp; CONFERENCE RESORT 4*\" class=\"imgborder clearfix thumb\"><img decoding=\"async\" src=\"http:\/\/rtours.me\/cg\/wp-content\/uploads\/2016\/01\/princess8-150x100.jpg\" class=\"attachment-blog_shortcode size-blog_shortcode wp-post-image\" alt=\"princess8\"><\/a><\/p>\n<h2 class=\"entry-title\"><a href=\"http:\/\/rtours.me\/cg\/hotel-princess-beach-conference-resort\/\" rel=\"bookmark\" title=\"Permanent Link to HOTEL PRINCESS BEACH &amp; CONFERENCE RESORT 4*\">HOTEL PRINCESS BEACH &amp; CONFERENCE RESORT 4*<\/a><\/h2>\n<div class=\"entry-content\">\n<p>Hotel \u201ePrincess\u201c raspola\u017ee sa 135 soba, od toga su: 72 povezane sobe, 39 soba sa francuskim le\u017eajem, 33 sobe sa king size krevetom, 12 Deluxe Suite (85 m\u00b2), 15 Junior Suite (50 m\u00b2) i dvije sobe prilago\u0111ene potrebama lica sa invaliditetom. Sobe i apartmani, visokog komfora i modernog dizajna imaju: mini bar, klima ure\u0111aj, satelitski\u2026<\/p>\n<\/p><\/div>\n<\/article>\n","protected":false},"excerpt":{"rendered":"<p>Hoteli u Baru Predstavljamo vam na\u0161 katalog hotelskog sme\u0161taja u Baru. Klikom na \u017eeljeni objekat bi\u0107ete preusmereni na veb sajt na\u0161eg ofisa u Budvi. Rezervacije mo\u017eete da izvr\u0161ite i kod nas tj. kod ofisa u Beogradu. HOTEL PRINCESS BEACH &amp; CONFERENCE RESORT 4* Hotel \u201ePrincess\u201c raspola\u017ee sa 135 soba, od toga su: 72 povezane sobe,&#8230;<\/p>\n","protected":false},"author":1,"featured_media":0,"parent":0,"menu_order":0,"comment_status":"closed","ping_status":"closed","template":"template-rightsidebar.php","meta":{"footnotes":""},"yoast_head":"<!-- This site is optimized with the Yoast SEO plugin v21.5 - https:\/\/yoast.com\/wordpress\/plugins\/seo\/ -->\n<title>Hoteli u Baru - R-TOURS<\/title>\n<meta name=\"robots\" content=\"index, follow, max-snippet:-1, max-image-preview:large, max-video-preview:-1\" \/>\n<link rel=\"canonical\" href=\"https:\/\/www.rtours.rs\/sr\/hoteli-u-baru\/\" \/>\n<meta property=\"og:locale\" content=\"sr_RS\" \/>\n<meta property=\"og:type\" content=\"article\" \/>\n<meta property=\"og:title\" content=\"Hoteli u Baru - R-TOURS\" \/>\n<meta property=\"og:description\" content=\"Hoteli u Baru Predstavljamo vam na\u0161 katalog hotelskog sme\u0161taja u Baru. Klikom na \u017eeljeni objekat bi\u0107ete preusmereni na veb sajt na\u0161eg ofisa u Budvi. Rezervacije mo\u017eete da izvr\u0161ite i kod nas tj. kod ofisa u Beogradu. HOTEL PRINCESS BEACH &amp; CONFERENCE RESORT 4* Hotel \u201ePrincess\u201c raspola\u017ee sa 135 soba, od toga su: 72 povezane sobe,...\" \/>\n<meta property=\"og:url\" content=\"https:\/\/www.rtours.rs\/sr\/hoteli-u-baru\/\" \/>\n<meta property=\"og:site_name\" content=\"R-TOURS\" \/>\n<meta property=\"article:modified_time\" content=\"2017-02-01T10:38:41+00:00\" \/>\n<meta property=\"og:image\" content=\"http:\/\/rtours.me\/cg\/wp-content\/uploads\/2016\/01\/princess8-150x100.jpg\" \/>\n<meta name=\"twitter:card\" content=\"summary_large_image\" \/>\n<script type=\"application\/ld+json\" class=\"yoast-schema-graph\">{\"@context\":\"https:\/\/schema.org\",\"@graph\":[{\"@type\":\"WebPage\",\"@id\":\"https:\/\/www.rtours.rs\/sr\/hoteli-u-baru\/\",\"url\":\"https:\/\/www.rtours.rs\/sr\/hoteli-u-baru\/\",\"name\":\"Hoteli u Baru - R-TOURS\",\"isPartOf\":{\"@id\":\"https:\/\/www.rtours.rs\/sr\/#website\"},\"datePublished\":\"2017-02-01T10:34:47+00:00\",\"dateModified\":\"2017-02-01T10:38:41+00:00\",\"breadcrumb\":{\"@id\":\"https:\/\/www.rtours.rs\/sr\/hoteli-u-baru\/#breadcrumb\"},\"inLanguage\":\"sr-RS\",\"potentialAction\":[{\"@type\":\"ReadAction\",\"target\":[\"https:\/\/www.rtours.rs\/sr\/hoteli-u-baru\/\"]}]},{\"@type\":\"BreadcrumbList\",\"@id\":\"https:\/\/www.rtours.rs\/sr\/hoteli-u-baru\/#breadcrumb\",\"itemListElement\":[{\"@type\":\"ListItem\",\"position\":1,\"name\":\"Home\",\"item\":\"https:\/\/www.rtours.rs\/sr\/\"},{\"@type\":\"ListItem\",\"position\":2,\"name\":\"Hoteli u Baru\"}]},{\"@type\":\"WebSite\",\"@id\":\"https:\/\/www.rtours.rs\/sr\/#website\",\"url\":\"https:\/\/www.rtours.rs\/sr\/\",\"name\":\"R-TOURS\",\"description\":\"Putovanja u Rusiju\",\"potentialAction\":[{\"@type\":\"SearchAction\",\"target\":{\"@type\":\"EntryPoint\",\"urlTemplate\":\"https:\/\/www.rtours.rs\/sr\/?s={search_term_string}\"},\"query-input\":\"required name=search_term_string\"}],\"inLanguage\":\"sr-RS\"}]}<\/script>\n<!-- \/ Yoast SEO plugin. -->","yoast_head_json":{"title":"Hoteli u Baru - R-TOURS","robots":{"index":"index","follow":"follow","max-snippet":"max-snippet:-1","max-image-preview":"max-image-preview:large","max-video-preview":"max-video-preview:-1"},"canonical":"https:\/\/www.rtours.rs\/sr\/hoteli-u-baru\/","og_locale":"sr_RS","og_type":"article","og_title":"Hoteli u Baru - R-TOURS","og_description":"Hoteli u Baru Predstavljamo vam na\u0161 katalog hotelskog sme\u0161taja u Baru. Klikom na \u017eeljeni objekat bi\u0107ete preusmereni na veb sajt na\u0161eg ofisa u Budvi. Rezervacije mo\u017eete da izvr\u0161ite i kod nas tj. kod ofisa u Beogradu. HOTEL PRINCESS BEACH &amp; CONFERENCE RESORT 4* Hotel \u201ePrincess\u201c raspola\u017ee sa 135 soba, od toga su: 72 povezane sobe,...","og_url":"https:\/\/www.rtours.rs\/sr\/hoteli-u-baru\/","og_site_name":"R-TOURS","article_modified_time":"2017-02-01T10:38:41+00:00","og_image":[{"url":"http:\/\/rtours.me\/cg\/wp-content\/uploads\/2016\/01\/princess8-150x100.jpg"}],"twitter_card":"summary_large_image","schema":{"@context":"https:\/\/schema.org","@graph":[{"@type":"WebPage","@id":"https:\/\/www.rtours.rs\/sr\/hoteli-u-baru\/","url":"https:\/\/www.rtours.rs\/sr\/hoteli-u-baru\/","name":"Hoteli u Baru - R-TOURS","isPartOf":{"@id":"https:\/\/www.rtours.rs\/sr\/#website"},"datePublished":"2017-02-01T10:34:47+00:00","dateModified":"2017-02-01T10:38:41+00:00","breadcrumb":{"@id":"https:\/\/www.rtours.rs\/sr\/hoteli-u-baru\/#breadcrumb"},"inLanguage":"sr-RS","potentialAction":[{"@type":"ReadAction","target":["https:\/\/www.rtours.rs\/sr\/hoteli-u-baru\/"]}]},{"@type":"BreadcrumbList","@id":"https:\/\/www.rtours.rs\/sr\/hoteli-u-baru\/#breadcrumb","itemListElement":[{"@type":"ListItem","position":1,"name":"Home","item":"https:\/\/www.rtours.rs\/sr\/"},{"@type":"ListItem","position":2,"name":"Hoteli u Baru"}]},{"@type":"WebSite","@id":"https:\/\/www.rtours.rs\/sr\/#website","url":"https:\/\/www.rtours.rs\/sr\/","name":"R-TOURS","description":"Putovanja u Rusiju","potentialAction":[{"@type":"SearchAction","target":{"@type":"EntryPoint","urlTemplate":"https:\/\/www.rtours.rs\/sr\/?s={search_term_string}"},"query-input":"required name=search_term_string"}],"inLanguage":"sr-RS"}]}},"_links":{"self":[{"href":"https:\/\/www.rtours.rs\/sr\/wp-json\/wp\/v2\/pages\/739"}],"collection":[{"href":"https:\/\/www.rtours.rs\/sr\/wp-json\/wp\/v2\/pages"}],"about":[{"href":"https:\/\/www.rtours.rs\/sr\/wp-json\/wp\/v2\/types\/page"}],"author":[{"embeddable":true,"href":"https:\/\/www.rtours.rs\/sr\/wp-json\/wp\/v2\/users\/1"}],"replies":[{"embeddable":true,"href":"https:\/\/www.rtours.rs\/sr\/wp-json\/wp\/v2\/comments?post=739"}],"version-history":[{"count":3,"href":"https:\/\/www.rtours.rs\/sr\/wp-json\/wp\/v2\/pages\/739\/revisions"}],"predecessor-version":[{"id":742,"href":"https:\/\/www.rtours.rs\/sr\/wp-json\/wp\/v2\/pages\/739\/revisions\/742"}],"wp:attachment":[{"href":"https:\/\/www.rtours.rs\/sr\/wp-json\/wp\/v2\/media?parent=739"}],"curies":[{"name":"wp","href":"https:\/\/api.w.org\/{rel}","templated":true}]}}